{"id":98,"date":"2016-08-23T15:06:11","date_gmt":"2016-08-23T13:06:11","guid":{"rendered":"http:\/\/handbuch.sdigroup.de\/hdm\/?page_id=98"},"modified":"2020-11-02T11:54:52","modified_gmt":"2020-11-02T10:54:52","slug":"8-14-jahresstatistik","status":"publish","type":"page","link":"https:\/\/handbuch.sdigroup.de\/hdm\/index.php\/8-14-jahresstatistik\/","title":{"rendered":"8.12.Jahresstatistik"},"content":{"rendered":"<p align=\"CENTER\"><span style=\"font-size: x-large;\"><b>12. Monats- \/ Jahresstatistik<\/b><\/span><\/p>\n<p>W\u00e4hlen Sie folgende Schritte<\/p>\n<ol>\n<li>Links in der Hauptnavigation auf &#8222;<b>Statistik&#8220;<\/b><\/li>\n<li>Die Frage: <strong>&#8222;M\u00f6chten Sie die Statistik \u00f6ffnen?&#8220;<\/strong>\u00a0mit <strong>&#8222;JA&#8220;<\/strong> beantworten.<\/li>\n<li>W\u00e4hlen Sie &#8222;<strong>Monats- oder Jahresstatistik&#8220;.<\/strong><\/li>\n<li>Gehen Sie in der Tabelle auf <strong>Drucken<\/strong>.<\/li>\n<li>Klicken Sie auf &#8222;<strong>Drucken&#8220;<\/strong><\/li>\n<\/ol>\n<p><em>(Statistik wird gedruckt)<\/em><\/p>\n\n\n<p><\/p>\n","protected":false},"excerpt":{"rendered":"<p>12. Monats- \/ Jahresstatistik W\u00e4hlen Sie folgende Schritte Links in der Hauptnavigation auf &#8222;Statistik&#8220; Die Frage: &#8222;M\u00f6chten Sie die Statistik \u00f6ffnen?&#8220;\u00a0mit &#8222;JA&#8220; beantworten. W\u00e4hlen Sie &#8222;Monats- oder Jahresstatistik&#8220;. Gehen Sie in der Tabelle auf Drucken. Klicken Sie auf &#8222;Drucken&#8220; (Statistik wird gedruckt)<\/p>\n","protected":false},"author":1,"featured_media":0,"parent":0,"menu_order":0,"comment_status":"closed","ping_status":"closed","template":"","meta":{"footnotes":""},"class_list":["post-98","page","type-page","status-publish","hentry"],"_links":{"self":[{"href":"https:\/\/handbuch.sdigroup.de\/hdm\/index.php\/wp-json\/wp\/v2\/pages\/98","targetHints":{"allow":["GET"]}}],"collection":[{"href":"https:\/\/handbuch.sdigroup.de\/hdm\/index.php\/wp-json\/wp\/v2\/pages"}],"about":[{"href":"https:\/\/handbuch.sdigroup.de\/hdm\/index.php\/wp-json\/wp\/v2\/types\/page"}],"author":[{"embeddable":true,"href":"https:\/\/handbuch.sdigroup.de\/hdm\/index.php\/wp-json\/wp\/v2\/users\/1"}],"replies":[{"embeddable":true,"href":"https:\/\/handbuch.sdigroup.de\/hdm\/index.php\/wp-json\/wp\/v2\/comments?post=98"}],"version-history":[{"count":5,"href":"https:\/\/handbuch.sdigroup.de\/hdm\/index.php\/wp-json\/wp\/v2\/pages\/98\/revisions"}],"predecessor-version":[{"id":1330,"href":"https:\/\/handbuch.sdigroup.de\/hdm\/index.php\/wp-json\/wp\/v2\/pages\/98\/revisions\/1330"}],"wp:attachment":[{"href":"https:\/\/handbuch.sdigroup.de\/hdm\/index.php\/wp-json\/wp\/v2\/media?parent=98"}],"curies":[{"name":"wp","href":"https:\/\/api.w.org\/{rel}","templated":true}]}}