{"id":95,"date":"2016-08-23T15:05:21","date_gmt":"2016-08-23T13:05:21","guid":{"rendered":"http:\/\/handbuch.sdigroup.de\/hdm\/?page_id=95"},"modified":"2020-11-02T11:54:37","modified_gmt":"2020-11-02T10:54:37","slug":"8-13-bericht-tagmonatjahr","status":"publish","type":"page","link":"https:\/\/handbuch.sdigroup.de\/hdm\/index.php\/8-13-bericht-tagmonatjahr\/","title":{"rendered":"8.11.Bericht Tag\/Monat\/Jahr"},"content":{"rendered":"<p align=\"CENTER\"><span style=\"font-size: x-large;\"><b>11. Tages- \/ Monats- \/ Jahresberichte<\/b><\/span><\/p>\n<p>W\u00e4hlen Sie folgende Schritte<\/p>\n<ol>\n<li>Links in der Hauptnavigation auf &#8222;Kontrolle&#8220;<\/li>\n<li>In der Men\u00fczeile oben auf<strong> &#8222;Listen&#8220;<\/strong><\/li>\n<li><img loading=\"lazy\" decoding=\"async\" class=\"alignnone size-full wp-image-1173\" src=\"https:\/\/handbuch.sdigroup.de\/hdm\/wp-content\/uploads\/2020\/10\/Liste.png\" alt=\"\" width=\"977\" height=\"112\" srcset=\"https:\/\/handbuch.sdigroup.de\/hdm\/wp-content\/uploads\/2020\/10\/Liste.png 977w, https:\/\/handbuch.sdigroup.de\/hdm\/wp-content\/uploads\/2020\/10\/Liste-300x34.png 300w, https:\/\/handbuch.sdigroup.de\/hdm\/wp-content\/uploads\/2020\/10\/Liste-768x88.png 768w\" sizes=\"auto, (max-width: 977px) 100vw, 977px\" \/><\/li>\n<li>W\u00e4hlen Sie &#8222;<strong>Tages-, Monats- oder Jahresbericht&#8220;.<\/strong><br \/>\nAlle Rechnungen werden in Abh\u00e4ngigkeit des gew\u00e4hlten Zeitraumes gesucht.\u00a0<img loading=\"lazy\" decoding=\"async\" class=\"alignnone  wp-image-559\" src=\"https:\/\/handbuch.sdigroup.de\/hdm\/wp-content\/uploads\/2016\/08\/8.13-2.png\" alt=\"8.13 2\" width=\"716\" height=\"56\" srcset=\"https:\/\/handbuch.sdigroup.de\/hdm\/wp-content\/uploads\/2016\/08\/8.13-2.png 1205w, https:\/\/handbuch.sdigroup.de\/hdm\/wp-content\/uploads\/2016\/08\/8.13-2-300x24.png 300w, https:\/\/handbuch.sdigroup.de\/hdm\/wp-content\/uploads\/2016\/08\/8.13-2-768x61.png 768w, https:\/\/handbuch.sdigroup.de\/hdm\/wp-content\/uploads\/2016\/08\/8.13-2-1024x81.png 1024w\" sizes=\"auto, (max-width: 716px) 100vw, 716px\" \/><\/li>\n<li>Gehen Sie in die <strong>Tabelle.<\/strong><\/li>\n<li>W\u00e4hlen Sie den entsprechenden Bericht.<\/li>\n<\/ol>\n","protected":false},"excerpt":{"rendered":"<p>11. Tages- \/ Monats- \/ Jahresberichte W\u00e4hlen Sie folgende Schritte Links in der Hauptnavigation auf &#8222;Kontrolle&#8220; In der Men\u00fczeile oben auf &#8222;Listen&#8220; W\u00e4hlen Sie &#8222;Tages-, Monats- oder Jahresbericht&#8220;. Alle Rechnungen werden in Abh\u00e4ngigkeit des gew\u00e4hlten Zeitraumes gesucht.\u00a0 Gehen Sie in die Tabelle. W\u00e4hlen Sie den entsprechenden Bericht.<\/p>\n","protected":false},"author":1,"featured_media":0,"parent":0,"menu_order":0,"comment_status":"closed","ping_status":"closed","template":"","meta":{"footnotes":""},"class_list":["post-95","page","type-page","status-publish","hentry"],"_links":{"self":[{"href":"https:\/\/handbuch.sdigroup.de\/hdm\/index.php\/wp-json\/wp\/v2\/pages\/95","targetHints":{"allow":["GET"]}}],"collection":[{"href":"https:\/\/handbuch.sdigroup.de\/hdm\/index.php\/wp-json\/wp\/v2\/pages"}],"about":[{"href":"https:\/\/handbuch.sdigroup.de\/hdm\/index.php\/wp-json\/wp\/v2\/types\/page"}],"author":[{"embeddable":true,"href":"https:\/\/handbuch.sdigroup.de\/hdm\/index.php\/wp-json\/wp\/v2\/users\/1"}],"replies":[{"embeddable":true,"href":"https:\/\/handbuch.sdigroup.de\/hdm\/index.php\/wp-json\/wp\/v2\/comments?post=95"}],"version-history":[{"count":7,"href":"https:\/\/handbuch.sdigroup.de\/hdm\/index.php\/wp-json\/wp\/v2\/pages\/95\/revisions"}],"predecessor-version":[{"id":1329,"href":"https:\/\/handbuch.sdigroup.de\/hdm\/index.php\/wp-json\/wp\/v2\/pages\/95\/revisions\/1329"}],"wp:attachment":[{"href":"https:\/\/handbuch.sdigroup.de\/hdm\/index.php\/wp-json\/wp\/v2\/media?parent=95"}],"curies":[{"name":"wp","href":"https:\/\/api.w.org\/{rel}","templated":true}]}}