{"id":93,"date":"2016-08-23T15:04:47","date_gmt":"2016-08-23T13:04:47","guid":{"rendered":"http:\/\/handbuch.sdigroup.de\/hdm\/?page_id=93"},"modified":"2020-11-02T11:54:21","modified_gmt":"2020-11-02T10:54:21","slug":"8-12-zugangsliste","status":"publish","type":"page","link":"https:\/\/handbuch.sdigroup.de\/hdm\/index.php\/8-12-zugangsliste\/","title":{"rendered":"8.10.Zugangsliste"},"content":{"rendered":"<p align=\"CENTER\"><span style=\"font-size: x-large;\"><b>10. Zugangsliste \u00fcber Lager &#8211; Protokoll<\/b><\/span><\/p>\n<p>Wareneingang f\u00fcr das entsprechende Datum oder die entsprechende Lieferschein-Nummer ausdrucken:<\/p>\n<p>W\u00e4hlen Sie folgende Schritte<\/p>\n<ol>\n<li>Links in der Hauptnavigation auf <strong>&#8222;Protokoll&#8220;<\/strong><\/li>\n<li>Oben in der Men\u00fczeile <strong>&#8222;Suchen&#8220;<\/strong> \/ Schaltfl\u00e4che <strong>&#8222;F8&#8220;<\/strong><\/li>\n<li>In der Men\u00fczeile auf <strong>&#8222;Liste&#8220;<\/strong><\/li>\n<li>In dem Tabellenmen\u00fc <b>Drucken<\/b> w\u00e4hlen<\/li>\n<li><b>&#8222;Zugangsliste&#8220;<\/b> ausw\u00e4hlen<\/li>\n<\/ol>\n<p><i>(<\/i><i>Zugangsliste wird gedruckt)<\/i><\/p>\n","protected":false},"excerpt":{"rendered":"<p>10. Zugangsliste \u00fcber Lager &#8211; Protokoll Wareneingang f\u00fcr das entsprechende Datum oder die entsprechende Lieferschein-Nummer ausdrucken: W\u00e4hlen Sie folgende Schritte Links in der Hauptnavigation auf &#8222;Protokoll&#8220; Oben in der Men\u00fczeile &#8222;Suchen&#8220; \/ Schaltfl\u00e4che &#8222;F8&#8220; In der Men\u00fczeile auf &#8222;Liste&#8220; In dem Tabellenmen\u00fc Drucken w\u00e4hlen &#8222;Zugangsliste&#8220; ausw\u00e4hlen (Zugangsliste wird gedruckt)<\/p>\n","protected":false},"author":1,"featured_media":0,"parent":0,"menu_order":0,"comment_status":"closed","ping_status":"closed","template":"","meta":{"footnotes":""},"class_list":["post-93","page","type-page","status-publish","hentry"],"_links":{"self":[{"href":"https:\/\/handbuch.sdigroup.de\/hdm\/index.php\/wp-json\/wp\/v2\/pages\/93","targetHints":{"allow":["GET"]}}],"collection":[{"href":"https:\/\/handbuch.sdigroup.de\/hdm\/index.php\/wp-json\/wp\/v2\/pages"}],"about":[{"href":"https:\/\/handbuch.sdigroup.de\/hdm\/index.php\/wp-json\/wp\/v2\/types\/page"}],"author":[{"embeddable":true,"href":"https:\/\/handbuch.sdigroup.de\/hdm\/index.php\/wp-json\/wp\/v2\/users\/1"}],"replies":[{"embeddable":true,"href":"https:\/\/handbuch.sdigroup.de\/hdm\/index.php\/wp-json\/wp\/v2\/comments?post=93"}],"version-history":[{"count":5,"href":"https:\/\/handbuch.sdigroup.de\/hdm\/index.php\/wp-json\/wp\/v2\/pages\/93\/revisions"}],"predecessor-version":[{"id":1328,"href":"https:\/\/handbuch.sdigroup.de\/hdm\/index.php\/wp-json\/wp\/v2\/pages\/93\/revisions\/1328"}],"wp:attachment":[{"href":"https:\/\/handbuch.sdigroup.de\/hdm\/index.php\/wp-json\/wp\/v2\/media?parent=93"}],"curies":[{"name":"wp","href":"https:\/\/api.w.org\/{rel}","templated":true}]}}