{"id":91,"date":"2016-08-23T15:04:15","date_gmt":"2016-08-23T13:04:15","guid":{"rendered":"http:\/\/handbuch.sdigroup.de\/hdm\/?page_id=91"},"modified":"2020-11-02T11:54:04","modified_gmt":"2020-11-02T10:54:04","slug":"8-11-gesamt-zugang","status":"publish","type":"page","link":"https:\/\/handbuch.sdigroup.de\/hdm\/index.php\/8-11-gesamt-zugang\/","title":{"rendered":"8.9.Gesamt Zugang"},"content":{"rendered":"<p align=\"CENTER\"><span style=\"font-size: x-large;\"><b>9. Zugangsliste \u00fcber Artikel \/ Lager &#8211; Verwaltung<\/b><\/span><\/p>\n<p>Gesamte Zugang(Wareneingang) bis heute<\/p>\n<p>W\u00e4hlen Sie folgende Schritte<\/p>\n<ol>\n<li>In der Hauptnavigation links auf <strong>&#8222;Lager&#8220;<\/strong><\/li>\n<li>Oben in der Men\u00fczeile auf <strong>&#8222;Suchen&#8220;<\/strong> oder Schaltfl\u00e4che <strong>&#8222;F8&#8220;\u00a0<\/strong><\/li>\n<li>In der Men\u00fczeile auf <strong>&#8222;Liste&#8220;<\/strong><\/li>\n<li>In dem Tabellenmen\u00fc <b>Drucken<\/b> w\u00e4hlen<\/li>\n<li><b>&#8222;Zugangsliste&#8220;<\/b> ausw\u00e4hlen<\/li>\n<\/ol>\n<p><i>(Zugangsliste wird gedruckt)<\/i><\/p>\n","protected":false},"excerpt":{"rendered":"<p>9. Zugangsliste \u00fcber Artikel \/ Lager &#8211; Verwaltung Gesamte Zugang(Wareneingang) bis heute W\u00e4hlen Sie folgende Schritte In der Hauptnavigation links auf &#8222;Lager&#8220; Oben in der Men\u00fczeile auf &#8222;Suchen&#8220; oder Schaltfl\u00e4che &#8222;F8&#8220;\u00a0 In der Men\u00fczeile auf &#8222;Liste&#8220; In dem Tabellenmen\u00fc Drucken w\u00e4hlen &#8222;Zugangsliste&#8220; ausw\u00e4hlen (Zugangsliste wird gedruckt)<\/p>\n","protected":false},"author":1,"featured_media":0,"parent":0,"menu_order":0,"comment_status":"closed","ping_status":"closed","template":"","meta":{"footnotes":""},"class_list":["post-91","page","type-page","status-publish","hentry"],"_links":{"self":[{"href":"https:\/\/handbuch.sdigroup.de\/hdm\/index.php\/wp-json\/wp\/v2\/pages\/91","targetHints":{"allow":["GET"]}}],"collection":[{"href":"https:\/\/handbuch.sdigroup.de\/hdm\/index.php\/wp-json\/wp\/v2\/pages"}],"about":[{"href":"https:\/\/handbuch.sdigroup.de\/hdm\/index.php\/wp-json\/wp\/v2\/types\/page"}],"author":[{"embeddable":true,"href":"https:\/\/handbuch.sdigroup.de\/hdm\/index.php\/wp-json\/wp\/v2\/users\/1"}],"replies":[{"embeddable":true,"href":"https:\/\/handbuch.sdigroup.de\/hdm\/index.php\/wp-json\/wp\/v2\/comments?post=91"}],"version-history":[{"count":9,"href":"https:\/\/handbuch.sdigroup.de\/hdm\/index.php\/wp-json\/wp\/v2\/pages\/91\/revisions"}],"predecessor-version":[{"id":1327,"href":"https:\/\/handbuch.sdigroup.de\/hdm\/index.php\/wp-json\/wp\/v2\/pages\/91\/revisions\/1327"}],"wp:attachment":[{"href":"https:\/\/handbuch.sdigroup.de\/hdm\/index.php\/wp-json\/wp\/v2\/media?parent=91"}],"curies":[{"name":"wp","href":"https:\/\/api.w.org\/{rel}","templated":true}]}}