{"id":87,"date":"2016-08-23T15:03:11","date_gmt":"2016-08-23T13:03:11","guid":{"rendered":"http:\/\/handbuch.sdigroup.de\/hdm\/?page_id=87"},"modified":"2020-11-02T11:53:34","modified_gmt":"2020-11-02T10:53:34","slug":"8-9-stueckliste","status":"publish","type":"page","link":"https:\/\/handbuch.sdigroup.de\/hdm\/index.php\/8-9-stueckliste\/","title":{"rendered":"8.7.St\u00fcckliste"},"content":{"rendered":"<p align=\"CENTER\"><span style=\"font-size: x-large;\"><b>7. St\u00fcckliste<\/b><\/span><\/p>\n<p>Abg\u00e4nge &amp; Zug\u00e4nge je Gr\u00f6\u00dfe<\/p>\n<p>W\u00e4hlen Sie folgende Schritte<\/p>\n<ol>\n<li>In der Hauptnavigation links auf <strong>&#8222;Lager&#8220;<\/strong><\/li>\n<li>Oben in der Men\u00fcleiste auf <strong>&#8222;Suchen&#8220;<\/strong> oder Schaltfl\u00e4che <strong>&#8222;F8&#8220;<\/strong><\/li>\n<li>In der Men\u00fcleiste auf <strong>&#8222;Liste&#8220;<\/strong><\/li>\n<li>In dem Tabellenmen\u00fc <b>Drucken<\/b> w\u00e4hlen<\/li>\n<li><b>&#8222;St\u00fcckliste \/ Lagerstatistik&#8220; <\/b>ausw\u00e4hlen<\/li>\n<\/ol>\n<p><i>(St\u00fcckliste\u00a0wird gedruckt)<\/i><\/p>\n","protected":false},"excerpt":{"rendered":"<p>7. St\u00fcckliste Abg\u00e4nge &amp; Zug\u00e4nge je Gr\u00f6\u00dfe W\u00e4hlen Sie folgende Schritte In der Hauptnavigation links auf &#8222;Lager&#8220; Oben in der Men\u00fcleiste auf &#8222;Suchen&#8220; oder Schaltfl\u00e4che &#8222;F8&#8220; In der Men\u00fcleiste auf &#8222;Liste&#8220; In dem Tabellenmen\u00fc Drucken w\u00e4hlen &#8222;St\u00fcckliste \/ Lagerstatistik&#8220; ausw\u00e4hlen (St\u00fcckliste\u00a0wird gedruckt)<\/p>\n","protected":false},"author":1,"featured_media":0,"parent":0,"menu_order":0,"comment_status":"closed","ping_status":"closed","template":"","meta":{"footnotes":""},"class_list":["post-87","page","type-page","status-publish","hentry"],"_links":{"self":[{"href":"https:\/\/handbuch.sdigroup.de\/hdm\/index.php\/wp-json\/wp\/v2\/pages\/87","targetHints":{"allow":["GET"]}}],"collection":[{"href":"https:\/\/handbuch.sdigroup.de\/hdm\/index.php\/wp-json\/wp\/v2\/pages"}],"about":[{"href":"https:\/\/handbuch.sdigroup.de\/hdm\/index.php\/wp-json\/wp\/v2\/types\/page"}],"author":[{"embeddable":true,"href":"https:\/\/handbuch.sdigroup.de\/hdm\/index.php\/wp-json\/wp\/v2\/users\/1"}],"replies":[{"embeddable":true,"href":"https:\/\/handbuch.sdigroup.de\/hdm\/index.php\/wp-json\/wp\/v2\/comments?post=87"}],"version-history":[{"count":6,"href":"https:\/\/handbuch.sdigroup.de\/hdm\/index.php\/wp-json\/wp\/v2\/pages\/87\/revisions"}],"predecessor-version":[{"id":1325,"href":"https:\/\/handbuch.sdigroup.de\/hdm\/index.php\/wp-json\/wp\/v2\/pages\/87\/revisions\/1325"}],"wp:attachment":[{"href":"https:\/\/handbuch.sdigroup.de\/hdm\/index.php\/wp-json\/wp\/v2\/media?parent=87"}],"curies":[{"name":"wp","href":"https:\/\/api.w.org\/{rel}","templated":true}]}}