{"id":82,"date":"2016-08-23T14:59:18","date_gmt":"2016-08-23T12:59:18","guid":{"rendered":"http:\/\/handbuch.sdigroup.de\/hdm\/?page_id=82"},"modified":"2020-11-02T11:53:04","modified_gmt":"2020-11-02T10:53:04","slug":"8-7-lagerliste","status":"publish","type":"page","link":"https:\/\/handbuch.sdigroup.de\/hdm\/index.php\/8-7-lagerliste\/","title":{"rendered":"8.5.Lagerliste"},"content":{"rendered":"<p align=\"CENTER\"><span style=\"font-size: x-large;\"><b>LAGERMODUL<\/b><\/span><\/p>\n<p align=\"CENTER\"><span style=\"font-size: x-large;\"><b>5<a title=\"\" name=\"l26\"><\/a>. Lagerliste als Tabelle<\/b><\/span><\/p>\n<p>W\u00e4hlen Sie folgende Schritte<\/p>\n<ol>\n<li>In der Hauptnavigation links auf <strong>&#8222;Lager&#8220;<\/strong><\/li>\n<li>Oben in der Men\u00fcleiste auf <strong>&#8222;Suchen&#8220;<\/strong> oder Schaltfl\u00e4che <strong>&#8222;F8&#8220;.<\/strong><\/li>\n<li>In der Men\u00fcleiste auf <strong>&#8222;Liste&#8220;<\/strong><\/li>\n<li>In dem Tabellenmen\u00fc <b>Drucken<\/b> w\u00e4hlen<\/li>\n<li><b>&#8222;Liste&#8220; <\/b>oder Schaltfl\u00e4che<b> &#8222;F4&#8220;<\/b>\u00a0ausw\u00e4hlen<\/li>\n<\/ol>\n<p><i>(Lagerliste wird als Tabelle gedruckt)<\/i><\/p>\n","protected":false},"excerpt":{"rendered":"<p>LAGERMODUL 5. Lagerliste als Tabelle W\u00e4hlen Sie folgende Schritte In der Hauptnavigation links auf &#8222;Lager&#8220; Oben in der Men\u00fcleiste auf &#8222;Suchen&#8220; oder Schaltfl\u00e4che &#8222;F8&#8220;. In der Men\u00fcleiste auf &#8222;Liste&#8220; In dem Tabellenmen\u00fc Drucken w\u00e4hlen &#8222;Liste&#8220; oder Schaltfl\u00e4che &#8222;F4&#8220;\u00a0ausw\u00e4hlen (Lagerliste wird als Tabelle gedruckt)<\/p>\n","protected":false},"author":1,"featured_media":0,"parent":0,"menu_order":0,"comment_status":"closed","ping_status":"closed","template":"","meta":{"footnotes":""},"class_list":["post-82","page","type-page","status-publish","hentry"],"_links":{"self":[{"href":"https:\/\/handbuch.sdigroup.de\/hdm\/index.php\/wp-json\/wp\/v2\/pages\/82","targetHints":{"allow":["GET"]}}],"collection":[{"href":"https:\/\/handbuch.sdigroup.de\/hdm\/index.php\/wp-json\/wp\/v2\/pages"}],"about":[{"href":"https:\/\/handbuch.sdigroup.de\/hdm\/index.php\/wp-json\/wp\/v2\/types\/page"}],"author":[{"embeddable":true,"href":"https:\/\/handbuch.sdigroup.de\/hdm\/index.php\/wp-json\/wp\/v2\/users\/1"}],"replies":[{"embeddable":true,"href":"https:\/\/handbuch.sdigroup.de\/hdm\/index.php\/wp-json\/wp\/v2\/comments?post=82"}],"version-history":[{"count":5,"href":"https:\/\/handbuch.sdigroup.de\/hdm\/index.php\/wp-json\/wp\/v2\/pages\/82\/revisions"}],"predecessor-version":[{"id":1323,"href":"https:\/\/handbuch.sdigroup.de\/hdm\/index.php\/wp-json\/wp\/v2\/pages\/82\/revisions\/1323"}],"wp:attachment":[{"href":"https:\/\/handbuch.sdigroup.de\/hdm\/index.php\/wp-json\/wp\/v2\/media?parent=82"}],"curies":[{"name":"wp","href":"https:\/\/api.w.org\/{rel}","templated":true}]}}