{"id":80,"date":"2016-08-23T14:58:28","date_gmt":"2016-08-23T12:58:28","guid":{"rendered":"http:\/\/handbuch.sdigroup.de\/hdm\/?page_id=80"},"modified":"2020-11-02T11:52:45","modified_gmt":"2020-11-02T10:52:45","slug":"8-6-lieferantenliste","status":"publish","type":"page","link":"https:\/\/handbuch.sdigroup.de\/hdm\/index.php\/8-6-lieferantenliste\/","title":{"rendered":"8.4.Lieferantenliste"},"content":{"rendered":"<p align=\"CENTER\"><span style=\"font-size: x-large;\"><b>4. Lieferantenliste als Tabelle<\/b><\/span><\/p>\n<p>W\u00e4hlen Sie folgende Schritte<\/p>\n<ol>\n<li>In der Hauptnavigation links auf <strong>&#8222;Lieferanten&#8220;<\/strong><\/li>\n<li>Oben in der Men\u00fcleiste <strong>&#8222;Suchen&#8220;<\/strong> oder Schaltfl\u00e4che <strong>&#8222;F8&#8220;<\/strong><\/li>\n<li>In der Men\u00fcleiste auf <strong>&#8222;Liste&#8220;<\/strong><\/li>\n<li>In dem Tabellenmen\u00fc <b>Drucken<\/b> w\u00e4hlen<\/li>\n<li><b>&#8222;Liste&#8220;<\/b>\u00a0ausw\u00e4hlen<\/li>\n<\/ol>\n<p><i>(Lieferantenliste wird gedruckt)<\/i><\/p>\n","protected":false},"excerpt":{"rendered":"<p>4. Lieferantenliste als Tabelle W\u00e4hlen Sie folgende Schritte In der Hauptnavigation links auf &#8222;Lieferanten&#8220; Oben in der Men\u00fcleiste &#8222;Suchen&#8220; oder Schaltfl\u00e4che &#8222;F8&#8220; In der Men\u00fcleiste auf &#8222;Liste&#8220; In dem Tabellenmen\u00fc Drucken w\u00e4hlen &#8222;Liste&#8220;\u00a0ausw\u00e4hlen (Lieferantenliste wird gedruckt)<\/p>\n","protected":false},"author":1,"featured_media":0,"parent":0,"menu_order":0,"comment_status":"closed","ping_status":"closed","template":"","meta":{"footnotes":""},"class_list":["post-80","page","type-page","status-publish","hentry"],"_links":{"self":[{"href":"https:\/\/handbuch.sdigroup.de\/hdm\/index.php\/wp-json\/wp\/v2\/pages\/80","targetHints":{"allow":["GET"]}}],"collection":[{"href":"https:\/\/handbuch.sdigroup.de\/hdm\/index.php\/wp-json\/wp\/v2\/pages"}],"about":[{"href":"https:\/\/handbuch.sdigroup.de\/hdm\/index.php\/wp-json\/wp\/v2\/types\/page"}],"author":[{"embeddable":true,"href":"https:\/\/handbuch.sdigroup.de\/hdm\/index.php\/wp-json\/wp\/v2\/users\/1"}],"replies":[{"embeddable":true,"href":"https:\/\/handbuch.sdigroup.de\/hdm\/index.php\/wp-json\/wp\/v2\/comments?post=80"}],"version-history":[{"count":7,"href":"https:\/\/handbuch.sdigroup.de\/hdm\/index.php\/wp-json\/wp\/v2\/pages\/80\/revisions"}],"predecessor-version":[{"id":1322,"href":"https:\/\/handbuch.sdigroup.de\/hdm\/index.php\/wp-json\/wp\/v2\/pages\/80\/revisions\/1322"}],"wp:attachment":[{"href":"https:\/\/handbuch.sdigroup.de\/hdm\/index.php\/wp-json\/wp\/v2\/media?parent=80"}],"curies":[{"name":"wp","href":"https:\/\/api.w.org\/{rel}","templated":true}]}}