{"id":8,"date":"2016-08-23T10:42:12","date_gmt":"2016-08-23T08:42:12","guid":{"rendered":"http:\/\/handbuch.sdigroup.de\/hdm\/?page_id=8"},"modified":"2021-08-17T15:58:37","modified_gmt":"2021-08-17T13:58:37","slug":"vorwort","status":"publish","type":"page","link":"https:\/\/handbuch.sdigroup.de\/hdm\/index.php\/vorwort\/","title":{"rendered":"1.1.Vorwort"},"content":{"rendered":"<p align=\"CENTER\"><span style=\"font-family: Arial, sans-serif;\"><span style=\"font-size: x-large;\"><b>Vorwort<\/b><\/span><\/span><\/p>\n<p><span style=\"font-family: Arial, sans-serif;\">Vielen Dank f\u00fcr das Vertrauen, das Sie uns mit dem Erwerb dieses Programms entgegengebracht haben.<\/span><\/p>\n<p><span style=\"font-family: Arial, sans-serif;\">Unz\u00e4hlige Arbeitsstunden und manch lange Nacht wurden in die Entwicklung dieses Produkts investiert. Nach ersten Testphasen hat sich herausgestellt, dass selbst Mitarbeiter ohne EDV-Kenntnisse innerhalb kurzer Einarbeitungszeit dieses Programm ohne ein Handbuch bedienen k\u00f6nnen.<\/span><\/p>\n<p><span style=\"font-family: Arial, sans-serif;\">Die Funktionalit\u00e4t und die M\u00f6glichkeit kundenspezifische W\u00fcnsche in das Produkt mit einzubauen, zeichnen das Programm aus.<\/span><\/p>\n<p><span style=\"font-family: Arial, sans-serif;\">Wir hoffen, dass das Programm Ihren Beifall findet, und freuen uns auf weitere Anregungen und Verbesserungsvorschl\u00e4ge.<\/span><\/p>\n<p><span style=\"font-family: Arial, sans-serif;\">Wir haben uns Qualit\u00e4t als h\u00f6chstes Ziel gesetzt und werden weiterhin alles tun, eine leistungsstarke und hochwertige Software zu liefern.<\/span><\/p>\n","protected":false},"excerpt":{"rendered":"<p>Vorwort Vielen Dank f\u00fcr das Vertrauen, das Sie uns mit dem Erwerb dieses Programms entgegengebracht haben. Unz\u00e4hlige Arbeitsstunden und manch lange Nacht wurden in die Entwicklung dieses Produkts investiert. Nach ersten Testphasen hat sich herausgestellt, dass selbst Mitarbeiter ohne EDV-Kenntnisse innerhalb kurzer Einarbeitungszeit dieses Programm ohne ein Handbuch bedienen k\u00f6nnen. Die Funktionalit\u00e4t und die M\u00f6glichkeit [&hellip;]<\/p>\n","protected":false},"author":1,"featured_media":0,"parent":0,"menu_order":0,"comment_status":"closed","ping_status":"closed","template":"","meta":{"footnotes":""},"class_list":["post-8","page","type-page","status-publish","hentry"],"_links":{"self":[{"href":"https:\/\/handbuch.sdigroup.de\/hdm\/index.php\/wp-json\/wp\/v2\/pages\/8","targetHints":{"allow":["GET"]}}],"collection":[{"href":"https:\/\/handbuch.sdigroup.de\/hdm\/index.php\/wp-json\/wp\/v2\/pages"}],"about":[{"href":"https:\/\/handbuch.sdigroup.de\/hdm\/index.php\/wp-json\/wp\/v2\/types\/page"}],"author":[{"embeddable":true,"href":"https:\/\/handbuch.sdigroup.de\/hdm\/index.php\/wp-json\/wp\/v2\/users\/1"}],"replies":[{"embeddable":true,"href":"https:\/\/handbuch.sdigroup.de\/hdm\/index.php\/wp-json\/wp\/v2\/comments?post=8"}],"version-history":[{"count":4,"href":"https:\/\/handbuch.sdigroup.de\/hdm\/index.php\/wp-json\/wp\/v2\/pages\/8\/revisions"}],"predecessor-version":[{"id":1361,"href":"https:\/\/handbuch.sdigroup.de\/hdm\/index.php\/wp-json\/wp\/v2\/pages\/8\/revisions\/1361"}],"wp:attachment":[{"href":"https:\/\/handbuch.sdigroup.de\/hdm\/index.php\/wp-json\/wp\/v2\/media?parent=8"}],"curies":[{"name":"wp","href":"https:\/\/api.w.org\/{rel}","templated":true}]}}