{"id":75,"date":"2016-08-23T14:57:02","date_gmt":"2016-08-23T12:57:02","guid":{"rendered":"http:\/\/handbuch.sdigroup.de\/hdm\/?page_id=75"},"modified":"2020-11-02T11:52:30","modified_gmt":"2020-11-02T10:52:30","slug":"8-4-kundenkarte","status":"publish","type":"page","link":"https:\/\/handbuch.sdigroup.de\/hdm\/index.php\/8-4-kundenkarte\/","title":{"rendered":"8.3.Kundenkarte"},"content":{"rendered":"<p align=\"CENTER\"><span style=\"font-family: Arial, sans-serif;\"><span style=\"font-size: x-large;\"><b>3. Kundenkarte(n)<\/b><\/span><\/span><\/p>\n<p>W\u00e4hlen Sie folgende Schritte<\/p>\n<ol>\n<li>Links in der Hauptnavigation auf <strong>&#8222;Kunden&#8220;<\/strong><\/li>\n<li>Oben in der Men\u00fcleist <strong>&#8222;Suchen&#8220;<\/strong> oder Schaltfl\u00e4che<strong> &#8222;F8&#8220;.<\/strong><\/li>\n<li>In der Men\u00fcleiste auf <strong>&#8222;Liste&#8220;<\/strong><\/li>\n<li>In dem Tabellenmen\u00fc &#8222;<b>Drucken&#8220;<\/b> w\u00e4hlen<\/li>\n<li><b>&#8222;Kundenkarten&#8220;<\/b> ausw\u00e4hlen<\/li>\n<\/ol>\n<p><i>(Kundenkarten werden gedruckt)<\/i><\/p>\n","protected":false},"excerpt":{"rendered":"<p>3. Kundenkarte(n) W\u00e4hlen Sie folgende Schritte Links in der Hauptnavigation auf &#8222;Kunden&#8220; Oben in der Men\u00fcleist &#8222;Suchen&#8220; oder Schaltfl\u00e4che &#8222;F8&#8220;. In der Men\u00fcleiste auf &#8222;Liste&#8220; In dem Tabellenmen\u00fc &#8222;Drucken&#8220; w\u00e4hlen &#8222;Kundenkarten&#8220; ausw\u00e4hlen (Kundenkarten werden gedruckt)<\/p>\n","protected":false},"author":1,"featured_media":0,"parent":0,"menu_order":0,"comment_status":"closed","ping_status":"closed","template":"","meta":{"footnotes":""},"class_list":["post-75","page","type-page","status-publish","hentry"],"_links":{"self":[{"href":"https:\/\/handbuch.sdigroup.de\/hdm\/index.php\/wp-json\/wp\/v2\/pages\/75","targetHints":{"allow":["GET"]}}],"collection":[{"href":"https:\/\/handbuch.sdigroup.de\/hdm\/index.php\/wp-json\/wp\/v2\/pages"}],"about":[{"href":"https:\/\/handbuch.sdigroup.de\/hdm\/index.php\/wp-json\/wp\/v2\/types\/page"}],"author":[{"embeddable":true,"href":"https:\/\/handbuch.sdigroup.de\/hdm\/index.php\/wp-json\/wp\/v2\/users\/1"}],"replies":[{"embeddable":true,"href":"https:\/\/handbuch.sdigroup.de\/hdm\/index.php\/wp-json\/wp\/v2\/comments?post=75"}],"version-history":[{"count":4,"href":"https:\/\/handbuch.sdigroup.de\/hdm\/index.php\/wp-json\/wp\/v2\/pages\/75\/revisions"}],"predecessor-version":[{"id":1321,"href":"https:\/\/handbuch.sdigroup.de\/hdm\/index.php\/wp-json\/wp\/v2\/pages\/75\/revisions\/1321"}],"wp:attachment":[{"href":"https:\/\/handbuch.sdigroup.de\/hdm\/index.php\/wp-json\/wp\/v2\/media?parent=75"}],"curies":[{"name":"wp","href":"https:\/\/api.w.org\/{rel}","templated":true}]}}