{"id":73,"date":"2016-08-23T14:51:16","date_gmt":"2016-08-23T12:51:16","guid":{"rendered":"http:\/\/handbuch.sdigroup.de\/hdm\/?page_id=73"},"modified":"2020-11-02T11:52:19","modified_gmt":"2020-11-02T10:52:19","slug":"8-3-adressenliste","status":"publish","type":"page","link":"https:\/\/handbuch.sdigroup.de\/hdm\/index.php\/8-3-adressenliste\/","title":{"rendered":"8.2.Adressenliste"},"content":{"rendered":"<p align=\"CENTER\"><span style=\"font-family: Arial, sans-serif;\"><span style=\"font-size: x-large;\"><b>2. Adressetiketten Format 1 oder Format 2<\/b><\/span><\/span><\/p>\n<p>W\u00e4hlen Sie folgende Schritte<\/p>\n<ol>\n<li>In der Hauptnavigation links auf <strong>&#8222;Kunden&#8220;<\/strong><\/li>\n<li>Oben in der Men\u00fcleiste auf <strong>&#8222;Suchen&#8220;<\/strong> oder Schaltfl\u00e4che <strong>&#8222;F8&#8220;<\/strong>.<\/li>\n<li>In der Men\u00fcleiste auf <strong>&#8222;Liste&#8220;&nbsp;<\/strong><\/li>\n<li>In dem Tabellenmen\u00fc &#8222;<b>Drucken&#8220;<\/b> w\u00e4hlen<\/li>\n<li><b>&#8222;Adressetikett Format 1&#8220;<\/b> oder &#8222;<b>Format 2&#8243;<\/b> ausw\u00e4hlen<\/li>\n<\/ol>\n<p><i>(Adressetiketten werden gedruckt)<\/i><\/p>\n","protected":false},"excerpt":{"rendered":"<p>2. Adressetiketten Format 1 oder Format 2 W\u00e4hlen Sie folgende Schritte In der Hauptnavigation links auf &#8222;Kunden&#8220; Oben in der Men\u00fcleiste auf &#8222;Suchen&#8220; oder Schaltfl\u00e4che &#8222;F8&#8220;. In der Men\u00fcleiste auf &#8222;Liste&#8220;&nbsp; In dem Tabellenmen\u00fc &#8222;Drucken&#8220; w\u00e4hlen &#8222;Adressetikett Format 1&#8220; oder &#8222;Format 2&#8243; ausw\u00e4hlen (Adressetiketten werden gedruckt)<\/p>\n","protected":false},"author":1,"featured_media":0,"parent":0,"menu_order":0,"comment_status":"closed","ping_status":"closed","template":"","meta":{"footnotes":""},"class_list":["post-73","page","type-page","status-publish","hentry"],"_links":{"self":[{"href":"https:\/\/handbuch.sdigroup.de\/hdm\/index.php\/wp-json\/wp\/v2\/pages\/73","targetHints":{"allow":["GET"]}}],"collection":[{"href":"https:\/\/handbuch.sdigroup.de\/hdm\/index.php\/wp-json\/wp\/v2\/pages"}],"about":[{"href":"https:\/\/handbuch.sdigroup.de\/hdm\/index.php\/wp-json\/wp\/v2\/types\/page"}],"author":[{"embeddable":true,"href":"https:\/\/handbuch.sdigroup.de\/hdm\/index.php\/wp-json\/wp\/v2\/users\/1"}],"replies":[{"embeddable":true,"href":"https:\/\/handbuch.sdigroup.de\/hdm\/index.php\/wp-json\/wp\/v2\/comments?post=73"}],"version-history":[{"count":5,"href":"https:\/\/handbuch.sdigroup.de\/hdm\/index.php\/wp-json\/wp\/v2\/pages\/73\/revisions"}],"predecessor-version":[{"id":1320,"href":"https:\/\/handbuch.sdigroup.de\/hdm\/index.php\/wp-json\/wp\/v2\/pages\/73\/revisions\/1320"}],"wp:attachment":[{"href":"https:\/\/handbuch.sdigroup.de\/hdm\/index.php\/wp-json\/wp\/v2\/media?parent=73"}],"curies":[{"name":"wp","href":"https:\/\/api.w.org\/{rel}","templated":true}]}}