{"id":71,"date":"2016-08-23T14:50:29","date_gmt":"2016-08-23T12:50:29","guid":{"rendered":"http:\/\/handbuch.sdigroup.de\/hdm\/?page_id=71"},"modified":"2020-11-02T11:52:08","modified_gmt":"2020-11-02T10:52:08","slug":"8-2-kundenliste","status":"publish","type":"page","link":"https:\/\/handbuch.sdigroup.de\/hdm\/index.php\/8-2-kundenliste\/","title":{"rendered":"8.1.Kundenliste"},"content":{"rendered":"<p align=\"CENTER\"><span style=\"font-size: x-large;\"><b>1. Kundenliste<\/b><\/span><\/p>\n<p>W\u00e4hlen Sie folgende Schritte<\/p>\n<ol>\n<li>Links in der Hauptnavigation auf <strong>&#8222;Kunden&#8220;.<\/strong><\/li>\n<li>Oben in der Men\u00fcleiste<strong> &#8222;Suchen&#8220;<\/strong> oder Schaltfl\u00e4che <strong>&#8222;F8&#8220;.<\/strong><\/li>\n<li>Oben in der Men\u00fcleiste <strong>&#8222;Liste&#8220;<\/strong><\/li>\n<li>In dem Tabellenmen\u00fc &#8222;<b>Drucken&#8220;<\/b> w\u00e4hlen<\/li>\n<li>Auf<strong> &#8222;Liste&#8220;<\/strong> oder Schaltfl\u00e4che<b> &#8222;F4&#8220;.<\/b><\/li>\n<\/ol>\n<p><i>(Kundenliste wird gedruckt)<\/i><\/p>\n","protected":false},"excerpt":{"rendered":"<p>1. Kundenliste W\u00e4hlen Sie folgende Schritte Links in der Hauptnavigation auf &#8222;Kunden&#8220;. Oben in der Men\u00fcleiste &#8222;Suchen&#8220; oder Schaltfl\u00e4che &#8222;F8&#8220;. Oben in der Men\u00fcleiste &#8222;Liste&#8220; In dem Tabellenmen\u00fc &#8222;Drucken&#8220; w\u00e4hlen Auf &#8222;Liste&#8220; oder Schaltfl\u00e4che &#8222;F4&#8220;. (Kundenliste wird gedruckt)<\/p>\n","protected":false},"author":1,"featured_media":0,"parent":0,"menu_order":0,"comment_status":"closed","ping_status":"closed","template":"","meta":{"footnotes":""},"class_list":["post-71","page","type-page","status-publish","hentry"],"_links":{"self":[{"href":"https:\/\/handbuch.sdigroup.de\/hdm\/index.php\/wp-json\/wp\/v2\/pages\/71","targetHints":{"allow":["GET"]}}],"collection":[{"href":"https:\/\/handbuch.sdigroup.de\/hdm\/index.php\/wp-json\/wp\/v2\/pages"}],"about":[{"href":"https:\/\/handbuch.sdigroup.de\/hdm\/index.php\/wp-json\/wp\/v2\/types\/page"}],"author":[{"embeddable":true,"href":"https:\/\/handbuch.sdigroup.de\/hdm\/index.php\/wp-json\/wp\/v2\/users\/1"}],"replies":[{"embeddable":true,"href":"https:\/\/handbuch.sdigroup.de\/hdm\/index.php\/wp-json\/wp\/v2\/comments?post=71"}],"version-history":[{"count":4,"href":"https:\/\/handbuch.sdigroup.de\/hdm\/index.php\/wp-json\/wp\/v2\/pages\/71\/revisions"}],"predecessor-version":[{"id":1319,"href":"https:\/\/handbuch.sdigroup.de\/hdm\/index.php\/wp-json\/wp\/v2\/pages\/71\/revisions\/1319"}],"wp:attachment":[{"href":"https:\/\/handbuch.sdigroup.de\/hdm\/index.php\/wp-json\/wp\/v2\/media?parent=71"}],"curies":[{"name":"wp","href":"https:\/\/api.w.org\/{rel}","templated":true}]}}