{"id":61,"date":"2016-08-23T14:46:43","date_gmt":"2016-08-23T12:46:43","guid":{"rendered":"http:\/\/handbuch.sdigroup.de\/hdm\/?page_id=61"},"modified":"2020-10-26T11:10:10","modified_gmt":"2020-10-26T10:10:10","slug":"7-1-einstellungen","status":"publish","type":"page","link":"https:\/\/handbuch.sdigroup.de\/hdm\/index.php\/7-1-einstellungen\/","title":{"rendered":"7.1.Einstellungen"},"content":{"rendered":"<p align=\"CENTER\"><span style=\"font-family: Arial, sans-serif;\"><span style=\"font-size: x-large;\"><b>Das Hauptmen\u00fc<\/b><\/span><\/span><\/p>\n<p align=\"CENTER\"><img loading=\"lazy\" decoding=\"async\" class=\"alignnone size-full wp-image-795\" src=\"https:\/\/handbuch.sdigroup.de\/hdm\/wp-content\/uploads\/2016\/08\/menue-1.jpg\" alt=\"menue\" width=\"1920\" height=\"1001\" srcset=\"https:\/\/handbuch.sdigroup.de\/hdm\/wp-content\/uploads\/2016\/08\/menue-1.jpg 1920w, https:\/\/handbuch.sdigroup.de\/hdm\/wp-content\/uploads\/2016\/08\/menue-1-300x156.jpg 300w, https:\/\/handbuch.sdigroup.de\/hdm\/wp-content\/uploads\/2016\/08\/menue-1-768x400.jpg 768w, https:\/\/handbuch.sdigroup.de\/hdm\/wp-content\/uploads\/2016\/08\/menue-1-1024x534.jpg 1024w\" sizes=\"auto, (max-width: 1920px) 100vw, 1920px\" \/><\/p>\n<p>Mit dem Hauptmen\u00fc k\u00f6nnen Sie zwischen den Modulen<strong> Auftrag \/ Verkauf, Artikelstamm, Kundenstamm und Lieferantenstamm w\u00e4hlen<\/strong>. Das Pulldown-Men\u00fc &#8222;<b>Beenden&#8220; <\/b>oder Schaltfl\u00e4che <b>&#8222;F12&#8220;<\/b>\u00a0beendet das Programm.<\/p>\n<p>Neben dem Standardmen\u00fc <strong>Men\u00fc<\/strong> beinhaltet die <b>Men\u00fcleiste <\/b>noch die Men\u00fcs <strong>Systemeinstellungen, Support.<\/strong><\/p>\n<p>Das Men\u00fc <b>Systemeinstellungen <\/b>beinhaltet die Untermen\u00fcs <b>Grundeinstellungen,<\/b>\u00a0<b>Benutzereinstellungen, Firmendetails und Tabellen, <\/b>denen in diesem Kapitel eigene Unterkapitel gewidmet sind (siehe unten).<\/p>\n<p>Das Men\u00fc\u00a0<strong>Support<\/strong> beinhaltet das Untermen\u00fc <strong>System-Passwort und Einstellungen.<\/strong><\/p>\n<p>Bet\u00e4tigen Sie die Schaltfl\u00e4che <u><b>B<\/b><\/u><b>enutzer anmelden \/ abmelden<\/b>, dann werden alle offenen Fenster des Programms geschlossen und das Fenster Systemlogin ge\u00f6ffnet, so dass Sie einen anderen <strong>Benutzer anmelden<\/strong> k\u00f6nnen. Der Vorteil dieses Verfahrens besteht darin, dass Sie rasch einen Benutzerwechsel durchf\u00fchren k\u00f6nnen, ohne das Programm beenden und wieder neu starten zu m\u00fcssen.<\/p>\n","protected":false},"excerpt":{"rendered":"<p>Das Hauptmen\u00fc Mit dem Hauptmen\u00fc k\u00f6nnen Sie zwischen den Modulen Auftrag \/ Verkauf, Artikelstamm, Kundenstamm und Lieferantenstamm w\u00e4hlen. Das Pulldown-Men\u00fc &#8222;Beenden&#8220; oder Schaltfl\u00e4che &#8222;F12&#8220;\u00a0beendet das Programm. Neben dem Standardmen\u00fc Men\u00fc beinhaltet die Men\u00fcleiste noch die Men\u00fcs Systemeinstellungen, Support. Das Men\u00fc Systemeinstellungen beinhaltet die Untermen\u00fcs Grundeinstellungen,\u00a0Benutzereinstellungen, Firmendetails und Tabellen, denen in diesem Kapitel eigene Unterkapitel gewidmet [&hellip;]<\/p>\n","protected":false},"author":1,"featured_media":0,"parent":0,"menu_order":0,"comment_status":"closed","ping_status":"closed","template":"","meta":{"footnotes":""},"class_list":["post-61","page","type-page","status-publish","hentry"],"_links":{"self":[{"href":"https:\/\/handbuch.sdigroup.de\/hdm\/index.php\/wp-json\/wp\/v2\/pages\/61","targetHints":{"allow":["GET"]}}],"collection":[{"href":"https:\/\/handbuch.sdigroup.de\/hdm\/index.php\/wp-json\/wp\/v2\/pages"}],"about":[{"href":"https:\/\/handbuch.sdigroup.de\/hdm\/index.php\/wp-json\/wp\/v2\/types\/page"}],"author":[{"embeddable":true,"href":"https:\/\/handbuch.sdigroup.de\/hdm\/index.php\/wp-json\/wp\/v2\/users\/1"}],"replies":[{"embeddable":true,"href":"https:\/\/handbuch.sdigroup.de\/hdm\/index.php\/wp-json\/wp\/v2\/comments?post=61"}],"version-history":[{"count":5,"href":"https:\/\/handbuch.sdigroup.de\/hdm\/index.php\/wp-json\/wp\/v2\/pages\/61\/revisions"}],"predecessor-version":[{"id":1145,"href":"https:\/\/handbuch.sdigroup.de\/hdm\/index.php\/wp-json\/wp\/v2\/pages\/61\/revisions\/1145"}],"wp:attachment":[{"href":"https:\/\/handbuch.sdigroup.de\/hdm\/index.php\/wp-json\/wp\/v2\/media?parent=61"}],"curies":[{"name":"wp","href":"https:\/\/api.w.org\/{rel}","templated":true}]}}