{"id":54,"date":"2016-08-23T12:44:05","date_gmt":"2016-08-23T10:44:05","guid":{"rendered":"http:\/\/handbuch.sdigroup.de\/hdm\/?page_id=54"},"modified":"2020-10-26T10:59:22","modified_gmt":"2020-10-26T09:59:22","slug":"5-10-listensuchlistenreportmaske","status":"publish","type":"page","link":"https:\/\/handbuch.sdigroup.de\/hdm\/index.php\/5-10-listensuchlistenreportmaske\/","title":{"rendered":"5.10.Listen\/Suchlisten\/Reportmaske"},"content":{"rendered":"<p align=\"CENTER\"><span style=\"font-family: Arial, sans-serif;\"><span style=\"font-size: x-large;\"><b>9. Listen<\/b><\/span><\/span><\/p>\n<p>Listen dienen dem Anzeigen von Suchergebnissen und dem Ausdrucken von Serienbriefen oder Etiketten. Die <b>Listenleiste<\/b> beinhaltet die Pulldown-Men\u00fcs Drucken und Druckeinstellung.<\/p>\n<p>Die <strong>Liste<\/strong> beinhaltet die verschiedenen Ausdruckm\u00f6glichkeiten (Liste, Serienbriefe, Etiketten).<\/p>\n<p>Das Pulldown-Men\u00fc <b>Drucken<\/b>\u00a0beinhaltet den Befehl <b>Seitenansicht<\/b>. Wurde dieser Befehl per Mausklick oder mit &#8222;<b>Strg + S&#8220; <\/b>ausgew\u00e4hlt (sichtbar wenn es rot ist), dann wird beim Ausw\u00e4hlen eines Druckbefehls eine Seitenansicht auf dem Bildschirm (zur Seitenansicht siehe auch Kapitel Brief) erstellt. Mit &#8222;<b>Alt + F4&#8243; <\/b>k\u00f6nnen Sie die Seitenansicht wieder verlassen.<\/p>\n<p>Klicken Sie auf<strong> Druckeinstellungen <\/strong>und dann auf den Befehl &#8222;<b>Vorlagen-Maske&#8220;<\/b>, erscheint folgendes Bild:<\/p>\n<p><img loading=\"lazy\" decoding=\"async\" class=\"alignnone size-full wp-image-689\" src=\"https:\/\/handbuch.sdigroup.de\/hdm\/wp-content\/uploads\/2016\/08\/5.10.png\" alt=\"5.10\" width=\"806\" height=\"279\" srcset=\"https:\/\/handbuch.sdigroup.de\/hdm\/wp-content\/uploads\/2016\/08\/5.10.png 806w, https:\/\/handbuch.sdigroup.de\/hdm\/wp-content\/uploads\/2016\/08\/5.10-300x104.png 300w, https:\/\/handbuch.sdigroup.de\/hdm\/wp-content\/uploads\/2016\/08\/5.10-768x266.png 768w\" sizes=\"auto, (max-width: 806px) 100vw, 806px\" \/><\/p>\n<p>Mit Hilfe der Vorlagenmaske k\u00f6nnen Sie bestimmen, aus welchen Spalten der Ausdruck Ihrer Liste bestehen soll:<\/p>\n<ol>\n<li>Klicken Sie auf den Pfeil der Spalte, die Sie ver\u00e4ndern wollen.<\/li>\n<li>Scrollen Sie mit Hilfe der Laufleiste zu dem Feld, das Sie ausw\u00e4hlen wollen.<\/li>\n<li>W\u00e4hlen Sie das Feld mit einem Mausklick aus.<\/li>\n<\/ol>\n<p>Sie k\u00f6nnen auch die <b>Liste<\/b> selbst <b>bearbeiten<\/b>. Diese Bearbeitungen werden allerdings nicht gespeichert, d. h. wenn Sie das Fenster das n\u00e4chste Mal \u00f6ffnen sehen Sie wieder die Standardtabelle:<\/p>\n<p>Bewegen Sie den Mauszeiger auf die einen Spaltenkopfes und <strong>ziehen<\/strong> diese in eine Richtung, so k\u00f6nnen Sie diese <b>Spalte verschieben<\/b>.<\/p>\n<p>Bewegen Sie den Mauszeiger auf die linke Begrenzungslinie eines Spaltenkopfes, dann k\u00f6nnen Sie bei gedr\u00fcckter Maustaste die <b>Breite der Spalte ver\u00e4ndern<\/b>.<\/p>\n","protected":false},"excerpt":{"rendered":"<p>9. Listen Listen dienen dem Anzeigen von Suchergebnissen und dem Ausdrucken von Serienbriefen oder Etiketten. Die Listenleiste beinhaltet die Pulldown-Men\u00fcs Drucken und Druckeinstellung. Die Liste beinhaltet die verschiedenen Ausdruckm\u00f6glichkeiten (Liste, Serienbriefe, Etiketten). Das Pulldown-Men\u00fc Drucken\u00a0beinhaltet den Befehl Seitenansicht. Wurde dieser Befehl per Mausklick oder mit &#8222;Strg + S&#8220; ausgew\u00e4hlt (sichtbar wenn es rot ist), dann [&hellip;]<\/p>\n","protected":false},"author":1,"featured_media":0,"parent":0,"menu_order":0,"comment_status":"closed","ping_status":"closed","template":"","meta":{"footnotes":""},"class_list":["post-54","page","type-page","status-publish","hentry"],"_links":{"self":[{"href":"https:\/\/handbuch.sdigroup.de\/hdm\/index.php\/wp-json\/wp\/v2\/pages\/54","targetHints":{"allow":["GET"]}}],"collection":[{"href":"https:\/\/handbuch.sdigroup.de\/hdm\/index.php\/wp-json\/wp\/v2\/pages"}],"about":[{"href":"https:\/\/handbuch.sdigroup.de\/hdm\/index.php\/wp-json\/wp\/v2\/types\/page"}],"author":[{"embeddable":true,"href":"https:\/\/handbuch.sdigroup.de\/hdm\/index.php\/wp-json\/wp\/v2\/users\/1"}],"replies":[{"embeddable":true,"href":"https:\/\/handbuch.sdigroup.de\/hdm\/index.php\/wp-json\/wp\/v2\/comments?post=54"}],"version-history":[{"count":5,"href":"https:\/\/handbuch.sdigroup.de\/hdm\/index.php\/wp-json\/wp\/v2\/pages\/54\/revisions"}],"predecessor-version":[{"id":1143,"href":"https:\/\/handbuch.sdigroup.de\/hdm\/index.php\/wp-json\/wp\/v2\/pages\/54\/revisions\/1143"}],"wp:attachment":[{"href":"https:\/\/handbuch.sdigroup.de\/hdm\/index.php\/wp-json\/wp\/v2\/media?parent=54"}],"curies":[{"name":"wp","href":"https:\/\/api.w.org\/{rel}","templated":true}]}}