{"id":52,"date":"2016-08-23T12:43:15","date_gmt":"2016-08-23T10:43:15","guid":{"rendered":"http:\/\/handbuch.sdigroup.de\/hdm\/?page_id=52"},"modified":"2020-10-26T10:53:02","modified_gmt":"2020-10-26T09:53:02","slug":"5-9-suchen-und-auswaehlen-von-daten","status":"publish","type":"page","link":"https:\/\/handbuch.sdigroup.de\/hdm\/index.php\/5-9-suchen-und-auswaehlen-von-daten\/","title":{"rendered":"5.9.Suchen\/ausw\u00e4hlen von Daten"},"content":{"rendered":"<p align=\"CENTER\"><span style=\"font-family: Arial, sans-serif;\"><span style=\"font-size: x-large;\"><b>8. Das Suchen und Ausw\u00e4hlen von Daten<\/b><\/span><\/span><\/p>\n<p>In diesem Kapitel werden drei verschiedene Suchvorg\u00e4nge behandelt, bei denen die Befehlsabfolge <strong>zwar gleich<\/strong> ist, die sich jedoch in der Dateneingabe und im Suchergebnis <strong>unterscheiden<\/strong>:<\/p>\n<ol>\n<li>Das Suchen nach einem oder mehreren Datens\u00e4tzen, von denen ein Datenfeld vollst\u00e4ndig bekannt ist<\/li>\n<li>Das Suchen nach einem oder mehreren Datens\u00e4tzen, von denen nur Teile eines Datenfeldes bekannt sind<\/li>\n<li>Das Ausw\u00e4hlen einer Gruppe von Datens\u00e4tzen<\/li>\n<\/ol>\n<p>Die Befehlsabfolge der Suchvorg\u00e4nge ist wie folgt:<\/p>\n<ol>\n<li>Ist die Eingabemaske leer, k\u00f6nnen Sie gleich zu Punkt 2 \u00fcbergehen. Ansonsten bet\u00e4tigen Sie den Knopf <strong>&#8222;<\/strong><b>Neu&#8220; <\/b>oder Schaltfl\u00e4che<b> &#8222;F5&#8220;<\/b>.<\/li>\n<li>Wenn das System eine Nummer vergeben will, klicken Sie <strong>&#8222;NEIN&#8220;<\/strong> an.<\/li>\n<li>Geben Sie einen Suchbegriff in das zugeh\u00f6rige Datenfeld ein, z.B. die Kundennummer &#8222;121512&#8220; in das Datenfeld Kundennummer.<\/li>\n<li>Bet\u00e4tigen Sie die &#8222;<b>Suchen&#8220; <\/b>oder dr\u00fccken sie<b> &#8222;F8&#8220;<\/b>.<\/li>\n<\/ol>\n<p>Das Programm liefert Ihnen den oder die Datens\u00e4tze, die mit dem Suchbegriff beginnen (z. B. auch eine M\u00fcller GmbH &amp; Co.KG).<\/p>\n<ol>\n<li>Falls Sie nur einen <b>Teil des Datenfeldes<\/b> sicher wissen, z. B. wenn Sie sich nur noch an einen Teil des Kundennamens (&#8222;Irgendetwas mit &#8230;berger.&#8220;) erinnern, hilft Ihnen das Programm weiter:<\/li>\n<li><b>Suchen mit %-Zeichen: <\/b>Steht ein %-Zeichen am Beginn des Suchbegriffes, so wird nach dieser Suchbegriff gefunden, auch wenn er in der Mitte eines Wortes oder einer Zahl steht, z. B. w\u00fcrde der Suchbegriff <strong>&#8222;<\/strong><b>%berg&#8220;<\/b> Ihnen Herz<b>berg<\/b>er, <b>Berg<\/b>mann, Feld<b>berg<\/b>, usw. liefern.<\/li>\n<li><b>Suchen mit _-Zeichen: <\/b>Ein Unterstrich steht f\u00fcr genau ein beliebiges Zeichen, zwei Unterstriche f\u00fcr zwei Zeichen, usw. Suchen Sie z. B. nach dem Kunden Meier, ohne aber zu wissen, wie sich der Name schreibt, so geben Sie als Suchbegriff <b>M_ _er<\/b> ein. Als Ergebnis w\u00fcrden Sie dann den gesuchten Kunden erhalten, egal ob er sich nun Meier, Meyer, Maier oder Mayer schreibt.<\/li>\n<li>Das <b>Ausw\u00e4hlen einer Gruppe von Datens\u00e4tzen <\/b>unterscheidet sich von der Suche nach einem Datensatz eigentlich nur durch das Eingeben eines breiteren Suchbegriffs: Wenn Sie z. B. die Zahl 6 in das Eingabefeld Postleitzahl eingeben und dann die Schaltfl\u00e4che Suchen bet\u00e4tigen, erhalten Sie alle Kunden, deren Postleitzahl mit 6 beginnt. Nat\u00fcrlich k\u00f6nnen Sie auch mit %- oder _ -Zeichen suchen: Die Eingabe vom _ _.1 _.97 sucht alle Datens\u00e4tze, die im letzten Quartal von 1997 eingegeben wurden.<\/li>\n<li>Eine Besonderheit des Programms besteht darin, dass es selbst die <b>Kombination von Suchbegriffen <\/b>gestattet. Sie k\u00f6nnen also in mehreren Eingabefeldern Suchkriterien eingeben. Das Programm sucht nur die Datens\u00e4tze aus, die alle angegebenen Kriterien erf\u00fcllen.<\/li>\n<\/ol>\n<p>So w\u00fcrden z.B. die unten im Bild angezeigten Suchkriterien Ihnen alle Kunden liefern,<\/p>\n<ol type=\"i\">\n<li>deren Kundenname mit <b>A<\/b><\/li>\n<li>und deren Vorwahl mit 069<\/li>\n<li>und deren PLZ mit 65 anf\u00e4ngt.<\/li>\n<\/ol>\n<p><img loading=\"lazy\" decoding=\"async\" class=\"alignnone wp-image-1140 size-full\" src=\"https:\/\/handbuch.sdigroup.de\/hdm\/wp-content\/uploads\/2020\/10\/Kunden.png\" alt=\"\" width=\"999\" height=\"491\" srcset=\"https:\/\/handbuch.sdigroup.de\/hdm\/wp-content\/uploads\/2020\/10\/Kunden.png 999w, https:\/\/handbuch.sdigroup.de\/hdm\/wp-content\/uploads\/2020\/10\/Kunden-300x147.png 300w, https:\/\/handbuch.sdigroup.de\/hdm\/wp-content\/uploads\/2020\/10\/Kunden-768x377.png 768w\" sizes=\"auto, (max-width: 999px) 100vw, 999px\" \/>Bet\u00e4tigen Sie <strong>&#8222;F8&#8220;<\/strong> oder klicken Sie mit der Maus auf den Knopf <strong>&#8222;<\/strong><b>Suchen&#8220;<\/b>. Alle von Ihnen erfassten Adressen werden nun durchsucht. In der Datenmaske wird nun die erste Adresse angezeigt.<\/p>\n","protected":false},"excerpt":{"rendered":"<p>8. Das Suchen und Ausw\u00e4hlen von Daten In diesem Kapitel werden drei verschiedene Suchvorg\u00e4nge behandelt, bei denen die Befehlsabfolge zwar gleich ist, die sich jedoch in der Dateneingabe und im Suchergebnis unterscheiden: Das Suchen nach einem oder mehreren Datens\u00e4tzen, von denen ein Datenfeld vollst\u00e4ndig bekannt ist Das Suchen nach einem oder mehreren Datens\u00e4tzen, von denen [&hellip;]<\/p>\n","protected":false},"author":1,"featured_media":0,"parent":0,"menu_order":0,"comment_status":"closed","ping_status":"closed","template":"","meta":{"footnotes":""},"class_list":["post-52","page","type-page","status-publish","hentry"],"_links":{"self":[{"href":"https:\/\/handbuch.sdigroup.de\/hdm\/index.php\/wp-json\/wp\/v2\/pages\/52","targetHints":{"allow":["GET"]}}],"collection":[{"href":"https:\/\/handbuch.sdigroup.de\/hdm\/index.php\/wp-json\/wp\/v2\/pages"}],"about":[{"href":"https:\/\/handbuch.sdigroup.de\/hdm\/index.php\/wp-json\/wp\/v2\/types\/page"}],"author":[{"embeddable":true,"href":"https:\/\/handbuch.sdigroup.de\/hdm\/index.php\/wp-json\/wp\/v2\/users\/1"}],"replies":[{"embeddable":true,"href":"https:\/\/handbuch.sdigroup.de\/hdm\/index.php\/wp-json\/wp\/v2\/comments?post=52"}],"version-history":[{"count":7,"href":"https:\/\/handbuch.sdigroup.de\/hdm\/index.php\/wp-json\/wp\/v2\/pages\/52\/revisions"}],"predecessor-version":[{"id":1141,"href":"https:\/\/handbuch.sdigroup.de\/hdm\/index.php\/wp-json\/wp\/v2\/pages\/52\/revisions\/1141"}],"wp:attachment":[{"href":"https:\/\/handbuch.sdigroup.de\/hdm\/index.php\/wp-json\/wp\/v2\/media?parent=52"}],"curies":[{"name":"wp","href":"https:\/\/api.w.org\/{rel}","templated":true}]}}