{"id":50,"date":"2016-08-23T12:42:16","date_gmt":"2016-08-23T10:42:16","guid":{"rendered":"http:\/\/handbuch.sdigroup.de\/hdm\/?page_id=50"},"modified":"2020-10-26T10:36:42","modified_gmt":"2020-10-26T09:36:42","slug":"5-8-briefe-schreiben","status":"publish","type":"page","link":"https:\/\/handbuch.sdigroup.de\/hdm\/index.php\/5-8-briefe-schreiben\/","title":{"rendered":"5.8.Briefe Schreiben"},"content":{"rendered":"<p align=\"CENTER\"><span style=\"font-family: Arial, sans-serif;\"><span style=\"font-size: x-large;\"><b>7. Briefe schreiben<\/b><\/span><\/span><\/p>\n<p>In den Modulen<strong> Kundenstamm<\/strong>\u00a0und <strong>Lieferantenstamm<\/strong> haben Sie die M\u00f6glichkeit, <b>(Serien-)Briefe zu schreiben<\/b> oder <b>Briefpapier mit eigenem Briefkopf<\/b> auszudrucken.<\/p>\n<p><img loading=\"lazy\" decoding=\"async\" class=\"alignnone size-full wp-image-679\" src=\"https:\/\/handbuch.sdigroup.de\/hdm\/wp-content\/uploads\/2016\/08\/5.8.png\" alt=\"5.8\" width=\"824\" height=\"113\" srcset=\"https:\/\/handbuch.sdigroup.de\/hdm\/wp-content\/uploads\/2016\/08\/5.8.png 824w, https:\/\/handbuch.sdigroup.de\/hdm\/wp-content\/uploads\/2016\/08\/5.8-300x41.png 300w, https:\/\/handbuch.sdigroup.de\/hdm\/wp-content\/uploads\/2016\/08\/5.8-768x105.png 768w\" sizes=\"auto, (max-width: 824px) 100vw, 824px\" \/><\/p>\n<p>Beim Erstellen von Briefen gehen Sie wie folgt vor:<\/p>\n<ol>\n<li>Als erstes werden Sie gefragt ob Sie bei den Briefen w\u00fcnschen, dass die Kundenums\u00e4tze mit angezeigt werden.<\/li>\n<li>Das Fenster <strong>&#8222;Brief&#8220;<\/strong> \u00f6ffnet sich:<img loading=\"lazy\" decoding=\"async\" class=\"alignnone size-full wp-image-681\" src=\"https:\/\/handbuch.sdigroup.de\/hdm\/wp-content\/uploads\/2016\/08\/5.8-brief.png\" alt=\"5.8 brief\" width=\"788\" height=\"715\" srcset=\"https:\/\/handbuch.sdigroup.de\/hdm\/wp-content\/uploads\/2016\/08\/5.8-brief.png 788w, https:\/\/handbuch.sdigroup.de\/hdm\/wp-content\/uploads\/2016\/08\/5.8-brief-300x272.png 300w, https:\/\/handbuch.sdigroup.de\/hdm\/wp-content\/uploads\/2016\/08\/5.8-brief-768x697.png 768w\" sizes=\"auto, (max-width: 788px) 100vw, 788px\" \/><\/li>\n<li>Geben Sie die \u00dcberschrift Ihres Briefes in das Eingabefeld\u00a0<b>Betreffzeile\u00a0<\/b>ein.<\/li>\n<li>Jetzt k\u00f6nnen Sie einen Brief schreiben und Anh\u00e4nge anh\u00e4ngen.<\/li>\n<li>Bet\u00e4tigen Sie den Knopf<strong>\u00a0&#8222;<\/strong><b>Drucken&#8220; <\/b>oder Schaltfl\u00e4che <strong>&#8222;<\/strong><b>F4&#8243;.<\/b><\/li>\n<\/ol>\n<p>Der Brief wird pro ausgew\u00e4hlter Adresse einmal ausgedruckt.<\/p>\n<p>Falls Sie <b>Briefpapier <\/b>ausdrucken wollen, gehen Sie wie folgt vor:<\/p>\n<ol>\n<li>Bet\u00e4tigen Sie in einer leeren Eingabemaske die Schaltfl\u00e4che <u><b>B<\/b><\/u><b>rief <\/b>.<\/li>\n<li>W\u00e4hlen Sie im Eingabefeld <b>Vorlagefeld<\/b> den Briefkopf aus, den Sie benutzen m\u00f6chten (Firma1 = Brief1, etc.).<\/li>\n<li>Klicken Sie das Eingabek\u00e4stchen <b>Seitenansicht<\/b> an.<\/li>\n<li>Bet\u00e4tigen Sie die Schaltfl\u00e4che <strong>&#8222;<\/strong><b>Drucken&#8220; <\/b>oder<strong> &#8222;<\/strong><b>F4&#8243;<\/b>.<\/li>\n<li>W\u00e4hlen Sie im Pullup-Men\u00fc <b>Print<\/b> den Befehl &#8222;<b>Print<\/b>&#8222;.<\/li>\n<li>Geben Sie im Eingabefeld <u><b>C<\/b><\/u><b>opies<\/b> die gew\u00fcnschte Anzahl der Kopien ein<\/li>\n<li>Bet\u00e4tigen Sie den Knopf <strong>&#8222;<\/strong><b>OK&#8220;.<\/b><\/li>\n<li>Mit der Tastenkombination <b>Alt+F4<\/b> kehren Sie wieder in das Fenster Serienbrief-Vorlagetext zur\u00fcck.<\/li>\n<\/ol>\n","protected":false},"excerpt":{"rendered":"<p>7. Briefe schreiben In den Modulen Kundenstamm\u00a0und Lieferantenstamm haben Sie die M\u00f6glichkeit, (Serien-)Briefe zu schreiben oder Briefpapier mit eigenem Briefkopf auszudrucken. Beim Erstellen von Briefen gehen Sie wie folgt vor: Als erstes werden Sie gefragt ob Sie bei den Briefen w\u00fcnschen, dass die Kundenums\u00e4tze mit angezeigt werden. Das Fenster &#8222;Brief&#8220; \u00f6ffnet sich: Geben Sie die [&hellip;]<\/p>\n","protected":false},"author":1,"featured_media":0,"parent":0,"menu_order":0,"comment_status":"closed","ping_status":"closed","template":"","meta":{"footnotes":""},"class_list":["post-50","page","type-page","status-publish","hentry"],"_links":{"self":[{"href":"https:\/\/handbuch.sdigroup.de\/hdm\/index.php\/wp-json\/wp\/v2\/pages\/50","targetHints":{"allow":["GET"]}}],"collection":[{"href":"https:\/\/handbuch.sdigroup.de\/hdm\/index.php\/wp-json\/wp\/v2\/pages"}],"about":[{"href":"https:\/\/handbuch.sdigroup.de\/hdm\/index.php\/wp-json\/wp\/v2\/types\/page"}],"author":[{"embeddable":true,"href":"https:\/\/handbuch.sdigroup.de\/hdm\/index.php\/wp-json\/wp\/v2\/users\/1"}],"replies":[{"embeddable":true,"href":"https:\/\/handbuch.sdigroup.de\/hdm\/index.php\/wp-json\/wp\/v2\/comments?post=50"}],"version-history":[{"count":8,"href":"https:\/\/handbuch.sdigroup.de\/hdm\/index.php\/wp-json\/wp\/v2\/pages\/50\/revisions"}],"predecessor-version":[{"id":1138,"href":"https:\/\/handbuch.sdigroup.de\/hdm\/index.php\/wp-json\/wp\/v2\/pages\/50\/revisions\/1138"}],"wp:attachment":[{"href":"https:\/\/handbuch.sdigroup.de\/hdm\/index.php\/wp-json\/wp\/v2\/media?parent=50"}],"curies":[{"name":"wp","href":"https:\/\/api.w.org\/{rel}","templated":true}]}}