{"id":48,"date":"2016-08-23T12:41:25","date_gmt":"2016-08-23T10:41:25","guid":{"rendered":"http:\/\/handbuch.sdigroup.de\/hdm\/?page_id=48"},"modified":"2020-10-20T16:13:39","modified_gmt":"2020-10-20T14:13:39","slug":"5-7-das-loeschen-eines-datensatzes","status":"publish","type":"page","link":"https:\/\/handbuch.sdigroup.de\/hdm\/index.php\/5-7-das-loeschen-eines-datensatzes\/","title":{"rendered":"5.7.L\u00f6schen eines Datensatzes"},"content":{"rendered":"<p align=\"CENTER\"><span style=\"font-family: Arial, sans-serif;\"><span style=\"font-size: x-large;\"><b>6. Das L\u00f6schen eines Datensatzes<\/b><\/span><\/span><\/p>\n<p>Durch das Bet\u00e4tigen des Pulldown-Men\u00fcs <strong>&#8222;<\/strong><b>L\u00f6schen&#8220;<\/b> wird ein Datensatz gel\u00f6scht. In den Modulen <strong>Kunden<\/strong> und <strong>Lieferanten<\/strong> erscheint vor dem l\u00f6schen eines Datensatzes folgende Meldung:<\/p>\n<p><img loading=\"lazy\" decoding=\"async\" class=\"alignnone size-full wp-image-677\" src=\"https:\/\/handbuch.sdigroup.de\/hdm\/wp-content\/uploads\/2016\/08\/5.7.png\" alt=\"5.7\" width=\"319\" height=\"139\" srcset=\"https:\/\/handbuch.sdigroup.de\/hdm\/wp-content\/uploads\/2016\/08\/5.7.png 319w, https:\/\/handbuch.sdigroup.de\/hdm\/wp-content\/uploads\/2016\/08\/5.7-300x131.png 300w\" sizes=\"auto, (max-width: 319px) 100vw, 319px\" \/><\/p>\n<p>Bet\u00e4tigen Sie die Schaltfl\u00e4che mit <strong>&#8222;<\/strong><b>JA&#8220;,<\/b> dann wird der Datensatz zwar gel\u00f6scht, Sie k\u00f6nnen aber unter der gleichen Datensatznummer einen anderen Datensatz eingeben. Bet\u00e4tigen Sie dagegen die Schaltfl\u00e4che mit <strong>&#8222;<\/strong><b>NEIN&#8220;, <\/b>dann wird die Datensatznummer mit gel\u00f6scht, d.h. es bleibt eine L\u00fccke in der Reihenfolge der Datensatznummern, die Sie nicht mehr auff\u00fcllen k\u00f6nnen.<\/p>\n","protected":false},"excerpt":{"rendered":"<p>6. Das L\u00f6schen eines Datensatzes Durch das Bet\u00e4tigen des Pulldown-Men\u00fcs &#8222;L\u00f6schen&#8220; wird ein Datensatz gel\u00f6scht. In den Modulen Kunden und Lieferanten erscheint vor dem l\u00f6schen eines Datensatzes folgende Meldung: Bet\u00e4tigen Sie die Schaltfl\u00e4che mit &#8222;JA&#8220;, dann wird der Datensatz zwar gel\u00f6scht, Sie k\u00f6nnen aber unter der gleichen Datensatznummer einen anderen Datensatz eingeben. Bet\u00e4tigen Sie dagegen [&hellip;]<\/p>\n","protected":false},"author":1,"featured_media":0,"parent":0,"menu_order":0,"comment_status":"closed","ping_status":"closed","template":"","meta":{"footnotes":""},"class_list":["post-48","page","type-page","status-publish","hentry"],"_links":{"self":[{"href":"https:\/\/handbuch.sdigroup.de\/hdm\/index.php\/wp-json\/wp\/v2\/pages\/48","targetHints":{"allow":["GET"]}}],"collection":[{"href":"https:\/\/handbuch.sdigroup.de\/hdm\/index.php\/wp-json\/wp\/v2\/pages"}],"about":[{"href":"https:\/\/handbuch.sdigroup.de\/hdm\/index.php\/wp-json\/wp\/v2\/types\/page"}],"author":[{"embeddable":true,"href":"https:\/\/handbuch.sdigroup.de\/hdm\/index.php\/wp-json\/wp\/v2\/users\/1"}],"replies":[{"embeddable":true,"href":"https:\/\/handbuch.sdigroup.de\/hdm\/index.php\/wp-json\/wp\/v2\/comments?post=48"}],"version-history":[{"count":5,"href":"https:\/\/handbuch.sdigroup.de\/hdm\/index.php\/wp-json\/wp\/v2\/pages\/48\/revisions"}],"predecessor-version":[{"id":1132,"href":"https:\/\/handbuch.sdigroup.de\/hdm\/index.php\/wp-json\/wp\/v2\/pages\/48\/revisions\/1132"}],"wp:attachment":[{"href":"https:\/\/handbuch.sdigroup.de\/hdm\/index.php\/wp-json\/wp\/v2\/media?parent=48"}],"curies":[{"name":"wp","href":"https:\/\/api.w.org\/{rel}","templated":true}]}}