{"id":46,"date":"2016-08-23T12:40:30","date_gmt":"2016-08-23T10:40:30","guid":{"rendered":"http:\/\/handbuch.sdigroup.de\/hdm\/?page_id=46"},"modified":"2020-10-20T16:11:33","modified_gmt":"2020-10-20T14:11:33","slug":"5-6-das-uebernehmen-eines-datensatzes","status":"publish","type":"page","link":"https:\/\/handbuch.sdigroup.de\/hdm\/index.php\/5-6-das-uebernehmen-eines-datensatzes\/","title":{"rendered":"5.6.Speichern eines Datensatzes"},"content":{"rendered":"<p align=\"CENTER\"><span style=\"font-family: Arial, sans-serif;\"><span style=\"font-size: x-large;\"><b>5. Das Speichern eines Datensatzes<\/b><\/span><\/span><\/p>\n<p>Das Pulldown-Men\u00fc<strong> &#8222;Speichern&#8220; <\/strong>oder Schaltfl\u00e4ch<strong>e<\/strong><b> &#8222;F6&#8220; <\/b>k\u00f6nnen Sie erst benutzen, nachdem Sie einen Datensatz eingetragen haben. Es dient also nur zum Abspeichern von \u00c4nderungen an bereits eingetragenen Datens\u00e4tzen.<\/p>\n<p><img loading=\"lazy\" decoding=\"async\" class=\"alignnone size-full wp-image-667\" src=\"https:\/\/handbuch.sdigroup.de\/hdm\/wp-content\/uploads\/2016\/08\/5.5.png\" alt=\"5.5\" width=\"68\" height=\"88\" \/><\/p>\n","protected":false},"excerpt":{"rendered":"<p>5. Das Speichern eines Datensatzes Das Pulldown-Men\u00fc &#8222;Speichern&#8220; oder Schaltfl\u00e4che &#8222;F6&#8220; k\u00f6nnen Sie erst benutzen, nachdem Sie einen Datensatz eingetragen haben. Es dient also nur zum Abspeichern von \u00c4nderungen an bereits eingetragenen Datens\u00e4tzen.<\/p>\n","protected":false},"author":1,"featured_media":0,"parent":0,"menu_order":0,"comment_status":"closed","ping_status":"closed","template":"","meta":{"footnotes":""},"class_list":["post-46","page","type-page","status-publish","hentry"],"_links":{"self":[{"href":"https:\/\/handbuch.sdigroup.de\/hdm\/index.php\/wp-json\/wp\/v2\/pages\/46","targetHints":{"allow":["GET"]}}],"collection":[{"href":"https:\/\/handbuch.sdigroup.de\/hdm\/index.php\/wp-json\/wp\/v2\/pages"}],"about":[{"href":"https:\/\/handbuch.sdigroup.de\/hdm\/index.php\/wp-json\/wp\/v2\/types\/page"}],"author":[{"embeddable":true,"href":"https:\/\/handbuch.sdigroup.de\/hdm\/index.php\/wp-json\/wp\/v2\/users\/1"}],"replies":[{"embeddable":true,"href":"https:\/\/handbuch.sdigroup.de\/hdm\/index.php\/wp-json\/wp\/v2\/comments?post=46"}],"version-history":[{"count":7,"href":"https:\/\/handbuch.sdigroup.de\/hdm\/index.php\/wp-json\/wp\/v2\/pages\/46\/revisions"}],"predecessor-version":[{"id":1130,"href":"https:\/\/handbuch.sdigroup.de\/hdm\/index.php\/wp-json\/wp\/v2\/pages\/46\/revisions\/1130"}],"wp:attachment":[{"href":"https:\/\/handbuch.sdigroup.de\/hdm\/index.php\/wp-json\/wp\/v2\/media?parent=46"}],"curies":[{"name":"wp","href":"https:\/\/api.w.org\/{rel}","templated":true}]}}