{"id":44,"date":"2016-08-23T12:36:02","date_gmt":"2016-08-23T10:36:02","guid":{"rendered":"http:\/\/handbuch.sdigroup.de\/hdm\/?page_id=44"},"modified":"2020-10-20T16:09:45","modified_gmt":"2020-10-20T14:09:45","slug":"5-5-das-kopieren-eines-datensatzes","status":"publish","type":"page","link":"https:\/\/handbuch.sdigroup.de\/hdm\/index.php\/5-5-das-kopieren-eines-datensatzes\/","title":{"rendered":"5.5.Kopieren eines Datensatzes"},"content":{"rendered":"<p align=\"CENTER\"><span style=\"font-family: Arial, sans-serif;\"><span style=\"font-size: x-large;\"><b>4. Das Kopieren eines Datensatzes<\/b><\/span><\/span><\/p>\n<p>Wollen Sie eine Kopie eines Datensatzes herstellen, m\u00fcssen Sie zun\u00e4chst auf die Men\u00fczeile <strong>bearbeiten<\/strong> klicken und dann auf das Pulldown-Men\u00fc <strong>&#8222;Kopieren&#8220;<\/strong> oder dr\u00fccken Sie <strong>&#8222;Ctrl + Ins&#8220;<\/strong> auf der Schaltfl\u00e4che.<\/p>\n<p><img loading=\"lazy\" decoding=\"async\" class=\"alignnone size-full wp-image-671\" src=\"https:\/\/handbuch.sdigroup.de\/hdm\/wp-content\/uploads\/2016\/08\/5.5-kopieren2.png\" alt=\"5.5 kopieren2\" width=\"221\" height=\"113\" \/><\/p>\n","protected":false},"excerpt":{"rendered":"<p>4. Das Kopieren eines Datensatzes Wollen Sie eine Kopie eines Datensatzes herstellen, m\u00fcssen Sie zun\u00e4chst auf die Men\u00fczeile bearbeiten klicken und dann auf das Pulldown-Men\u00fc &#8222;Kopieren&#8220; oder dr\u00fccken Sie &#8222;Ctrl + Ins&#8220; auf der Schaltfl\u00e4che.<\/p>\n","protected":false},"author":1,"featured_media":0,"parent":0,"menu_order":0,"comment_status":"closed","ping_status":"closed","template":"","meta":{"footnotes":""},"class_list":["post-44","page","type-page","status-publish","hentry"],"_links":{"self":[{"href":"https:\/\/handbuch.sdigroup.de\/hdm\/index.php\/wp-json\/wp\/v2\/pages\/44","targetHints":{"allow":["GET"]}}],"collection":[{"href":"https:\/\/handbuch.sdigroup.de\/hdm\/index.php\/wp-json\/wp\/v2\/pages"}],"about":[{"href":"https:\/\/handbuch.sdigroup.de\/hdm\/index.php\/wp-json\/wp\/v2\/types\/page"}],"author":[{"embeddable":true,"href":"https:\/\/handbuch.sdigroup.de\/hdm\/index.php\/wp-json\/wp\/v2\/users\/1"}],"replies":[{"embeddable":true,"href":"https:\/\/handbuch.sdigroup.de\/hdm\/index.php\/wp-json\/wp\/v2\/comments?post=44"}],"version-history":[{"count":7,"href":"https:\/\/handbuch.sdigroup.de\/hdm\/index.php\/wp-json\/wp\/v2\/pages\/44\/revisions"}],"predecessor-version":[{"id":1129,"href":"https:\/\/handbuch.sdigroup.de\/hdm\/index.php\/wp-json\/wp\/v2\/pages\/44\/revisions\/1129"}],"wp:attachment":[{"href":"https:\/\/handbuch.sdigroup.de\/hdm\/index.php\/wp-json\/wp\/v2\/media?parent=44"}],"curies":[{"name":"wp","href":"https:\/\/api.w.org\/{rel}","templated":true}]}}