{"id":378,"date":"2016-08-25T12:36:36","date_gmt":"2016-08-25T10:36:36","guid":{"rendered":"http:\/\/handbuch.sdigroup.de\/hdm\/?page_id=378"},"modified":"2022-07-28T11:02:41","modified_gmt":"2022-07-28T09:02:41","slug":"14-6-wareneingang","status":"publish","type":"page","link":"https:\/\/handbuch.sdigroup.de\/hdm\/index.php\/14-6-wareneingang\/","title":{"rendered":"13.6.Wareneingang"},"content":{"rendered":"<h2><a name=\"l86\"><\/a>Waren-Eingang Teil 1<\/h2>\n<ol>\n<li>In das Programm <strong>Bestellwesen<\/strong> gehen<\/li>\n<li>Gehen Sie links in der Hauptnavigation auf<strong> &#8222;Bestellung \/ Wareneingang&#8220;<\/strong> oder Schaltfl\u00e4che<strong> &#8222;F5&#8220;<\/strong><\/li>\n<li>Bei &#8222;Liste&#8220; auf ? und Lieferanten-Nr. ausw\u00e4hlen (Angaben zu Lieferung erscheinen)<\/li>\n<li>&#8222;Ablageliste&#8220; F.. (evtl. ist &#8222;Wareneingang&#8220; aufgef\u00fchrt, evtl. nur &#8222;Bestellung&#8220;)<\/li>\n<li>Klick auf &#8222;Wareneingang Nr. \u2026.&#8220;<\/li>\n<li>Sortierung: JA<\/li>\n<li>Zusammenfassung: JA (und warten!)<\/li>\n<li>auf erster Zeile beginnen (z.B. Art.Nr. 1207\/911101-78) (78 = Farbe)<\/li>\n<li>Menge:<br \/>\nwenn Anzahl \u00fcbereinstimmt &gt; Kontrollhaken auf LS &gt; weiter auf n\u00e4chste Zeile<br \/>\nWare noch nicht da &gt; 0 eintippen (Null = pendent)<br \/>\nwenn andere Zahl &gt; manuell anpassen<br \/>\nZeile f\u00fcr Zeile durcharbeiten<\/li>\n<li>St\u00fcckzahl zuunterst mit Total St\u00fcckzahl auf LS vergleichen \/ kontrollieren<\/li>\n<li>Klicken Drucken (2 Kopien) *<\/li>\n<li>&#8222;es bleiben&#8220; &gt; JA (auf Frage: &#8222;es bleiben Artikel offen, von \u00fcbrigen Artikeln Waren\u00acein-gangs\u00acbeleg erstellen?&#8220; zugebucht? &gt; JA (wenn Waren-Eingang stimmt, sonst NEIN)<\/li>\n<li>Sortierung nach Artikel ? &gt; JA<\/li>\n<li>Zusammenfassung ? &gt; JA<\/li>\n<li>Drucken &#8211; 1 Kopie<\/li>\n<li>Beenden F12<\/li>\n<li>JA (auf Frage: &#8222;Wollen Sie fenster Best.-Erfassung schliessen?&#8220;)<\/li>\n<li>Programm beenden &gt; weiter mit &#8222;Teil 2&#8220;<\/li>\n<\/ol>\n<p><i>* erster Ausdruck= &#8222;Lieferanten-Rechnung&#8220; vom Wareneingang (sieht man bei Total)<br \/>\n= Kontroll-Liste der versandbereiten Ware<br \/>\nzweiter Ausdruck = &#8222;Differenz-Liste&#8220; vom Wareneingang<br \/>\n= noch offene, nicht angelieferte Ware mit Rest, auf den wir warten<\/i><\/p>\n<h2>Artikelfehllisten Teil 1.1<\/h2>\n<h2>Ausdruck von 2 Listen, beide abh\u00e4ngig vom jetzigen Waren-Eingang = echte Differenzlisten<\/h2>\n<ol>\n<li>Programm<strong> Bestellwesen<\/strong><\/li>\n<li>Links in der Hauptnavigation auf <strong>&#8222;Auswertung \/ Listen&#8220;\u00a0<\/strong>oder<strong> &#8222;F7&#8220;<\/strong><\/li>\n<li>Das <strong>Datum<\/strong> in eintragen<br \/>\nDatum ausw\u00e4hlen: Zeitspanne, wann Bestellung gemacht wurde,<br \/>\nz.B. 01 01 2012 31 07 2012 X abgebucht (schon angehakt, ist nur Info)<br \/>\nX Auftragsbest\u00e4t.<\/li>\n<li>Klicken &#8222;Wareneingangsartikel&#8220; (oben rechts)<br \/>\nBeleg Nr. v. eingeben + OK<\/li>\n<li>Klicken Men\u00fc &#8222;Druckeinstellungen&#8220;<\/li>\n<li>Klicken &#8222;Diff.Mengen&#8220; &gt; 0<\/li>\n<li>Klicken Seitenansicht<\/li>\n<li>Klicken Men\u00fc &#8222;Listen&#8220;<\/li>\n<li>Klicken Artikel-Kunden-Bestellung ( Dispoliste )<\/li>\n<li>warten<\/li>\n<li>Klicken Drucken F4<\/li>\n<li>warten<\/li>\n<li>Dispoliste erscheint (es ist aufgelistet, was zu liefern ist)<\/li>\n<li>Klicken \u201e &gt;&gt;\u201c Meldung End of Report + OK<\/li>\n<li>Drucken<\/li>\n<li>X schliessen (oben rechts)<\/li>\n<li>F\u00fcr Dif Liste k\u00f6nnen Sie die Schritte 4 bis 16 wiederholen mit neuer Wareneingangsnummer.<\/li>\n<\/ol>\n<h2>Waren-Eingang Teil 2 Lieferscheine erstellen<\/h2>\n<ol>\n<li>Programm &#8222;Mode-Profi&#8220;<\/li>\n<li class=\"western\"><span style=\"color: #000000;\"><span style=\"font-family: Liberation Serif, serif;\"><span style=\"font-size: medium;\"><span lang=\"de-DE\">U<\/span><\/span><\/span><\/span><span style=\"color: #000000;\"><span style=\"font-family: Liberation Serif, serif;\"><span style=\"font-size: medium;\"><span lang=\"de-DE\">n<\/span><\/span><\/span><\/span><span style=\"color: #000000;\"><span style=\"font-family: Liberation Serif, serif;\"><span style=\"font-size: medium;\"><span lang=\"de-DE\">te<\/span><\/span><\/span><\/span><span style=\"color: #000000;\"><span style=\"font-family: Liberation Serif, serif;\"><span style=\"font-size: medium;\"><span lang=\"de-DE\">r <\/span><\/span><\/span><\/span><span style=\"color: #000000;\"><span style=\"font-family: Liberation Serif, serif;\"><span style=\"font-size: medium;\"><span lang=\"de-DE\">A<\/span><\/span><\/span><\/span><span style=\"color: #000000;\"><span style=\"font-family: Liberation Serif, serif;\"><span style=\"font-size: medium;\"><span lang=\"de-DE\">uftra<\/span><\/span><\/span><\/span><span style=\"color: #000000;\"><span style=\"font-family: Liberation Serif, serif;\"><span style=\"font-size: medium;\"><span lang=\"de-DE\">g\/V<\/span><\/span><\/span><\/span><span style=\"color: #000000;\"><span style=\"font-family: Liberation Serif, serif;\"><span style=\"font-size: medium;\"><span lang=\"de-DE\">e<\/span><\/span><\/span><\/span><span style=\"color: #000000;\"><span style=\"font-family: Liberation Serif, serif;\"><span style=\"font-size: medium;\"><span lang=\"de-DE\">r<\/span><\/span><\/span><\/span><span style=\"color: #000000;\"><span style=\"font-family: Liberation Serif, serif;\"><span style=\"font-size: medium;\"><span lang=\"de-DE\">kau<\/span><\/span><\/span><\/span><span style=\"color: #000000;\"><span style=\"font-family: Liberation Serif, serif;\"><span style=\"font-size: medium;\"><span lang=\"de-DE\">f a<\/span><\/span><\/span><\/span><span style=\"color: #000000;\"><span style=\"font-family: Liberation Serif, serif;\"><span style=\"font-size: medium;\"><span lang=\"de-DE\">uf Erfassung klicken oder im Hauptmen\u00fc F8 dr\u00fccken<\/span><\/span><\/span><\/span><\/li>\n<li>&#8222;Auftragsliste F11&#8220;<\/li>\n<li>&#8222;Auftr\u00e4ge von Wareneingang listen&#8220;<\/li>\n<li>Beleg-Nr. ab Lieferantenrechnung eintippen + OK (z.B. 21210008)<\/li>\n<li>X Auftragsbest\u00e4tigung (ist bereits angehakt)<\/li>\n<li>Lieferanten-Nr. tippen (fakultativ)<\/li>\n<li>suchen (Balken oben)\/li&gt;<\/li>\n<li>nach Kundeneingang Kat. sortieren? &gt; NEIN<\/li>\n<li>erste Zeile anklicken<\/li>\n<li>&#8222;Sammel-Auftrag &gt; Lief.&#8220;<\/li>\n<li>Frage: &#8222;alle markierten Auftragsbest\u00e4t. in LS umwandeln?&#8220; &gt; JA (es k\u00f6nnte auch nur 1 Kunde sein)<\/li>\n<li>&#8222;Soll Lieferadresse \u00fcbernommen werden?&#8220; &gt; NEIN (= nimmt Orig.adresse)<\/li>\n<li>warten bis System fertig<\/li>\n<li>&#8222;Umwandlung abgeschlossen&#8220; &gt; OK<\/li>\n<li>&#8222;Beenden&#8220; F12<\/li>\n<li>&#8222;Beenden&#8220; nochmals<\/li>\n<li>&#8222;Fenster schliessen?&#8220; &gt; JA<\/li>\n<\/ol>\n<h2>nochmals Lieferscheine ausdrucken Teil 2.1<\/h2>\n<ol>\n<li>Programm &#8222;Mode-Profi&#8220;<\/li>\n<li>&#8222;Auftrag-Verkauf F8&#8220;<\/li>\n<li>Auf &#8222;Kontrolle&#8220; klicken<\/li>\n<li>Datum von heute<\/li>\n<li>Suchen F8<\/li>\n<li>Men\u00fc &#8222;Sammeloptionen&#8220;<\/li>\n<li>&#8222;Sammeldruck&#8220; + OK<\/li>\n<li>Druckvorlage &gt;&gt; OK<\/li>\n<li>Drucken<\/li>\n<\/ol>\n<h2>einmalige Operation, anl\u00e4sslich 1. Auslieferung machen:<\/h2>\n<ol>\n<li>neben den Artikeln steht &#8222;S&#8220; &gt; muss auf &#8222;D&#8220; umgestellt werden, damit sie gesichert sind:<\/li>\n<li>Programm &#8222;Mode-Profi&#8220;<\/li>\n<li>&#8222;Auftrag-Verkauf F8&#8220;<\/li>\n<li>&#8222;Kontrolle Buchhaltung&#8220;<\/li>\n<li>&#8222;Datum&#8220; von (Bestelldatum d. letzten Saison) z.B. 1.1.2012<\/li>\n<li>bis: heutiges Datum<\/li>\n<li>Suchen F8<\/li>\n<li>&#8222;Sammeloptionen&#8220; (oben, Men\u00fc)<\/li>\n<\/ol>\n<p>&#8222;Sammelabbuchen \/ Sammeldruck (Auftragsbest\u00e4tigung)<\/p>\n<p>Sammeloptionen &#8222;Sammelbuchen Auftragsbest\u00e4tigung&#8220; (ohne Drucken, weil schon erledigt)<\/p>\n","protected":false},"excerpt":{"rendered":"<p>Waren-Eingang Teil 1 In das Programm Bestellwesen gehen Gehen Sie links in der Hauptnavigation auf &#8222;Bestellung \/ Wareneingang&#8220; oder Schaltfl\u00e4che &#8222;F5&#8220; Bei &#8222;Liste&#8220; auf ? und Lieferanten-Nr. ausw\u00e4hlen (Angaben zu Lieferung erscheinen) &#8222;Ablageliste&#8220; F.. (evtl. ist &#8222;Wareneingang&#8220; aufgef\u00fchrt, evtl. nur &#8222;Bestellung&#8220;) Klick auf &#8222;Wareneingang Nr. \u2026.&#8220; Sortierung: JA Zusammenfassung: JA (und warten!) auf erster Zeile [&hellip;]<\/p>\n","protected":false},"author":1,"featured_media":0,"parent":0,"menu_order":0,"comment_status":"closed","ping_status":"closed","template":"","meta":{"footnotes":""},"class_list":["post-378","page","type-page","status-publish","hentry"],"_links":{"self":[{"href":"https:\/\/handbuch.sdigroup.de\/hdm\/index.php\/wp-json\/wp\/v2\/pages\/378","targetHints":{"allow":["GET"]}}],"collection":[{"href":"https:\/\/handbuch.sdigroup.de\/hdm\/index.php\/wp-json\/wp\/v2\/pages"}],"about":[{"href":"https:\/\/handbuch.sdigroup.de\/hdm\/index.php\/wp-json\/wp\/v2\/types\/page"}],"author":[{"embeddable":true,"href":"https:\/\/handbuch.sdigroup.de\/hdm\/index.php\/wp-json\/wp\/v2\/users\/1"}],"replies":[{"embeddable":true,"href":"https:\/\/handbuch.sdigroup.de\/hdm\/index.php\/wp-json\/wp\/v2\/comments?post=378"}],"version-history":[{"count":9,"href":"https:\/\/handbuch.sdigroup.de\/hdm\/index.php\/wp-json\/wp\/v2\/pages\/378\/revisions"}],"predecessor-version":[{"id":1417,"href":"https:\/\/handbuch.sdigroup.de\/hdm\/index.php\/wp-json\/wp\/v2\/pages\/378\/revisions\/1417"}],"wp:attachment":[{"href":"https:\/\/handbuch.sdigroup.de\/hdm\/index.php\/wp-json\/wp\/v2\/media?parent=378"}],"curies":[{"name":"wp","href":"https:\/\/api.w.org\/{rel}","templated":true}]}}