{"id":376,"date":"2016-08-25T12:36:10","date_gmt":"2016-08-25T10:36:10","guid":{"rendered":"http:\/\/handbuch.sdigroup.de\/hdm\/?page_id=376"},"modified":"2022-07-27T17:46:07","modified_gmt":"2022-07-27T15:46:07","slug":"13-5-artikellager-produktion","status":"publish","type":"page","link":"https:\/\/handbuch.sdigroup.de\/hdm\/index.php\/14-bestellwesen\/13-5-artikellager-produktion\/","title":{"rendered":"13.3.Artikel\/Lager &#8211; Stoffe"},"content":{"rendered":"<p align=\"CENTER\"><span style=\"font-size: x-large;\"><b>Artikel \/ Lager &#8211; Stoffe<\/b><\/span><\/p>\n<ol>\n<li style=\"list-style-type: none;\">\n<ol>\n<li>Stoffe anlegen um sp\u00e4ter Sie zu einem Artikel zu zuweisen.\n<ol>\n<li>Gehen sie in das <strong>Modeprofi<\/strong> und gehen Sie auf <strong>Artikelstamm<\/strong>.<\/li>\n<li>Dr\u00fccken sie auf &#8222;<strong>Neu&#8220;<\/strong> und tragen Sie alles ein wie ein Normaler Artikel<\/li>\n<li>Jedoch im Feld Gruppe geben Sie <strong>&#8222;MAT&#8220;<\/strong> ein. Dies sagt dem System, dass dieser Artikel ein Stoff ist.<\/li>\n<li>W\u00e4hlen Sie zuletzt den Gr\u00f6\u00dfenschl\u00fcssel der in <a href=\"https:\/\/handbuch.sdigroup.de\/hdm\/index.php\/groessenschluessel\/\">11.9 Gr\u00f6\u00dfenschl\u00fcssel<\/a> erstellt wurde heraus und dr\u00fccken Sie auf speichern.<img loading=\"lazy\" decoding=\"async\" class=\"alignnone size-full wp-image-1395\" src=\"https:\/\/handbuch.sdigroup.de\/hdm\/wp-content\/uploads\/2021\/08\/Stoffe-2.png\" alt=\"\" width=\"994\" height=\"609\" srcset=\"https:\/\/handbuch.sdigroup.de\/hdm\/wp-content\/uploads\/2021\/08\/Stoffe-2.png 994w, https:\/\/handbuch.sdigroup.de\/hdm\/wp-content\/uploads\/2021\/08\/Stoffe-2-300x184.png 300w, https:\/\/handbuch.sdigroup.de\/hdm\/wp-content\/uploads\/2021\/08\/Stoffe-2-768x471.png 768w\" sizes=\"auto, (max-width: 994px) 100vw, 994px\" \/><\/li>\n<\/ol>\n<\/li>\n<\/ol>\n<\/li>\n<\/ol>\n<ol>\n<li style=\"list-style-type: none;\">\n<ol>\n<li>Stoffe zu einem Artikel zuweisen.\n<ol>\n<li>\n<p align=\"left\"><span lang=\"de-DE\">Geben Sie ihren gew\u00fcnschten Artikel in der Materialtabelle die\u00df k\u00f6nnen sie unter \u201eOptional\u201c in der \u201eStart\u201c Men\u00fcleiste finden und dr\u00fccken sie auf suchen<\/span><\/p>\n<\/li>\n<li>Wenn das System ihren Artikel gefunden hat. Dr\u00fccken Sie rechts oben in der Men\u00fcleiste auf <strong>Materialtabelle<\/strong>.<\/li>\n<li>Geben sie den <strong>Materialname<\/strong> ein oder dr\u00fccken Sie auf dem rechten Pfeil im Feld nach unten und suchen Sie sich ihren gew\u00fcnschten Stoff aus.<\/li>\n<li>W\u00e4hlen Sie ihre Farbe und Menge aus.<\/li>\n<li>Zuletzt dr\u00fccken sie auf &#8222;<strong>F7<\/strong>&#8220; oder &#8222;<strong>Speichern<\/strong>&#8222;.<\/li>\n<li><img loading=\"lazy\" decoding=\"async\" class=\"alignnone size-full wp-image-1393\" src=\"https:\/\/handbuch.sdigroup.de\/hdm\/wp-content\/uploads\/2021\/08\/stoffe2-1.png\" alt=\"\" width=\"930\" height=\"612\" srcset=\"https:\/\/handbuch.sdigroup.de\/hdm\/wp-content\/uploads\/2021\/08\/stoffe2-1.png 930w, https:\/\/handbuch.sdigroup.de\/hdm\/wp-content\/uploads\/2021\/08\/stoffe2-1-300x197.png 300w, https:\/\/handbuch.sdigroup.de\/hdm\/wp-content\/uploads\/2021\/08\/stoffe2-1-768x505.png 768w\" sizes=\"auto, (max-width: 930px) 100vw, 930px\" \/><\/li>\n<\/ol>\n<\/li>\n<\/ol>\n<\/li>\n<\/ol>\n","protected":false},"excerpt":{"rendered":"<p>Artikel \/ Lager &#8211; Stoffe Stoffe anlegen um sp\u00e4ter Sie zu einem Artikel zu zuweisen. Gehen sie in das Modeprofi und gehen Sie auf Artikelstamm. Dr\u00fccken sie auf &#8222;Neu&#8220; und tragen Sie alles ein wie ein Normaler Artikel Jedoch im Feld Gruppe geben Sie &#8222;MAT&#8220; ein. Dies sagt dem System, dass dieser Artikel ein Stoff [&hellip;]<\/p>\n","protected":false},"author":1,"featured_media":0,"parent":366,"menu_order":0,"comment_status":"closed","ping_status":"closed","template":"","meta":{"footnotes":""},"class_list":["post-376","page","type-page","status-publish","hentry"],"_links":{"self":[{"href":"https:\/\/handbuch.sdigroup.de\/hdm\/index.php\/wp-json\/wp\/v2\/pages\/376","targetHints":{"allow":["GET"]}}],"collection":[{"href":"https:\/\/handbuch.sdigroup.de\/hdm\/index.php\/wp-json\/wp\/v2\/pages"}],"about":[{"href":"https:\/\/handbuch.sdigroup.de\/hdm\/index.php\/wp-json\/wp\/v2\/types\/page"}],"author":[{"embeddable":true,"href":"https:\/\/handbuch.sdigroup.de\/hdm\/index.php\/wp-json\/wp\/v2\/users\/1"}],"replies":[{"embeddable":true,"href":"https:\/\/handbuch.sdigroup.de\/hdm\/index.php\/wp-json\/wp\/v2\/comments?post=376"}],"version-history":[{"count":25,"href":"https:\/\/handbuch.sdigroup.de\/hdm\/index.php\/wp-json\/wp\/v2\/pages\/376\/revisions"}],"predecessor-version":[{"id":1411,"href":"https:\/\/handbuch.sdigroup.de\/hdm\/index.php\/wp-json\/wp\/v2\/pages\/376\/revisions\/1411"}],"up":[{"embeddable":true,"href":"https:\/\/handbuch.sdigroup.de\/hdm\/index.php\/wp-json\/wp\/v2\/pages\/366"}],"wp:attachment":[{"href":"https:\/\/handbuch.sdigroup.de\/hdm\/index.php\/wp-json\/wp\/v2\/media?parent=376"}],"curies":[{"name":"wp","href":"https:\/\/api.w.org\/{rel}","templated":true}]}}