{"id":372,"date":"2016-08-25T12:33:07","date_gmt":"2016-08-25T10:33:07","guid":{"rendered":"http:\/\/handbuch.sdigroup.de\/hdm\/?page_id=372"},"modified":"2020-11-02T12:03:32","modified_gmt":"2020-11-02T11:03:32","slug":"14-3-order-auswertunglisten","status":"publish","type":"page","link":"https:\/\/handbuch.sdigroup.de\/hdm\/index.php\/14-3-order-auswertunglisten\/","title":{"rendered":"13.4.Order Auswertung \/ Listen"},"content":{"rendered":"<p align=\"CENTER\"><span style=\"font-size: x-large;\"><b>Order Auswertung \/ Listen<\/b><\/span><\/p>\n<p>Wenn sie im Hauptmen\u00fc auf <b>&#8222;Order Auswertung \/ Listen&#8220;<\/b> klicken kommen sie in folgende Maske:<br \/>\n<img loading=\"lazy\" decoding=\"async\" class=\"alignnone size-full wp-image-616\" src=\"https:\/\/handbuch.sdigroup.de\/hdm\/wp-content\/uploads\/2016\/08\/Bestellwesen-13.3.png\" alt=\"Bestellwesen 13.3\" width=\"1282\" height=\"1024\" srcset=\"https:\/\/handbuch.sdigroup.de\/hdm\/wp-content\/uploads\/2016\/08\/Bestellwesen-13.3.png 1282w, https:\/\/handbuch.sdigroup.de\/hdm\/wp-content\/uploads\/2016\/08\/Bestellwesen-13.3-300x240.png 300w, https:\/\/handbuch.sdigroup.de\/hdm\/wp-content\/uploads\/2016\/08\/Bestellwesen-13.3-768x613.png 768w, https:\/\/handbuch.sdigroup.de\/hdm\/wp-content\/uploads\/2016\/08\/Bestellwesen-13.3-1024x818.png 1024w\" sizes=\"auto, (max-width: 1282px) 100vw, 1282px\" \/><\/p>\n<p>Diese Funktion dient dazu, um eine Vielzahl von <strong>Tabellen und Listen<\/strong> ausdrucken zu k\u00f6nnen (um immer die \u00dcbersicht \u00fcber alle Vorg\u00e4nge, ausst\u00e4nde usw. zu haben)<\/p>\n<p>Auch hier haben sie wieder die M\u00f6glichkeit, nach verschiedenen Kriterien zu suchen!<\/p>\n<p><b>Suchkriterien:<\/b><br \/>\n&#8211; Datum<br \/>\n&#8211; Artikelnummer<br \/>\n&#8211; Artikelname<br \/>\n&#8211; Kundennummer<br \/>\n&#8211; Lieferantennummer<br \/>\n&#8211; Lieferantenname<br \/>\n&#8211; Art des Auftrages (Auftragsbest\u00e4tigung, Bestellung oder Andere)<br \/>\n&#8211; Abgebucht oder nicht Abgebucht<\/p>\n<p><b>1.<\/b> W\u00e4hlen sie mit Hilfe der verschiedenen Suchkriterien ihre gew\u00fcnschten Artikel <b>(TIPP: DIE DATUM-EINGABE [VON\/BIS] <\/b><u><b>MUSS<\/b><\/u><b> ERFOLGEN)<\/b><\/p>\n<p><b>2.<\/b> Wenn sie die Listen (bevor sie ausgedruckt werden) erst einmal sehen wollen dann klicken sie im Men\u00fc (oben) auf <b>&#8222;Seitenansicht&#8220;<\/b> oder dr\u00fccken sie gleichzeitig die Tasten <b>&#8222;Strg + S&#8220;<\/b><\/p>\n<p><b>3.<\/b> Treffen sie jetzt die Entscheidung, welche<b> Liste<\/b> sie Drucken wollen (indem sie im Men\u00fc [oben] auf <b>&#8222;Listen&#8220;<\/b> klicken). Sie werden hier mehr als 10 Auswahlm\u00f6glichkeiten zum Listendruck finden.<\/p>\n<p><b>\u00dcbersicht der Listen<\/b><br \/>\n&#8211; Artikel Zuschnittsblatt<br \/>\n&#8211; Artikel Produktionsblatt<br \/>\n&#8211; Offener Auftragsstand (nach Artikel \/ Kunden Einzeln Druck)<br \/>\n&#8211; Offener Auftregsstand (nach Artikel \/ Kunden)<br \/>\n&#8211; Offener Auftregsstand (nach Auftrag \/ Kunden)<br \/>\n&#8211; Kunden Auftr\u00e4ge (nach Kunden)<br \/>\n&#8211; Kunden Auftr\u00e4ge (nach Lieferdatum)<br \/>\n&#8211; Kunden Auftr\u00e4ge (nach Artikel)<br \/>\n&#8211; Kunden Auftr\u00e4ge (nach Artikel \/ Lieferdatum)<br \/>\n&#8211; Kunden Auftr\u00e4ge (nach Kunden \/ Artikel)<br \/>\n&#8211; Produktion Fehlliste (nach Artikel \/ ohne Kunden)<br \/>\n&#8211; Produktion Waren Bestellungsliste<\/p>\n<p><b>4.<\/b> Klicken sie danach auf <b>&#8222;Drucken&#8220;<\/b> bzw. dr\u00fccken sie auf die Taste <b>&#8222;F4&#8220;<\/b>. Somit wird die, von ihnen gew\u00fcnschte, Liste ausgedruckt!<br \/>\n<b>Vorgehen bei Artikel-Storno Suche:<\/b><\/p>\n<ol>\n<li>\u00d6ffnen Sie Das Modul <strong>Bestellwesen<\/strong><\/li>\n<li>Gehen Sie in <strong>&#8222;Order\/Auswertung Listen&#8220;<\/strong><\/li>\n<li>Geben Sie das das entsprechende <strong>Datum<\/strong> ein (von\/bis)<\/li>\n<li>Geben Sie die <strong>Artikelnummer<\/strong> ein<\/li>\n<li>Gehen Sie auf<strong> &#8222;Listen&#8220;<\/strong> und suchen sie den entsprechenden Kunden<\/li>\n<li>Gehen Sie auf <strong>&#8222;Druckeinstellungen&#8220;<\/strong> und w\u00e4hlen sie <strong>&#8222;Ohne Bestand\/Produktion Zeile&#8220;<\/strong> aus<\/li>\n<li>Klicken Sie nun auf <strong>&#8222;Drucken&#8220;<\/strong> oder bet\u00e4tigen Sie <strong>&#8222;F4&#8220;<\/strong><\/li>\n<\/ol>\n<p><b>Lieferantenbestellung buchen<\/b><\/p>\n<ol>\n<li>Ablageliste <strong>&#8222;F8&#8220;<\/strong> die Bestellung suchen, drucken und abbuchen<\/li>\n<li>Ein Wareneingang muss jetzt erstellt werden<\/li>\n<\/ol>\n<p><b>Auftr\u00e4ge abbuchen<\/b><\/p>\n<ol>\n<li>\u00d6ffnen Sie das Modul <strong>&#8222;Mode Profi&#8220;<\/strong><\/li>\n<li>Gehen Sie links auf<strong> &#8222;Kontrolle&#8220;<\/strong><\/li>\n<li>Geben Sie das gew\u00fcnschte <strong>Datum<\/strong> ein (von\/bis)<\/li>\n<li>W\u00e4hlen Sie den Beleg <strong>&#8222;Auftragsbest\u00e4tigung<\/strong>&#8222;<\/li>\n<li>Geben Sie die <strong>Lieferanten-Nr.<\/strong> ein<\/li>\n<li>Klicken Sie <strong>&#8222;Suchen&#8220;<\/strong> an oder dr\u00fccken Sie <strong>&#8222;F8&#8220;<\/strong><\/li>\n<li>Gehen sie in der Men\u00fczeile auf <strong>Sammeloptionen<\/strong> und klicken sie auf <strong>&#8222;Auftragsbest\u00e4tigung&#8220;<\/strong> und bei belieben<strong> &#8222;+ Druck&#8220;<\/strong><\/li>\n<li>Die Auftr\u00e4ge bekommen den Status <strong>gebucht (D)<\/strong> und in der Auftragsliste <strong>&#8222;F11&#8220;, <\/strong>im Modul <strong>&#8222;Erfassung&#8220;<\/strong>\u00a0einsehbar.<\/li>\n<li><i>Wenn in der Spalte &#8222;D\/S&#8220; &#8222;S&#8220; steht, ist der Auftrag <strong>nur gespeichert, aber nicht abgebucht.<\/strong><\/i><\/li>\n<\/ol>\n<p><b>Dispoliste generieren<\/b><\/p>\n<ol>\n<li>\u00d6ffnen Sie das Programm <strong>Bestellwesen<\/strong><\/li>\n<li>Gehen Sie links auf\u00a0 <strong>&#8222;Auswertung \/ Listen&#8220;<\/strong><\/li>\n<li>Geben Sie das das entsprechende <strong>Datum<\/strong> ein (von\/bis) <i>(WICHTIG: Achten Sie darauf, dass nur die Auftr\u00e4ge z.B. aus der Vororder genommen werden und nicht das ganze Jahr)<\/i><\/li>\n<li>Gehen Sie oben in der Men\u00fczeile auf\u00a0 <strong>Listen<\/strong>\u00a0und w\u00e4hlen Sie <strong>&#8222;Artikel-Kunden-Bestellung (Dispoliste)&#8220;<\/strong> aus<\/li>\n<li>Gehen Sie oben auf <strong>Druckeinstellungen<\/strong> und w\u00e4hlen sie <strong>&#8222;Ohne Bestand\/Produktion Zeile&#8220;<\/strong> aus<\/li>\n<li>Klicken Sie nun auf <strong>&#8222;Drucken&#8220;<\/strong> oder bet\u00e4tigen <strong>&#8222;F4&#8220;<\/strong><\/li>\n<\/ol>\n","protected":false},"excerpt":{"rendered":"<p>Order Auswertung \/ Listen Wenn sie im Hauptmen\u00fc auf &#8222;Order Auswertung \/ Listen&#8220; klicken kommen sie in folgende Maske: Diese Funktion dient dazu, um eine Vielzahl von Tabellen und Listen ausdrucken zu k\u00f6nnen (um immer die \u00dcbersicht \u00fcber alle Vorg\u00e4nge, ausst\u00e4nde usw. zu haben) Auch hier haben sie wieder die M\u00f6glichkeit, nach verschiedenen Kriterien zu [&hellip;]<\/p>\n","protected":false},"author":1,"featured_media":0,"parent":0,"menu_order":0,"comment_status":"closed","ping_status":"closed","template":"","meta":{"footnotes":""},"class_list":["post-372","page","type-page","status-publish","hentry"],"_links":{"self":[{"href":"https:\/\/handbuch.sdigroup.de\/hdm\/index.php\/wp-json\/wp\/v2\/pages\/372","targetHints":{"allow":["GET"]}}],"collection":[{"href":"https:\/\/handbuch.sdigroup.de\/hdm\/index.php\/wp-json\/wp\/v2\/pages"}],"about":[{"href":"https:\/\/handbuch.sdigroup.de\/hdm\/index.php\/wp-json\/wp\/v2\/types\/page"}],"author":[{"embeddable":true,"href":"https:\/\/handbuch.sdigroup.de\/hdm\/index.php\/wp-json\/wp\/v2\/users\/1"}],"replies":[{"embeddable":true,"href":"https:\/\/handbuch.sdigroup.de\/hdm\/index.php\/wp-json\/wp\/v2\/comments?post=372"}],"version-history":[{"count":7,"href":"https:\/\/handbuch.sdigroup.de\/hdm\/index.php\/wp-json\/wp\/v2\/pages\/372\/revisions"}],"predecessor-version":[{"id":1349,"href":"https:\/\/handbuch.sdigroup.de\/hdm\/index.php\/wp-json\/wp\/v2\/pages\/372\/revisions\/1349"}],"wp:attachment":[{"href":"https:\/\/handbuch.sdigroup.de\/hdm\/index.php\/wp-json\/wp\/v2\/media?parent=372"}],"curies":[{"name":"wp","href":"https:\/\/api.w.org\/{rel}","templated":true}]}}