{"id":370,"date":"2016-08-25T12:32:23","date_gmt":"2016-08-25T10:32:23","guid":{"rendered":"http:\/\/handbuch.sdigroup.de\/hdm\/?page_id=370"},"modified":"2022-07-27T17:33:50","modified_gmt":"2022-07-27T15:33:50","slug":"14-2-bestellungerfassen","status":"publish","type":"page","link":"https:\/\/handbuch.sdigroup.de\/hdm\/index.php\/14-2-bestellungerfassen\/","title":{"rendered":"13.2.Bestellung \/ Wareneingang"},"content":{"rendered":"<p align=\"CENTER\"><span style=\"font-size: x-large;\"><b>Bestellung \/ Wareneingang<\/b><\/span><\/p>\n<p>Bestellungen f\u00fcr Lieferanten werden hier, im <strong>&#8222;<b>Bestellung \/ Wareneingang<\/b>&#8222;<\/strong> &#8211; Fenster eingegeben, gespeichert und ausgedruckt.<br \/>\n<img loading=\"lazy\" decoding=\"async\" class=\"alignnone size-full wp-image-613\" src=\"https:\/\/handbuch.sdigroup.de\/hdm\/wp-content\/uploads\/2016\/08\/Bestellwesen-13.2.png\" alt=\"Bestellwesen 13.2\" width=\"1282\" height=\"988\" srcset=\"https:\/\/handbuch.sdigroup.de\/hdm\/wp-content\/uploads\/2016\/08\/Bestellwesen-13.2.png 1282w, https:\/\/handbuch.sdigroup.de\/hdm\/wp-content\/uploads\/2016\/08\/Bestellwesen-13.2-300x231.png 300w, https:\/\/handbuch.sdigroup.de\/hdm\/wp-content\/uploads\/2016\/08\/Bestellwesen-13.2-768x592.png 768w, https:\/\/handbuch.sdigroup.de\/hdm\/wp-content\/uploads\/2016\/08\/Bestellwesen-13.2-1024x789.png 1024w\" sizes=\"auto, (max-width: 1282px) 100vw, 1282px\" \/><br \/>\nSie haben hier zwei M\u00f6glichkeiten zur Eingabe:<br \/>\n<b>Bestellung an Lieferanten<\/b> und <b>Lieferanten Rechnung<\/b>.<br \/>\n<b>Bestellung an Lieferanten:<\/b><br \/>\nDa die Felder mit H.D. Mode Profi \u00fcbereinstimmen, muss man hierzu nicht viel erg\u00e4nzen.<br \/>\nAllem voraus geht nat\u00fcrlich, dass sie f\u00fcr die Kunden <strong>Auftragsbest\u00e4tigungen<\/strong> schreiben. Hierdurch wird das Schreiben von Produktionsauftr\u00e4gen deutlich erleichtert.<br \/>\nNehmen wir an, sie wollen einen Produktionsauftrag f\u00fcr einen bestimmten Hersteller schreiben:<\/p>\n<ol type=\"a\">\n<li>W\u00e4hlen sie den <strong>Lieferanten<\/strong> aus<\/li>\n<li>Klicken sie in der Men\u00fcleiste auf\u00a0 <strong>&#8222;Order \u00dcbernahme&#8220;<\/strong><\/li>\n<li>In diesem Fenster k\u00f6nnen Sie nach den <strong>Auftragsbest\u00e4tigungen<\/strong> f\u00fcr Ware von diesem Hersteller suchen: &#8211; nach Datum &#8211; nach Auftragsnummer &#8211; nach Kundennummer &#8211; sogar nach Einzelartikeln &#8211; und Lieferdatum<\/li>\n<li>Geben sie ihre Suchkriterien ein und klicken sie auf <strong>&#8222;\u00dcbernehmen&#8220;<\/strong><\/li>\n<li>In der Hauptmaske befinden sich jetzt alle (den Suchkriterien entsprechenden) Artikel des einzelnen Lieferanten<\/li>\n<li>Klicken sie auf <strong>&#8222;Drucken&#8220;<\/strong> und best\u00e4tigen sie die Anzahl der Kopien, indem sie nochmals auf <strong>&#8222;Drucken&#8220;<\/strong> klicken (in dem neuen Fenster)<\/li>\n<li>Schauen sie sich den Ausdruck an und wenn alles korrekt ist klicken sie auf <strong>&#8222;JA&#8220;<\/strong> wenn sie gefragt werden, <strong>ob sie die Ware abbuchen wollen.<\/strong><\/li>\n<li>Die Bestellung ist nun fertig.<\/li>\n<\/ol>\n<p><b>Sobald eine Bestellung neu geschrieben wurde, wird der Status &#8222;geliefert&#8220; automatisch auf NEIN gesetzt Wenn die Lieferung einer Bestellung ankommt, m\u00fcssen sie den Status auf JA setzen<\/b><\/p>\n<ol type=\"a\">\n<li>Begeben sie sich (\u00fcber das Hauptmen\u00fc) zur Maske: &#8222;Order Auswertung\/Listen&#8220;<\/li>\n<li>suchen sie nach der Bestellung, die angekommen ist<br \/>\n<img loading=\"lazy\" decoding=\"async\" class=\"alignnone size-full wp-image-614\" src=\"https:\/\/handbuch.sdigroup.de\/hdm\/wp-content\/uploads\/2016\/08\/Bestellwesen-13.2-3-bildpng.png\" alt=\"Bestellwesen 13.2 3 bildpng\" width=\"1282\" height=\"1024\" srcset=\"https:\/\/handbuch.sdigroup.de\/hdm\/wp-content\/uploads\/2016\/08\/Bestellwesen-13.2-3-bildpng.png 1282w, https:\/\/handbuch.sdigroup.de\/hdm\/wp-content\/uploads\/2016\/08\/Bestellwesen-13.2-3-bildpng-300x240.png 300w, https:\/\/handbuch.sdigroup.de\/hdm\/wp-content\/uploads\/2016\/08\/Bestellwesen-13.2-3-bildpng-768x613.png 768w, https:\/\/handbuch.sdigroup.de\/hdm\/wp-content\/uploads\/2016\/08\/Bestellwesen-13.2-3-bildpng-1024x818.png 1024w\" sizes=\"auto, (max-width: 1282px) 100vw, 1282px\" \/><\/li>\n<li>wenn sie die Bestellung auf dem Bildschirm sehen, klicken sie auf das Feld Geliefert. Es m\u00fcsste NEIN darin stehen<\/li>\n<li>Tippen sie ein <b>&#8222;J&#8220;<\/b> ein und aus dem NEIN wird ein JA<\/li>\n<\/ol>\n","protected":false},"excerpt":{"rendered":"<p>Bestellung \/ Wareneingang Bestellungen f\u00fcr Lieferanten werden hier, im &#8222;Bestellung \/ Wareneingang&#8222; &#8211; Fenster eingegeben, gespeichert und ausgedruckt. Sie haben hier zwei M\u00f6glichkeiten zur Eingabe: Bestellung an Lieferanten und Lieferanten Rechnung. Bestellung an Lieferanten: Da die Felder mit H.D. Mode Profi \u00fcbereinstimmen, muss man hierzu nicht viel erg\u00e4nzen. Allem voraus geht nat\u00fcrlich, dass sie f\u00fcr [&hellip;]<\/p>\n","protected":false},"author":1,"featured_media":0,"parent":0,"menu_order":0,"comment_status":"closed","ping_status":"closed","template":"","meta":{"footnotes":""},"class_list":["post-370","page","type-page","status-publish","hentry"],"_links":{"self":[{"href":"https:\/\/handbuch.sdigroup.de\/hdm\/index.php\/wp-json\/wp\/v2\/pages\/370","targetHints":{"allow":["GET"]}}],"collection":[{"href":"https:\/\/handbuch.sdigroup.de\/hdm\/index.php\/wp-json\/wp\/v2\/pages"}],"about":[{"href":"https:\/\/handbuch.sdigroup.de\/hdm\/index.php\/wp-json\/wp\/v2\/types\/page"}],"author":[{"embeddable":true,"href":"https:\/\/handbuch.sdigroup.de\/hdm\/index.php\/wp-json\/wp\/v2\/users\/1"}],"replies":[{"embeddable":true,"href":"https:\/\/handbuch.sdigroup.de\/hdm\/index.php\/wp-json\/wp\/v2\/comments?post=370"}],"version-history":[{"count":10,"href":"https:\/\/handbuch.sdigroup.de\/hdm\/index.php\/wp-json\/wp\/v2\/pages\/370\/revisions"}],"predecessor-version":[{"id":1409,"href":"https:\/\/handbuch.sdigroup.de\/hdm\/index.php\/wp-json\/wp\/v2\/pages\/370\/revisions\/1409"}],"wp:attachment":[{"href":"https:\/\/handbuch.sdigroup.de\/hdm\/index.php\/wp-json\/wp\/v2\/media?parent=370"}],"curies":[{"name":"wp","href":"https:\/\/api.w.org\/{rel}","templated":true}]}}