{"id":368,"date":"2016-08-25T12:31:10","date_gmt":"2016-08-25T10:31:10","guid":{"rendered":"http:\/\/handbuch.sdigroup.de\/hdm\/?page_id=368"},"modified":"2020-11-02T09:57:33","modified_gmt":"2020-11-02T08:57:33","slug":"14-1-bestellwesen","status":"publish","type":"page","link":"https:\/\/handbuch.sdigroup.de\/hdm\/index.php\/14-1-bestellwesen\/","title":{"rendered":"13.1.Bestellwesen"},"content":{"rendered":"<p align=\"CENTER\"><span style=\"font-size: x-large;\"><b>Bestellwesen<\/b><\/span><\/p>\n<p>Mit dem Modul <strong>&#8222;Bestellwesen&#8220;<\/strong> k\u00f6nnen Sie Ihre Bestellungen f\u00fcr die Lieferanten kategorisch, zeitlich geordnet und mit vielen Optionen spielend leicht erstellen.<br \/>\n<img loading=\"lazy\" decoding=\"async\" class=\"alignnone size-full wp-image-607\" src=\"https:\/\/handbuch.sdigroup.de\/hdm\/wp-content\/uploads\/2016\/08\/Bestellwesen-13.1-1.png\" alt=\"Bestellwesen 13.1\" width=\"1282\" height=\"988\" srcset=\"https:\/\/handbuch.sdigroup.de\/hdm\/wp-content\/uploads\/2016\/08\/Bestellwesen-13.1-1.png 1282w, https:\/\/handbuch.sdigroup.de\/hdm\/wp-content\/uploads\/2016\/08\/Bestellwesen-13.1-1-300x231.png 300w, https:\/\/handbuch.sdigroup.de\/hdm\/wp-content\/uploads\/2016\/08\/Bestellwesen-13.1-1-768x592.png 768w, https:\/\/handbuch.sdigroup.de\/hdm\/wp-content\/uploads\/2016\/08\/Bestellwesen-13.1-1-1024x789.png 1024w\" sizes=\"auto, (max-width: 1282px) 100vw, 1282px\" \/><br \/>\nDas <b>Starten<\/b> und der <b>Systemlogin<\/b> verlaufen genauso wie beim Hauptprogramm.<\/p>\n<p>Nach dem Einloggen gelangen Sie aber direkt in das <b>Bestellwesen &#8211; Men\u00fc<\/b>, in dem Sie &#8211; mit Hilfe der gleichnamigen Schaltfl\u00e4che &#8211; <b>Benutzer anmelden \/ abmelden<\/b> k\u00f6nnen.<\/p>\n<p>Das Bestellwesen ist in vier Bereiche unterteilt: <strong>Bestellung \/ Wareneingang,\u00a0 Artikel \/ Lager \/ Order, Bestellung-Kontrolle und Order Auswertung \/ Listen.<\/strong><br \/>\nDie <b>Men\u00fcleiste<\/b> enth\u00e4lt drei Pulldown-Men\u00fcs:<\/p>\n<ol>\n<li>Das Bestellwesen-<u><b>M<\/b><\/u><b>en\u00fc <\/b>beinhaltet die Befehle, die Sie auch \u00fcber die Schaltfl\u00e4chen bedienen k\u00f6nnen.<\/li>\n<li>Mit dem Men\u00fc <u><b>F<\/b><\/u><b>enster <\/b>k\u00f6nnen Sie in andere ge\u00f6ffnete Fenster des Kassenbuchmoduls wechseln.<\/li>\n<li>Das Men\u00fc beinhaltet den Befehl <b>Info<\/b>, mit dessen Hilfe Sie sich das Programm-Info ansehen k\u00f6nnen.<\/li>\n<\/ol>\n","protected":false},"excerpt":{"rendered":"<p>Bestellwesen Mit dem Modul &#8222;Bestellwesen&#8220; k\u00f6nnen Sie Ihre Bestellungen f\u00fcr die Lieferanten kategorisch, zeitlich geordnet und mit vielen Optionen spielend leicht erstellen. Das Starten und der Systemlogin verlaufen genauso wie beim Hauptprogramm. Nach dem Einloggen gelangen Sie aber direkt in das Bestellwesen &#8211; Men\u00fc, in dem Sie &#8211; mit Hilfe der gleichnamigen Schaltfl\u00e4che &#8211; Benutzer [&hellip;]<\/p>\n","protected":false},"author":1,"featured_media":0,"parent":0,"menu_order":0,"comment_status":"closed","ping_status":"closed","template":"","meta":{"footnotes":""},"class_list":["post-368","page","type-page","status-publish","hentry"],"_links":{"self":[{"href":"https:\/\/handbuch.sdigroup.de\/hdm\/index.php\/wp-json\/wp\/v2\/pages\/368","targetHints":{"allow":["GET"]}}],"collection":[{"href":"https:\/\/handbuch.sdigroup.de\/hdm\/index.php\/wp-json\/wp\/v2\/pages"}],"about":[{"href":"https:\/\/handbuch.sdigroup.de\/hdm\/index.php\/wp-json\/wp\/v2\/types\/page"}],"author":[{"embeddable":true,"href":"https:\/\/handbuch.sdigroup.de\/hdm\/index.php\/wp-json\/wp\/v2\/users\/1"}],"replies":[{"embeddable":true,"href":"https:\/\/handbuch.sdigroup.de\/hdm\/index.php\/wp-json\/wp\/v2\/comments?post=368"}],"version-history":[{"count":8,"href":"https:\/\/handbuch.sdigroup.de\/hdm\/index.php\/wp-json\/wp\/v2\/pages\/368\/revisions"}],"predecessor-version":[{"id":1298,"href":"https:\/\/handbuch.sdigroup.de\/hdm\/index.php\/wp-json\/wp\/v2\/pages\/368\/revisions\/1298"}],"wp:attachment":[{"href":"https:\/\/handbuch.sdigroup.de\/hdm\/index.php\/wp-json\/wp\/v2\/media?parent=368"}],"curies":[{"name":"wp","href":"https:\/\/api.w.org\/{rel}","templated":true}]}}