{"id":35,"date":"2016-08-23T12:29:42","date_gmt":"2016-08-23T10:29:42","guid":{"rendered":"http:\/\/handbuch.sdigroup.de\/hdm\/?page_id=35"},"modified":"2020-10-20T15:54:25","modified_gmt":"2020-10-20T13:54:25","slug":"5-2-eingabemasken","status":"publish","type":"page","link":"https:\/\/handbuch.sdigroup.de\/hdm\/index.php\/5-2-eingabemasken\/","title":{"rendered":"5.2.Standard Pulldownmen\u00fcs"},"content":{"rendered":"<p align=\"CENTER\"><span style=\"font-family: Arial, sans-serif;\"><span style=\"font-size: x-large;\"><b style=\"font-family: Arial, sans-serif; font-size: x-large;\">1.<\/b><span style=\"font-family: Arial, sans-serif; font-size: x-large;\"><b>Standard<\/b><\/span><b style=\"font-family: Arial, sans-serif; font-size: x-large;\">-Pulldown-Men\u00fcs<\/b><\/span><\/span><\/p>\n<p><span style=\"font-family: Arial, sans-serif;\">Die Befehle der Pulldown-Men\u00fcs k\u00f6nnen Sie durch Anklicken oder direkt durch Eingabe der dazugeh\u00f6rigen Tastenkombination ausw\u00e4hlen.<\/span><\/p>\n<p><span style=\"font-family: Arial, sans-serif;\">Das Pulldown-Men\u00fc <strong>Start<\/strong><b>\u00a0<\/b>beinhaltet die gleichen Befehle, die sie auch \u00fcber die Standardschaltfl\u00e4chen (siehe unten) ausw\u00e4hlen k\u00f6nnen.<\/span><\/p>\n<p><b style=\"font-family: Arial, sans-serif; font-size: x-large;\"><img loading=\"lazy\" decoding=\"async\" class=\"alignnone size-full wp-image-647\" src=\"https:\/\/handbuch.sdigroup.de\/hdm\/wp-content\/uploads\/2016\/08\/5.2-Start.jpg\" alt=\"5.2 Start\" width=\"827\" height=\"116\" srcset=\"https:\/\/handbuch.sdigroup.de\/hdm\/wp-content\/uploads\/2016\/08\/5.2-Start.jpg 827w, https:\/\/handbuch.sdigroup.de\/hdm\/wp-content\/uploads\/2016\/08\/5.2-Start-300x42.jpg 300w, https:\/\/handbuch.sdigroup.de\/hdm\/wp-content\/uploads\/2016\/08\/5.2-Start-768x108.jpg 768w\" sizes=\"auto, (max-width: 827px) 100vw, 827px\" \/><\/b><\/p>\n<p><span style=\"font-family: Arial, sans-serif;\">Das Pulldown-Men\u00fc <b>Bearbeiten <\/b>enth\u00e4lt Befehle, die Sie eventuell schon aus anderen Windows-Programmen kennen:<\/span><\/p>\n<p><img loading=\"lazy\" decoding=\"async\" class=\"alignnone size-full wp-image-649\" src=\"https:\/\/handbuch.sdigroup.de\/hdm\/wp-content\/uploads\/2016\/08\/5.2-bearbeiten-1.png\" alt=\"5.2 bearbeiten\" width=\"345\" height=\"113\" srcset=\"https:\/\/handbuch.sdigroup.de\/hdm\/wp-content\/uploads\/2016\/08\/5.2-bearbeiten-1.png 345w, https:\/\/handbuch.sdigroup.de\/hdm\/wp-content\/uploads\/2016\/08\/5.2-bearbeiten-1-300x98.png 300w\" sizes=\"auto, (max-width: 345px) 100vw, 345px\" \/><\/p>\n<p><span style=\"font-family: Arial, sans-serif;\">Der Befehl <strong>&#8222;<\/strong><b>R\u00fcckg\u00e4ngig&#8220;<\/b> mit Schaltfl\u00e4che<b> &#8222;Strg + R&#8220; <\/b>macht den letzten Befehl, den Sie eingegeben haben, r\u00fcckg\u00e4ngig.<\/span><\/p>\n<p><span style=\"font-family: Arial, sans-serif;\">Der Befehl &#8222;<b>Schneiden&#8220; <\/b>mit Schaltfl\u00e4che<b> &#8222;Shift + Entf&#8220; <\/b>schneidet eine markierte Zeichenfolge aus und kopiert diese in die Zwischenablage.<\/span><\/p>\n<p><span style=\"font-family: Arial, sans-serif;\">Der Befehl <strong>&#8222;<\/strong><b>Kopieren&#8220; <\/b>mit Schaltfl\u00e4che<b> &#8222;Strg + Einf&#8220; <\/b>kopiert eine markierte Zeichenfolge in die Zwischenablage.<\/span><\/p>\n<p><span style=\"font-family: Arial, sans-serif;\">Der Befehl <strong>&#8222;<\/strong><b>Einf\u00fcgen&#8220;<\/b> mit Schaltfl\u00e4che<b> &#8222;Shift + Einfg&#8220; <\/b>f\u00fcgt den Inhalt der Zwischenablage an der Position der Einf\u00fcgemarke ein.<\/span><\/p>\n<p><span style=\"font-family: Arial, sans-serif;\">Der Befehl &#8222;<b>L\u00f6schen&#8220; <\/b>mit Schaltfl\u00e4che<b> &#8222;Entf&#8220; <\/b>l\u00f6scht eine markierte Zeichenfolge.<\/span><\/p>\n<p><span style=\"font-family: Arial, sans-serif;\">Das Pulldown-Men\u00fc <b>Sortierung <\/b>erm\u00f6glicht es Ihnen, die Reihenfolge Datens\u00e4tze gem\u00e4\u00df der numerischen (bei Zahlendaten aufsteigend) oder der alphabetischen Reihenfolge verschiedener Datenfelder zu sortieren.<\/span><\/p>\n","protected":false},"excerpt":{"rendered":"<p>1.Standard-Pulldown-Men\u00fcs Die Befehle der Pulldown-Men\u00fcs k\u00f6nnen Sie durch Anklicken oder direkt durch Eingabe der dazugeh\u00f6rigen Tastenkombination ausw\u00e4hlen. Das Pulldown-Men\u00fc Start\u00a0beinhaltet die gleichen Befehle, die sie auch \u00fcber die Standardschaltfl\u00e4chen (siehe unten) ausw\u00e4hlen k\u00f6nnen. Das Pulldown-Men\u00fc Bearbeiten enth\u00e4lt Befehle, die Sie eventuell schon aus anderen Windows-Programmen kennen: Der Befehl &#8222;R\u00fcckg\u00e4ngig&#8220; mit Schaltfl\u00e4che &#8222;Strg + R&#8220; macht [&hellip;]<\/p>\n","protected":false},"author":1,"featured_media":0,"parent":0,"menu_order":0,"comment_status":"closed","ping_status":"closed","template":"","meta":{"footnotes":""},"class_list":["post-35","page","type-page","status-publish","hentry"],"_links":{"self":[{"href":"https:\/\/handbuch.sdigroup.de\/hdm\/index.php\/wp-json\/wp\/v2\/pages\/35","targetHints":{"allow":["GET"]}}],"collection":[{"href":"https:\/\/handbuch.sdigroup.de\/hdm\/index.php\/wp-json\/wp\/v2\/pages"}],"about":[{"href":"https:\/\/handbuch.sdigroup.de\/hdm\/index.php\/wp-json\/wp\/v2\/types\/page"}],"author":[{"embeddable":true,"href":"https:\/\/handbuch.sdigroup.de\/hdm\/index.php\/wp-json\/wp\/v2\/users\/1"}],"replies":[{"embeddable":true,"href":"https:\/\/handbuch.sdigroup.de\/hdm\/index.php\/wp-json\/wp\/v2\/comments?post=35"}],"version-history":[{"count":13,"href":"https:\/\/handbuch.sdigroup.de\/hdm\/index.php\/wp-json\/wp\/v2\/pages\/35\/revisions"}],"predecessor-version":[{"id":1124,"href":"https:\/\/handbuch.sdigroup.de\/hdm\/index.php\/wp-json\/wp\/v2\/pages\/35\/revisions\/1124"}],"wp:attachment":[{"href":"https:\/\/handbuch.sdigroup.de\/hdm\/index.php\/wp-json\/wp\/v2\/media?parent=35"}],"curies":[{"name":"wp","href":"https:\/\/api.w.org\/{rel}","templated":true}]}}