{"id":33,"date":"2016-08-23T12:29:05","date_gmt":"2016-08-23T10:29:05","guid":{"rendered":"http:\/\/handbuch.sdigroup.de\/hdm\/?page_id=33"},"modified":"2020-10-20T15:50:59","modified_gmt":"2020-10-20T13:50:59","slug":"5-1-eingabemasken","status":"publish","type":"page","link":"https:\/\/handbuch.sdigroup.de\/hdm\/index.php\/5-1-eingabemasken\/","title":{"rendered":"5.1.Eingabemasken"},"content":{"rendered":"<p align=\"CENTER\"><span style=\"font-family: Arial, sans-serif;\"><span style=\"font-size: x-large;\"><b>Die Eingabemaske<\/b><\/span><\/span><\/p>\n<p><span style=\"font-family: Arial, sans-serif;\"><br \/>\n<img loading=\"lazy\" decoding=\"async\" class=\"alignnone size-full wp-image-555\" src=\"https:\/\/handbuch.sdigroup.de\/hdm\/wp-content\/uploads\/2016\/08\/5.1-Eingabemasken-2.png\" alt=\"5.1 Eingabemasken 2\" width=\"1290\" height=\"968\" srcset=\"https:\/\/handbuch.sdigroup.de\/hdm\/wp-content\/uploads\/2016\/08\/5.1-Eingabemasken-2.png 1290w, https:\/\/handbuch.sdigroup.de\/hdm\/wp-content\/uploads\/2016\/08\/5.1-Eingabemasken-2-300x225.png 300w, https:\/\/handbuch.sdigroup.de\/hdm\/wp-content\/uploads\/2016\/08\/5.1-Eingabemasken-2-768x576.png 768w, https:\/\/handbuch.sdigroup.de\/hdm\/wp-content\/uploads\/2016\/08\/5.1-Eingabemasken-2-1024x768.png 1024w\" sizes=\"auto, (max-width: 1290px) 100vw, 1290px\" \/><br \/>\n<\/span><\/p>\n<p><span style=\"font-family: Arial, sans-serif;\">In dem <b>Eingabefeld,<\/b> in dem die Einf\u00fcgemarke blinkt, k\u00f6nnen Sie Ihre Daten eingeben. Mit Eingabe von Return oder Tab wechseln Sie zum n\u00e4chsten Eingabefeld. Bet\u00e4tigen Sie die Tastenkombination <b>Shift + Tab\u00a0<\/b>gehen Sie ein Feld zur\u00fcck. Nat\u00fcrlich k\u00f6nnen Sie auch mit der Maus das Eingabefeld anklicken, zu dem Sie wechseln m\u00f6chten.<br \/>\n<b><\/b><\/span><\/p>\n<p><span style=\"font-family: Arial, sans-serif;\"><b>Eingabehilfen<\/b> erleichtern Ihnen die Dateneingabe:<\/span><\/p>\n<p><span style=\"font-family: Arial, sans-serif;\">Die <b>Schaltfl\u00e4che D<\/b> f\u00fcgt automatisch das aktuelle Datum ein.<br \/>\nKlicken Sie den Pfeil rechts neben einem Eingabefeld an, erhalten Sie eine <b>Auswahlliste.<\/b> Durch Anklicken \u00fcbernehmen Sie einen Begriff aus der Liste in das Eingabefeld.<\/span><\/p>\n<p><span style=\"font-family: Arial, sans-serif;\">Daneben gibt es noch Felder, die <b>automatisch berechnet <\/b>oder <b>erg\u00e4nzt <\/b>werden.<br \/>\nUm Ihnen das Arbeiten mit dem Programm zu erleichtern, wurden die einzelnen Module weitestgehend gleich aufgebaut.<\/span><\/p>\n","protected":false},"excerpt":{"rendered":"<p>Die Eingabemaske In dem Eingabefeld, in dem die Einf\u00fcgemarke blinkt, k\u00f6nnen Sie Ihre Daten eingeben. Mit Eingabe von Return oder Tab wechseln Sie zum n\u00e4chsten Eingabefeld. Bet\u00e4tigen Sie die Tastenkombination Shift + Tab\u00a0gehen Sie ein Feld zur\u00fcck. Nat\u00fcrlich k\u00f6nnen Sie auch mit der Maus das Eingabefeld anklicken, zu dem Sie wechseln m\u00f6chten. Eingabehilfen erleichtern Ihnen [&hellip;]<\/p>\n","protected":false},"author":1,"featured_media":0,"parent":0,"menu_order":0,"comment_status":"closed","ping_status":"closed","template":"","meta":{"footnotes":""},"class_list":["post-33","page","type-page","status-publish","hentry"],"_links":{"self":[{"href":"https:\/\/handbuch.sdigroup.de\/hdm\/index.php\/wp-json\/wp\/v2\/pages\/33","targetHints":{"allow":["GET"]}}],"collection":[{"href":"https:\/\/handbuch.sdigroup.de\/hdm\/index.php\/wp-json\/wp\/v2\/pages"}],"about":[{"href":"https:\/\/handbuch.sdigroup.de\/hdm\/index.php\/wp-json\/wp\/v2\/types\/page"}],"author":[{"embeddable":true,"href":"https:\/\/handbuch.sdigroup.de\/hdm\/index.php\/wp-json\/wp\/v2\/users\/1"}],"replies":[{"embeddable":true,"href":"https:\/\/handbuch.sdigroup.de\/hdm\/index.php\/wp-json\/wp\/v2\/comments?post=33"}],"version-history":[{"count":7,"href":"https:\/\/handbuch.sdigroup.de\/hdm\/index.php\/wp-json\/wp\/v2\/pages\/33\/revisions"}],"predecessor-version":[{"id":1122,"href":"https:\/\/handbuch.sdigroup.de\/hdm\/index.php\/wp-json\/wp\/v2\/pages\/33\/revisions\/1122"}],"wp:attachment":[{"href":"https:\/\/handbuch.sdigroup.de\/hdm\/index.php\/wp-json\/wp\/v2\/media?parent=33"}],"curies":[{"name":"wp","href":"https:\/\/api.w.org\/{rel}","templated":true}]}}