{"id":322,"date":"2016-08-25T12:17:57","date_gmt":"2016-08-25T10:17:57","guid":{"rendered":"http:\/\/handbuch.sdigroup.de\/hdm\/?page_id=322"},"modified":"2020-10-30T11:47:18","modified_gmt":"2020-10-30T10:47:18","slug":"12-7-mahnungen","status":"publish","type":"page","link":"https:\/\/handbuch.sdigroup.de\/hdm\/index.php\/12-7-mahnungen\/","title":{"rendered":"12.7.Mahnungen"},"content":{"rendered":"<p align=\"CENTER\"><span style=\"font-size: x-large;\"><b>Mahnung:<\/b><\/span><\/p>\n<ol>\n<li>Links in der Hauptnavigation auf<strong> &#8222;Kontrolle&#8220;<\/strong><\/li>\n<\/ol>\n<p>Erster Mahnungsdurchlauf<\/p>\n<ol>\n<li>Oben in das Men\u00fc <strong>Mahnwesen<\/strong> klicken.<\/li>\n<li>Klicken Sie auf &#8222;<strong>Mahnposten 1&#8243;.<\/strong> Es werden alle Rechnungen gesucht, die noch offen sind und in einem bestimmten Zeitraum liegen (von-bis).<\/li>\n<li>Eine Liste mit den gefundenen Rechnungen \u00f6ffnet sich.<\/li>\n<li>Klicken Sie nun auf <strong>&#8222;Liste&#8220;<\/strong>, w\u00e4hlen Sie danach <strong>&#8222;Mahnung-Serienbriefe&#8220;<\/strong> aus.\n<ol>\n<li>Sie werden gefragt ob<strong> Sie den Mahnstatus erh\u00f6hen m\u00f6chten.<\/strong> Dies k\u00f6nnen Sie mit <strong>JA<\/strong> best\u00e4tigen. Der Mahnstatus wird hochgesetzt und die Mahnung** wird gedruckt.<\/li>\n<li>Wenn Sie die Frage der Mahnstatuserh\u00f6hung mit <strong>NEIN<\/strong> best\u00e4tigen wird der Mahnstatus nicht erh\u00f6ht und die aktuelle Mahnung wird erneut gedruckt. Wenn Sie dann das n\u00e4chste Mal den Mahnlauf durchf\u00fchren werden die Rechnungen, deren Mahnstatus nicht erh\u00f6ht wurde, wieder im Mahnlauf angezeigt. Sie k\u00f6nnen dann den Mahnstatus hochsetzen in dem Sie wieder auf <strong>&#8222;Liste&#8220; &gt;&gt; &#8222;Mahnung-Serienbriefe&#8220;<\/strong> gehen und die Frage, den Mahnstatus zu erh\u00f6hen, mit <strong>JA<\/strong> best\u00e4tigen. Die Mahnung** wird gedruckt.<\/li>\n<\/ol>\n<\/li>\n<\/ol>\n<p>Zweiter Mahnungsdurchlauf:<\/p>\n<ol>\n<li>In der Men\u00fczeile auf <strong>Mahnwesen<\/strong> und klicken Sie auf <strong>&#8222;Mahnposten 2&#8220;.<\/strong> Es werden alle Rechnungen gesucht die noch offen sind und den Mahnstatus M1 besitzen.<\/li>\n<li>Fahren Sie fort, so wie Sie im ersten Mahnlauf mit Punkt 2 und 3.<\/li>\n<\/ol>\n<p>Dritter Mahnungsdurchlauf<\/p>\n<ol>\n<li>\u00a0Klicken Sie auf <strong>&#8222;Mahnposten 3&#8220;.<\/strong> Es werden alle Rechnungen gesucht die noch offen sind und den Mahnstatus M2 besitzen.<\/li>\n<li>Verfahren Sie so wie im ersten Mahnlauf mit Punkt 2 und 3.<\/li>\n<\/ol>\n<p>Anwaltsposten<\/p>\n<ol>\n<li>Klicken Sie auf <strong>&#8222;Anwaltsposten&#8220;.<\/strong> Es werden alle Rechnungen gesucht die noch offen sind und den Mahnstatus M3 besitzen.<\/li>\n<li>Verfahren Sie so wie im ersten Mahnlauf mit Punkt 2 und 3.<\/li>\n<\/ol>\n<p>* Die Zeitr\u00e4ume finden Sie unter Systemeinstellungen-&gt;Grundeinstellungen. Die dort angegebenen Tage beziehen sich <strong>ALLE<\/strong> auf das eigentliche Rechnungs- Datum.<\/p>\n<p>** In diesem Fall Mahnung 1<\/p>\n","protected":false},"excerpt":{"rendered":"<p>Mahnung: Links in der Hauptnavigation auf &#8222;Kontrolle&#8220; Erster Mahnungsdurchlauf Oben in das Men\u00fc Mahnwesen klicken. Klicken Sie auf &#8222;Mahnposten 1&#8243;. Es werden alle Rechnungen gesucht, die noch offen sind und in einem bestimmten Zeitraum liegen (von-bis). Eine Liste mit den gefundenen Rechnungen \u00f6ffnet sich. Klicken Sie nun auf &#8222;Liste&#8220;, w\u00e4hlen Sie danach &#8222;Mahnung-Serienbriefe&#8220; aus. Sie [&hellip;]<\/p>\n","protected":false},"author":1,"featured_media":0,"parent":0,"menu_order":0,"comment_status":"closed","ping_status":"closed","template":"","meta":{"footnotes":""},"class_list":["post-322","page","type-page","status-publish","hentry"],"_links":{"self":[{"href":"https:\/\/handbuch.sdigroup.de\/hdm\/index.php\/wp-json\/wp\/v2\/pages\/322","targetHints":{"allow":["GET"]}}],"collection":[{"href":"https:\/\/handbuch.sdigroup.de\/hdm\/index.php\/wp-json\/wp\/v2\/pages"}],"about":[{"href":"https:\/\/handbuch.sdigroup.de\/hdm\/index.php\/wp-json\/wp\/v2\/types\/page"}],"author":[{"embeddable":true,"href":"https:\/\/handbuch.sdigroup.de\/hdm\/index.php\/wp-json\/wp\/v2\/users\/1"}],"replies":[{"embeddable":true,"href":"https:\/\/handbuch.sdigroup.de\/hdm\/index.php\/wp-json\/wp\/v2\/comments?post=322"}],"version-history":[{"count":4,"href":"https:\/\/handbuch.sdigroup.de\/hdm\/index.php\/wp-json\/wp\/v2\/pages\/322\/revisions"}],"predecessor-version":[{"id":1286,"href":"https:\/\/handbuch.sdigroup.de\/hdm\/index.php\/wp-json\/wp\/v2\/pages\/322\/revisions\/1286"}],"wp:attachment":[{"href":"https:\/\/handbuch.sdigroup.de\/hdm\/index.php\/wp-json\/wp\/v2\/media?parent=322"}],"curies":[{"name":"wp","href":"https:\/\/api.w.org\/{rel}","templated":true}]}}