{"id":320,"date":"2016-08-25T12:15:32","date_gmt":"2016-08-25T10:15:32","guid":{"rendered":"http:\/\/handbuch.sdigroup.de\/hdm\/?page_id=320"},"modified":"2020-10-30T11:22:38","modified_gmt":"2020-10-30T10:22:38","slug":"12-6-storno-rechnunglieferscheingutschriftauftragsbestaetigung","status":"publish","type":"page","link":"https:\/\/handbuch.sdigroup.de\/hdm\/index.php\/12-6-storno-rechnunglieferscheingutschriftauftragsbestaetigung\/","title":{"rendered":"12.6.Belegstonierung"},"content":{"rendered":"<p align=\"CENTER\"><span style=\"font-size: x-large;\"><b>5. Rechnung, Lieferschein, Gutschrift, Auftragsbest\u00e4tigung stornieren<\/b><\/span><\/p>\n<ol>\n<li>In der Hauptnavigation link auf <strong>&#8222;Kontrolle&#8220;<\/strong><\/li>\n<li>Die Belegart <strong>&#8222;Storno&#8220;<\/strong> ausw\u00e4hlen<\/li>\n<li><strong>Order-Nr.:<\/strong> eingeben (<strong>Rechnung-Nr., Lieferschein-Nr<\/strong>., usw.)<br \/>\nz.B.\u00a02001021-10023\u00a0Diese Nummer besteht aus <b>2<\/b> f\u00fcr 2. Jahrtausend (also alles ab 2000), <b>00<\/b> f\u00fcr Jahr 2000 <b>10<\/b> f\u00fcr Monat Oktober <b>21<\/b> f\u00fcr Tag 21 \u201e <b>&#8211; <\/b>\u201e Trennung Datum und Nummer <b>10023<\/b> fortlaufende Nummernkreis<\/li>\n<li>Oben in der Men\u00fcleiste auf\u00a0 <strong>&#8222;Suchen&#8220;<\/strong> oder Schaltfl\u00e4che <strong>&#8222;F8&#8220;<\/strong> bet\u00e4tigen.<\/li>\n<li>Dann oben in der Men\u00fczeile auf\u00a0 <strong>&#8222;Stornieren&#8220;<\/strong><\/li>\n<li>Meldung mit <strong>&#8222;JA&#8220;<\/strong> beantworten<\/li>\n<\/ol>\n","protected":false},"excerpt":{"rendered":"<p>5. Rechnung, Lieferschein, Gutschrift, Auftragsbest\u00e4tigung stornieren In der Hauptnavigation link auf &#8222;Kontrolle&#8220; Die Belegart &#8222;Storno&#8220; ausw\u00e4hlen Order-Nr.: eingeben (Rechnung-Nr., Lieferschein-Nr., usw.) z.B.\u00a02001021-10023\u00a0Diese Nummer besteht aus 2 f\u00fcr 2. Jahrtausend (also alles ab 2000), 00 f\u00fcr Jahr 2000 10 f\u00fcr Monat Oktober 21 f\u00fcr Tag 21 \u201e &#8211; \u201e Trennung Datum und Nummer 10023 fortlaufende Nummernkreis [&hellip;]<\/p>\n","protected":false},"author":1,"featured_media":0,"parent":0,"menu_order":0,"comment_status":"closed","ping_status":"closed","template":"","meta":{"footnotes":""},"class_list":["post-320","page","type-page","status-publish","hentry"],"_links":{"self":[{"href":"https:\/\/handbuch.sdigroup.de\/hdm\/index.php\/wp-json\/wp\/v2\/pages\/320","targetHints":{"allow":["GET"]}}],"collection":[{"href":"https:\/\/handbuch.sdigroup.de\/hdm\/index.php\/wp-json\/wp\/v2\/pages"}],"about":[{"href":"https:\/\/handbuch.sdigroup.de\/hdm\/index.php\/wp-json\/wp\/v2\/types\/page"}],"author":[{"embeddable":true,"href":"https:\/\/handbuch.sdigroup.de\/hdm\/index.php\/wp-json\/wp\/v2\/users\/1"}],"replies":[{"embeddable":true,"href":"https:\/\/handbuch.sdigroup.de\/hdm\/index.php\/wp-json\/wp\/v2\/comments?post=320"}],"version-history":[{"count":5,"href":"https:\/\/handbuch.sdigroup.de\/hdm\/index.php\/wp-json\/wp\/v2\/pages\/320\/revisions"}],"predecessor-version":[{"id":1283,"href":"https:\/\/handbuch.sdigroup.de\/hdm\/index.php\/wp-json\/wp\/v2\/pages\/320\/revisions\/1283"}],"wp:attachment":[{"href":"https:\/\/handbuch.sdigroup.de\/hdm\/index.php\/wp-json\/wp\/v2\/media?parent=320"}],"curies":[{"name":"wp","href":"https:\/\/api.w.org\/{rel}","templated":true}]}}