{"id":318,"date":"2016-08-25T12:14:05","date_gmt":"2016-08-25T10:14:05","guid":{"rendered":"http:\/\/handbuch.sdigroup.de\/hdm\/?page_id=318"},"modified":"2020-11-02T09:54:13","modified_gmt":"2020-11-02T08:54:13","slug":"12-5-kunden-bestellungauf-bestellung","status":"publish","type":"page","link":"https:\/\/handbuch.sdigroup.de\/hdm\/index.php\/12-5-kunden-bestellungauf-bestellung\/","title":{"rendered":"12.5.Auftragsbest\u00e4tigung"},"content":{"rendered":"<p align=\"CENTER\"><span style=\"font-size: x-large;\"><b>5. Kundenbestellung<\/b><\/span><\/p>\n<p>(Auftragsbest\u00e4tigung) erstellen<\/p>\n<p>Um eine Auftragsbest\u00e4tigung zu erstellen m\u00fcssen sie im Grunde genauso vorgehen wie beim erstellen einer Rechnung.<\/p>\n<p>1. Als erstes gehen Sie links in der Hauptnavigation auf <strong>&#8222;Erfassung&#8220; <\/strong><\/p>\n<p>2. Die Belegart auf <strong>&#8222;Auftragsbest\u00e4tigung&#8220; <\/strong>umstellen falls es nicht gew\u00e4hlt ist.<img loading=\"lazy\" decoding=\"async\" class=\"alignnone size-full wp-image-1075\" src=\"https:\/\/handbuch.sdigroup.de\/hdm\/wp-content\/uploads\/2016\/08\/12.5.png\" alt=\"12.5\" width=\"1080\" height=\"281\" srcset=\"https:\/\/handbuch.sdigroup.de\/hdm\/wp-content\/uploads\/2016\/08\/12.5.png 1080w, https:\/\/handbuch.sdigroup.de\/hdm\/wp-content\/uploads\/2016\/08\/12.5-300x78.png 300w, https:\/\/handbuch.sdigroup.de\/hdm\/wp-content\/uploads\/2016\/08\/12.5-768x200.png 768w, https:\/\/handbuch.sdigroup.de\/hdm\/wp-content\/uploads\/2016\/08\/12.5-1024x266.png 1024w\" sizes=\"auto, (max-width: 1080px) 100vw, 1080px\" \/><\/p>\n<p>3. Wichtig ist, dass bei einer <strong>Auftragsbest\u00e4tigung<\/strong> die &#8222;<b>Ordernummer&#8220;<\/b> mit angegeben wird! Auch das &#8222;<b>Lieferdatum&#8220;<\/b> ist sehr n\u00fctzlich bei den weiteren Funktionen (z.B. im Bestellwesen Modul)<\/p>\n<p>Wenn sie die Auftragsbest\u00e4tigung ausdrucken und sie gefragt werden, <b>ob die Ware abgebucht werden soll, <\/b>bet\u00e4tigen Sie<b> &#8222;JA&#8220;.<\/b><\/p>\n","protected":false},"excerpt":{"rendered":"<p>5. Kundenbestellung (Auftragsbest\u00e4tigung) erstellen Um eine Auftragsbest\u00e4tigung zu erstellen m\u00fcssen sie im Grunde genauso vorgehen wie beim erstellen einer Rechnung. 1. Als erstes gehen Sie links in der Hauptnavigation auf &#8222;Erfassung&#8220; 2. Die Belegart auf &#8222;Auftragsbest\u00e4tigung&#8220; umstellen falls es nicht gew\u00e4hlt ist. 3. Wichtig ist, dass bei einer Auftragsbest\u00e4tigung die &#8222;Ordernummer&#8220; mit angegeben wird! Auch [&hellip;]<\/p>\n","protected":false},"author":1,"featured_media":0,"parent":0,"menu_order":0,"comment_status":"closed","ping_status":"closed","template":"","meta":{"footnotes":""},"class_list":["post-318","page","type-page","status-publish","hentry"],"_links":{"self":[{"href":"https:\/\/handbuch.sdigroup.de\/hdm\/index.php\/wp-json\/wp\/v2\/pages\/318","targetHints":{"allow":["GET"]}}],"collection":[{"href":"https:\/\/handbuch.sdigroup.de\/hdm\/index.php\/wp-json\/wp\/v2\/pages"}],"about":[{"href":"https:\/\/handbuch.sdigroup.de\/hdm\/index.php\/wp-json\/wp\/v2\/types\/page"}],"author":[{"embeddable":true,"href":"https:\/\/handbuch.sdigroup.de\/hdm\/index.php\/wp-json\/wp\/v2\/users\/1"}],"replies":[{"embeddable":true,"href":"https:\/\/handbuch.sdigroup.de\/hdm\/index.php\/wp-json\/wp\/v2\/comments?post=318"}],"version-history":[{"count":6,"href":"https:\/\/handbuch.sdigroup.de\/hdm\/index.php\/wp-json\/wp\/v2\/pages\/318\/revisions"}],"predecessor-version":[{"id":1296,"href":"https:\/\/handbuch.sdigroup.de\/hdm\/index.php\/wp-json\/wp\/v2\/pages\/318\/revisions\/1296"}],"wp:attachment":[{"href":"https:\/\/handbuch.sdigroup.de\/hdm\/index.php\/wp-json\/wp\/v2\/media?parent=318"}],"curies":[{"name":"wp","href":"https:\/\/api.w.org\/{rel}","templated":true}]}}