{"id":316,"date":"2016-08-25T12:13:07","date_gmt":"2016-08-25T10:13:07","guid":{"rendered":"http:\/\/handbuch.sdigroup.de\/hdm\/?page_id=316"},"modified":"2020-10-30T10:48:59","modified_gmt":"2020-10-30T09:48:59","slug":"12-4-lieferschein-gutschrift","status":"publish","type":"page","link":"https:\/\/handbuch.sdigroup.de\/hdm\/index.php\/12-4-lieferschein-gutschrift\/","title":{"rendered":"12.4.Lieferschein &#8211; Gutschrift"},"content":{"rendered":"<p align=\"CENTER\"><span style=\"font-size: x-large;\"><b>3. Lieferschein, Gutschrift, Retoure erstellen<\/b><\/span><\/p>\n<ol>\n<li>Links in der Hauptnavigation auf\u00a0 <strong>&#8222;Erfassung&#8220;<\/strong><\/li>\n<li>Bestehenden Kunden <strong>&#8222;Suchen&#8220; <\/strong>oder neuen Kunden anlegen<\/li>\n<li>Mit der Schaltfl\u00e4che <strong>&#8222;F2&#8220;<\/strong> kommt man in das Untermen\u00fc Kundeninformationen Bonit\u00e4t, Ums\u00e4tze, also die eigentliche Kundenhistorie etc.<\/li>\n<li><img loading=\"lazy\" decoding=\"async\" class=\"alignnone size-full wp-image-1274\" src=\"https:\/\/handbuch.sdigroup.de\/hdm\/wp-content\/uploads\/2020\/10\/Kundeninformation.png\" alt=\"\" width=\"576\" height=\"544\" srcset=\"https:\/\/handbuch.sdigroup.de\/hdm\/wp-content\/uploads\/2020\/10\/Kundeninformation.png 576w, https:\/\/handbuch.sdigroup.de\/hdm\/wp-content\/uploads\/2020\/10\/Kundeninformation-300x283.png 300w\" sizes=\"auto, (max-width: 576px) 100vw, 576px\" \/><\/li>\n<\/ol>\n","protected":false},"excerpt":{"rendered":"<p>3. Lieferschein, Gutschrift, Retoure erstellen Links in der Hauptnavigation auf\u00a0 &#8222;Erfassung&#8220; Bestehenden Kunden &#8222;Suchen&#8220; oder neuen Kunden anlegen Mit der Schaltfl\u00e4che &#8222;F2&#8220; kommt man in das Untermen\u00fc Kundeninformationen Bonit\u00e4t, Ums\u00e4tze, also die eigentliche Kundenhistorie etc.<\/p>\n","protected":false},"author":1,"featured_media":0,"parent":0,"menu_order":0,"comment_status":"closed","ping_status":"closed","template":"","meta":{"footnotes":""},"class_list":["post-316","page","type-page","status-publish","hentry"],"_links":{"self":[{"href":"https:\/\/handbuch.sdigroup.de\/hdm\/index.php\/wp-json\/wp\/v2\/pages\/316","targetHints":{"allow":["GET"]}}],"collection":[{"href":"https:\/\/handbuch.sdigroup.de\/hdm\/index.php\/wp-json\/wp\/v2\/pages"}],"about":[{"href":"https:\/\/handbuch.sdigroup.de\/hdm\/index.php\/wp-json\/wp\/v2\/types\/page"}],"author":[{"embeddable":true,"href":"https:\/\/handbuch.sdigroup.de\/hdm\/index.php\/wp-json\/wp\/v2\/users\/1"}],"replies":[{"embeddable":true,"href":"https:\/\/handbuch.sdigroup.de\/hdm\/index.php\/wp-json\/wp\/v2\/comments?post=316"}],"version-history":[{"count":3,"href":"https:\/\/handbuch.sdigroup.de\/hdm\/index.php\/wp-json\/wp\/v2\/pages\/316\/revisions"}],"predecessor-version":[{"id":1275,"href":"https:\/\/handbuch.sdigroup.de\/hdm\/index.php\/wp-json\/wp\/v2\/pages\/316\/revisions\/1275"}],"wp:attachment":[{"href":"https:\/\/handbuch.sdigroup.de\/hdm\/index.php\/wp-json\/wp\/v2\/media?parent=316"}],"curies":[{"name":"wp","href":"https:\/\/api.w.org\/{rel}","templated":true}]}}