{"id":314,"date":"2016-08-25T12:11:42","date_gmt":"2016-08-25T10:11:42","guid":{"rendered":"http:\/\/handbuch.sdigroup.de\/hdm\/?page_id=314"},"modified":"2020-10-30T10:59:29","modified_gmt":"2020-10-30T09:59:29","slug":"12-3-rechnung-lieferschein","status":"publish","type":"page","link":"https:\/\/handbuch.sdigroup.de\/hdm\/index.php\/12-3-rechnung-lieferschein\/","title":{"rendered":"12.3.Rechnung + Lieferschein"},"content":{"rendered":"<p align=\"CENTER\"><span style=\"font-size: x-large;\"><b>2. Rechnung mit Lieferschein erstellen<\/b><\/span><\/p>\n<ol>\n<li>In der Hauptnavigation links auf <strong>&#8222;Erfassung&#8220;\u00a0\u00a0<\/strong><\/li>\n<li>Schaltfl\u00e4che\u00a0<b>Rechnung<\/b> dr\u00fccken\u00a0 \u00a0 \u00a0 \u00a0 \u00a0 \u00a0 \u00a0 \u00a0 \u00a0 \u00a0 \u00a0 \u00a0 \u00a0 \u00a0 \u00a0 \u00a0 \u00a0 \u00a0 \u00a0 \u00a0 \u00a0 \u00a0 \u00a0 \u00a0 \u00a0 \u00a0 \u00a0 \u00a0 \u00a0 \u00a0 \u00a0 \u00a0 \u00a0 (Standard: Rechnungsmodus ist eingestellt)<\/li>\n<li>Kunde anhand Kundenkriterien <strong>&#8222;Suchen&#8220;<\/strong> oder Schaltfl\u00e4che <strong>&#8222;F8&#8220;<\/strong> und ausw\u00e4hlen<br \/>\n<img loading=\"lazy\" decoding=\"async\" class=\"alignnone size-full wp-image-1071\" src=\"https:\/\/handbuch.sdigroup.de\/hdm\/wp-content\/uploads\/2016\/08\/12.3.png\" alt=\"12.3\" width=\"930\" height=\"363\" srcset=\"https:\/\/handbuch.sdigroup.de\/hdm\/wp-content\/uploads\/2016\/08\/12.3.png 930w, https:\/\/handbuch.sdigroup.de\/hdm\/wp-content\/uploads\/2016\/08\/12.3-300x117.png 300w, https:\/\/handbuch.sdigroup.de\/hdm\/wp-content\/uploads\/2016\/08\/12.3-768x300.png 768w\" sizes=\"auto, (max-width: 930px) 100vw, 930px\" \/><\/li>\n<li><strong>Versandart<\/strong> eingeben z.B. UPS<img loading=\"lazy\" decoding=\"async\" class=\"alignnone size-full wp-image-1073\" src=\"https:\/\/handbuch.sdigroup.de\/hdm\/wp-content\/uploads\/2016\/08\/12.3.2.png\" alt=\"12.3.2\" width=\"1079\" height=\"804\" srcset=\"https:\/\/handbuch.sdigroup.de\/hdm\/wp-content\/uploads\/2016\/08\/12.3.2.png 1079w, https:\/\/handbuch.sdigroup.de\/hdm\/wp-content\/uploads\/2016\/08\/12.3.2-300x224.png 300w, https:\/\/handbuch.sdigroup.de\/hdm\/wp-content\/uploads\/2016\/08\/12.3.2-768x572.png 768w, https:\/\/handbuch.sdigroup.de\/hdm\/wp-content\/uploads\/2016\/08\/12.3.2-1024x763.png 1024w\" sizes=\"auto, (max-width: 1079px) 100vw, 1079px\" \/><\/li>\n<li>Positionieren sich in der Spalte <strong>Artikel-Nr.<\/strong> und <strong>Artikelname<\/strong> eingeben. (Manual Eingabe BC F9 Barcode \u201eAUS&#8220;).<\/li>\n<li><strong>ODER<\/strong><\/li>\n<li>Positionieren sich in der Spalte <strong>Artikel-Nr<\/strong>. und bedienen Sie die Barcodeger\u00e4t. (Barcodeeingabe BC F9 Barcode \u201eAN&#8220;).<\/li>\n<li><strong>Gr\u00f6\u00dfe<\/strong> und <strong>Menge<\/strong> eingeben.<\/li>\n<li>Mit Enter k\u00f6nnen Sie die Felder best\u00e4tigen und in die n\u00e4chste Zeile springen und weitere Artikel eingeben.<\/li>\n<li><strong>Preis, Menge<\/strong> oder weitere Informationen k\u00f6nnen Sie nachtr\u00e4glich \u00e4ndern.<\/li>\n<li>Weitere Informationen wie<strong> Skonto, Porto, MwSt.<\/strong> k\u00f6nnen eingeben<\/li>\n<li>Oben in der Men\u00fczeile auf <strong>&#8222;Drucken&#8220;<\/strong> oder Schaltfl\u00e4che<strong> &#8222;F4&#8220;<\/strong> dr\u00fccken<\/li>\n<li>Meldung: <strong>&#8222;Lieferschein mit drucken?&#8220;<\/strong> mit<strong> &#8222;JA&#8220;<\/strong> antworten und wenn Sie abweichende Lieferadresse haben, beantworten Sie die Frage: <strong>&#8222;Abweichenden Lieferanschrift?&#8220;<\/strong> mit <strong>&#8222;JA&#8220;<\/strong> von der Tabelle<\/li>\n<li>Die Adresse w\u00e4hlen<\/li>\n<li>Rechnung ist bezahlt <strong>&#8222;JA \/ NEIN&#8220;<\/strong> und wie bezahlt wird eingeben<\/li>\n<li><strong>Rechnung und Lieferschein<\/strong> wird gedruckt<\/li>\n<li>Meldung: <strong>&#8222;Soll die Ware abgebucht werden?&#8220;<\/strong><\/li>\n<li>Mit &#8222;JA&#8220; beantworten: <strong>Die Ware, Ums\u00e4tze werden abgebucht<\/strong><\/li>\n<li>Mit &#8222;NEIN&#8220; beantworten: Rechnung wird zwischen gespeichert<\/li>\n<li>Sie k\u00f6nnen diese Rechnung in der Auftragsliste wieder finden:\u00a0 \u00a0 <strong>&#8222;Auftragsliste&#8220;<\/strong> oben in der Men\u00fczeile oder Schaltfl\u00e4che <strong>&#8222;F11&#8220;<\/strong> ,drucken von der Liste <strong>\u201eNicht abgebuchte Auftr\u00e4ge&#8220;<\/strong> Rechnung ausw\u00e4hlen und mit Schaltfl\u00e4che Anzeigen die best\u00e4tigen.<\/li>\n<\/ol>\n","protected":false},"excerpt":{"rendered":"<p>2. Rechnung mit Lieferschein erstellen In der Hauptnavigation links auf &#8222;Erfassung&#8220;\u00a0\u00a0 Schaltfl\u00e4che\u00a0Rechnung dr\u00fccken\u00a0 \u00a0 \u00a0 \u00a0 \u00a0 \u00a0 \u00a0 \u00a0 \u00a0 \u00a0 \u00a0 \u00a0 \u00a0 \u00a0 \u00a0 \u00a0 \u00a0 \u00a0 \u00a0 \u00a0 \u00a0 \u00a0 \u00a0 \u00a0 \u00a0 \u00a0 \u00a0 \u00a0 \u00a0 \u00a0 \u00a0 \u00a0 \u00a0 (Standard: Rechnungsmodus ist eingestellt) Kunde anhand Kundenkriterien &#8222;Suchen&#8220; oder Schaltfl\u00e4che [&hellip;]<\/p>\n","protected":false},"author":1,"featured_media":0,"parent":0,"menu_order":0,"comment_status":"closed","ping_status":"closed","template":"","meta":{"footnotes":""},"class_list":["post-314","page","type-page","status-publish","hentry"],"_links":{"self":[{"href":"https:\/\/handbuch.sdigroup.de\/hdm\/index.php\/wp-json\/wp\/v2\/pages\/314","targetHints":{"allow":["GET"]}}],"collection":[{"href":"https:\/\/handbuch.sdigroup.de\/hdm\/index.php\/wp-json\/wp\/v2\/pages"}],"about":[{"href":"https:\/\/handbuch.sdigroup.de\/hdm\/index.php\/wp-json\/wp\/v2\/types\/page"}],"author":[{"embeddable":true,"href":"https:\/\/handbuch.sdigroup.de\/hdm\/index.php\/wp-json\/wp\/v2\/users\/1"}],"replies":[{"embeddable":true,"href":"https:\/\/handbuch.sdigroup.de\/hdm\/index.php\/wp-json\/wp\/v2\/comments?post=314"}],"version-history":[{"count":14,"href":"https:\/\/handbuch.sdigroup.de\/hdm\/index.php\/wp-json\/wp\/v2\/pages\/314\/revisions"}],"predecessor-version":[{"id":1281,"href":"https:\/\/handbuch.sdigroup.de\/hdm\/index.php\/wp-json\/wp\/v2\/pages\/314\/revisions\/1281"}],"wp:attachment":[{"href":"https:\/\/handbuch.sdigroup.de\/hdm\/index.php\/wp-json\/wp\/v2\/media?parent=314"}],"curies":[{"name":"wp","href":"https:\/\/api.w.org\/{rel}","templated":true}]}}