{"id":312,"date":"2016-08-25T12:11:04","date_gmt":"2016-08-25T10:11:04","guid":{"rendered":"http:\/\/handbuch.sdigroup.de\/hdm\/?page_id=312"},"modified":"2020-10-30T10:15:56","modified_gmt":"2020-10-30T09:15:56","slug":"12-2-rechnung-erstellen","status":"publish","type":"page","link":"https:\/\/handbuch.sdigroup.de\/hdm\/index.php\/12-2-rechnung-erstellen\/","title":{"rendered":"12.2.Rechnung erstellen"},"content":{"rendered":"<p align=\"CENTER\"><span style=\"font-size: x-large;\"><b>2. Rechnung erstellen<\/b><\/span><\/p>\n<ol>\n<li>Links in der Hauptnavigation auf <strong>&#8222;Erfassung&#8220;<\/strong><\/li>\n<li>Schaltfl\u00e4che <b>Rechnung<\/b> dr\u00fccken\u00a0 \u00a0 \u00a0 \u00a0 \u00a0 \u00a0 \u00a0 \u00a0 \u00a0 \u00a0 \u00a0 \u00a0 \u00a0 \u00a0 \u00a0 \u00a0 \u00a0 \u00a0 \u00a0 \u00a0 \u00a0 \u00a0 \u00a0 \u00a0 \u00a0 \u00a0 \u00a0 \u00a0 \u00a0 \u00a0 \u00a0 \u00a0 \u00a0 \u00a0 \u00a0 \u00a0 \u00a0(Standard: Rechnungsmodus ist eingestellt)<br \/>\n<img loading=\"lazy\" decoding=\"async\" class=\"alignnone wp-image-1266 size-large\" src=\"https:\/\/handbuch.sdigroup.de\/hdm\/wp-content\/uploads\/2020\/10\/erfassung-1024x759.png\" alt=\"\" width=\"720\" height=\"534\" srcset=\"https:\/\/handbuch.sdigroup.de\/hdm\/wp-content\/uploads\/2020\/10\/erfassung-1024x759.png 1024w, https:\/\/handbuch.sdigroup.de\/hdm\/wp-content\/uploads\/2020\/10\/erfassung-300x222.png 300w, https:\/\/handbuch.sdigroup.de\/hdm\/wp-content\/uploads\/2020\/10\/erfassung-768x569.png 768w, https:\/\/handbuch.sdigroup.de\/hdm\/wp-content\/uploads\/2020\/10\/erfassung.png 1062w\" sizes=\"auto, (max-width: 720px) 100vw, 720px\" \/><\/li>\n<li>Kundenkriterien eingeben (wie z.B. Kundenummer, Inhaber, oder weitere Angaben wie Firmenname, Stra\u00dfe,\u2026)<\/li>\n<li>Kunden <strong>&#8222;Suchen&#8220;<\/strong> ober in der Men\u00fczeile<\/li>\n<li>Positionieren Sie den Mauszeiger in Spalte <strong>Artikelnummer<\/strong> und<br \/>\ngeben Sie die Artikelnummer ein.<br \/>\n( Manuelle Eingabe\/ Barcode in der Men\u00fczeile ist &lt;AUS&gt; )<\/li>\n<li><strong>Gr\u00f6\u00dfe<\/strong> und <strong>Menge<\/strong> bestimmen<\/li>\n<li>Mit <strong>Enter<\/strong> k\u00f6nnen Sie die Felder best\u00e4tigen und in die n\u00e4chste Zeile<br \/>\nspringen um weitere Artikel einzugeben.<\/li>\n<li><strong>(WENN MIT SCANNER GEARBIETET WIRD:<\/strong> Positionieren Sie den Mauszeiger in Spalte <strong>Artikel-Nr.<\/strong> und bedienen Sie den Scanner.<br \/>\n(Barcodeeingabe \/ Barcode mit F9 &lt;AN&gt;)<\/li>\n<li>Automatisch werden alle Informationen durch Ablesen des<br \/>\nArtikeletiketts durch den Barcode-Leser (Scanner) eingetragen.)<\/li>\n<li><strong>Preis, Menge<\/strong> oder weitere Informationen k\u00f6nnen Sie nachtr\u00e4glich \u00e4ndern.<\/li>\n<li>Wenn alles eingetragen, oben in der Men\u00fcleiste auf <strong>&#8222;Drucken&#8220;<\/strong> oder Schaltfl\u00e4che <strong>&#8222;F4&#8220;<\/strong> bet\u00e4tigen.<\/li>\n<li>Abfrage:<strong> Rechnung bezahlt<\/strong>?, <strong>&#8222;JA\/NEIN&#8220;<\/strong><br \/>\nFalls Antwort <strong>&#8222;JA&#8220;<\/strong>: <strong>&#8222;Wie wird bezahlt?&#8220;, <\/strong>Zahlungsart eingeben.<\/li>\n<li>Rechnung wird <strong>gedruckt<\/strong><\/li>\n<li>Meldung: <strong>&#8222;Soll die Ware abgebucht werden?&#8220;<\/strong>, mit <strong>&#8222;JA&#8220;<\/strong> beantworten: Die Ware, Ums\u00e4tze werden abgebucht<br \/>\nMit <strong>&#8222;NEIN&#8220;<\/strong> beantworten: Rechnung wird zwischen gespeichert.<br \/>\nSie k\u00f6nnen diese Rechnung in <strong>der Auftragsliste<\/strong> wieder finden\u00a0 \u00a0 \u00a0 \u00a0 \u00a0 \u00a0 \u00a0 \u00a0 <strong>(Auftragsliste oben in der Men\u00fcleiste oder Schaltfl\u00e4che F11)<\/strong> in der <strong>Liste<\/strong> auf <strong>&#8222;Nicht abgebuchte Auftr\u00e4ge&#8220;,<\/strong> Rechnung ausw\u00e4hlen und mit dem Knopf <strong>&#8222;Anzeigen&#8220;<\/strong> best\u00e4tigen.<\/li>\n<\/ol>\n","protected":false},"excerpt":{"rendered":"<p>2. Rechnung erstellen Links in der Hauptnavigation auf &#8222;Erfassung&#8220; Schaltfl\u00e4che Rechnung dr\u00fccken\u00a0 \u00a0 \u00a0 \u00a0 \u00a0 \u00a0 \u00a0 \u00a0 \u00a0 \u00a0 \u00a0 \u00a0 \u00a0 \u00a0 \u00a0 \u00a0 \u00a0 \u00a0 \u00a0 \u00a0 \u00a0 \u00a0 \u00a0 \u00a0 \u00a0 \u00a0 \u00a0 \u00a0 \u00a0 \u00a0 \u00a0 \u00a0 \u00a0 \u00a0 \u00a0 \u00a0 \u00a0(Standard: Rechnungsmodus ist eingestellt) Kundenkriterien eingeben (wie z.B. [&hellip;]<\/p>\n","protected":false},"author":1,"featured_media":0,"parent":0,"menu_order":0,"comment_status":"closed","ping_status":"closed","template":"","meta":{"footnotes":""},"class_list":["post-312","page","type-page","status-publish","hentry"],"_links":{"self":[{"href":"https:\/\/handbuch.sdigroup.de\/hdm\/index.php\/wp-json\/wp\/v2\/pages\/312","targetHints":{"allow":["GET"]}}],"collection":[{"href":"https:\/\/handbuch.sdigroup.de\/hdm\/index.php\/wp-json\/wp\/v2\/pages"}],"about":[{"href":"https:\/\/handbuch.sdigroup.de\/hdm\/index.php\/wp-json\/wp\/v2\/types\/page"}],"author":[{"embeddable":true,"href":"https:\/\/handbuch.sdigroup.de\/hdm\/index.php\/wp-json\/wp\/v2\/users\/1"}],"replies":[{"embeddable":true,"href":"https:\/\/handbuch.sdigroup.de\/hdm\/index.php\/wp-json\/wp\/v2\/comments?post=312"}],"version-history":[{"count":10,"href":"https:\/\/handbuch.sdigroup.de\/hdm\/index.php\/wp-json\/wp\/v2\/pages\/312\/revisions"}],"predecessor-version":[{"id":1271,"href":"https:\/\/handbuch.sdigroup.de\/hdm\/index.php\/wp-json\/wp\/v2\/pages\/312\/revisions\/1271"}],"wp:attachment":[{"href":"https:\/\/handbuch.sdigroup.de\/hdm\/index.php\/wp-json\/wp\/v2\/media?parent=312"}],"curies":[{"name":"wp","href":"https:\/\/api.w.org\/{rel}","templated":true}]}}