{"id":291,"date":"2016-08-25T12:06:18","date_gmt":"2016-08-25T10:06:18","guid":{"rendered":"http:\/\/handbuch.sdigroup.de\/hdm\/?page_id=291"},"modified":"2022-07-27T17:29:59","modified_gmt":"2022-07-27T15:29:59","slug":"11-11-barcode-nachdruck","status":"publish","type":"page","link":"https:\/\/handbuch.sdigroup.de\/hdm\/index.php\/11-11-barcode-nachdruck\/","title":{"rendered":"11.8.Barcode Nachdruck"},"content":{"rendered":"<p align=\"CENTER\"><span style=\"font-size: x-large;\"><b>8. Barcodeetiketten nachdrucken<\/b><\/span><\/p>\n<p align=\"CENTER\">Um einen Barcode Nachdruck zu machen k\u00f6nnen Sie wie folgt vorgehen:<\/p>\n<ol>\n<li>F\u00fcr die Ausgabe eines Barcodes bet\u00e4tigen Sie \u201e<strong>Artikelstamm<\/strong>\u201c oder die Schaltfl\u00e4che\u00a0<strong>\u201eF7\u2033<\/strong><\/li>\n<li>Im<span style=\"font-size: inherit;\" data-offset-key=\"2bmcs-1-0\">\u00a0n\u00e4chsten\u00a0<\/span><span style=\"font-size: inherit;\" data-entity-key=\"4\" data-offset-key=\"2bmcs-2-0\">Schritt<\/span><span style=\"font-size: inherit;\" data-offset-key=\"2bmcs-3-0\">\u00a0geben Sie in das Feld,\u00a0<strong>Lieferschein-Nr.<\/strong>, ihre Lieferschein-Nummer ein oder geben Ihre Artikel-Nummer in das Feld\u00a0<strong>Artikel Nr.<\/strong> ein<\/span><\/li>\n<li>Als n\u00e4chstes Suchen Sie den Artikel, indem sie oben <strong style=\"font-size: inherit;\">\u201eSuchen\u201c<\/strong><span style=\"font-size: inherit;\">\u00a0bet\u00e4tigen oder auf der Schaltfl\u00e4che\u00a0<\/span><strong style=\"font-size: inherit;\">\u201eF8\u201c<\/strong><span style=\"font-size: inherit;\"> dr\u00fccken.<\/span><\/li>\n<li>Danach gehen Sie oben in der Men\u00fczeile auf <strong style=\"font-size: inherit;\">\u201eListe\u201c\u00a0<\/strong><span style=\"font-size: inherit;\">und geben in die Spalte\u00a0<\/span><strong style=\"font-size: inherit;\">Anzahl\u00a0<\/strong><span style=\"font-size: inherit;\">die Menge an tats\u00e4chlichen Barcodes an.<\/span><\/li>\n<li>Dan gehen sie oben in der<strong style=\"font-size: inherit;\">\u00a0Listenzeile\u00a0<\/strong><span style=\"font-size: inherit;\">auf Barcodes und klicken sie drauf, anschlie\u00dfend w\u00e4hlen sie <\/span><strong style=\"font-size: inherit;\">\u201eBarcode 1\u201c\u00a0<\/strong><span style=\"font-size: inherit;\">um die Barcodes auszudrucken.<\/span><\/li>\n<\/ol>\n<p><em>(Barcodes werden ausgedruckt!)<\/em><\/p>\n<p>! Es ist zu beachten, dass eine Zeile nicht gedruckt wird, wenn keine Summe in der Spalten Anzahl steht. Somit k\u00f6nnen Sie den einen oder anderen Barcode nicht drucken. Bitte beachten Sie auch, dass die von ihnen manuell, f\u00fcr den Druck ge\u00e4nderte St\u00fcckzahl, nicht den realen\u00a0 Warenbestandes beeinflusst.<\/p>\n","protected":false},"excerpt":{"rendered":"<p>8. Barcodeetiketten nachdrucken Um einen Barcode Nachdruck zu machen k\u00f6nnen Sie wie folgt vorgehen: F\u00fcr die Ausgabe eines Barcodes bet\u00e4tigen Sie \u201eArtikelstamm\u201c oder die Schaltfl\u00e4che\u00a0\u201eF7\u2033 Im\u00a0n\u00e4chsten\u00a0Schritt\u00a0geben Sie in das Feld,\u00a0Lieferschein-Nr., ihre Lieferschein-Nummer ein oder geben Ihre Artikel-Nummer in das Feld\u00a0Artikel Nr. ein Als n\u00e4chstes Suchen Sie den Artikel, indem sie oben \u201eSuchen\u201c\u00a0bet\u00e4tigen oder auf der [&hellip;]<\/p>\n","protected":false},"author":1,"featured_media":0,"parent":0,"menu_order":0,"comment_status":"closed","ping_status":"closed","template":"","meta":{"footnotes":""},"class_list":["post-291","page","type-page","status-publish","hentry"],"_links":{"self":[{"href":"https:\/\/handbuch.sdigroup.de\/hdm\/index.php\/wp-json\/wp\/v2\/pages\/291","targetHints":{"allow":["GET"]}}],"collection":[{"href":"https:\/\/handbuch.sdigroup.de\/hdm\/index.php\/wp-json\/wp\/v2\/pages"}],"about":[{"href":"https:\/\/handbuch.sdigroup.de\/hdm\/index.php\/wp-json\/wp\/v2\/types\/page"}],"author":[{"embeddable":true,"href":"https:\/\/handbuch.sdigroup.de\/hdm\/index.php\/wp-json\/wp\/v2\/users\/1"}],"replies":[{"embeddable":true,"href":"https:\/\/handbuch.sdigroup.de\/hdm\/index.php\/wp-json\/wp\/v2\/comments?post=291"}],"version-history":[{"count":9,"href":"https:\/\/handbuch.sdigroup.de\/hdm\/index.php\/wp-json\/wp\/v2\/pages\/291\/revisions"}],"predecessor-version":[{"id":1408,"href":"https:\/\/handbuch.sdigroup.de\/hdm\/index.php\/wp-json\/wp\/v2\/pages\/291\/revisions\/1408"}],"wp:attachment":[{"href":"https:\/\/handbuch.sdigroup.de\/hdm\/index.php\/wp-json\/wp\/v2\/media?parent=291"}],"curies":[{"name":"wp","href":"https:\/\/api.w.org\/{rel}","templated":true}]}}