{"id":286,"date":"2016-08-25T12:04:30","date_gmt":"2016-08-25T10:04:30","guid":{"rendered":"http:\/\/handbuch.sdigroup.de\/hdm\/?page_id=286"},"modified":"2022-07-28T10:19:36","modified_gmt":"2022-07-28T08:19:36","slug":"11-9-wareneingang","status":"publish","type":"page","link":"https:\/\/handbuch.sdigroup.de\/hdm\/index.php\/11-9-wareneingang\/","title":{"rendered":"11.7.Wareneingang"},"content":{"rendered":"<p align=\"CENTER\"><span style=\"font-size: x-large;\"><b>7. Wareneingang<\/b><\/span><\/p>\n<ol>\n<li>Links in der Hauptnavigation auf <strong>&#8222;Lager&#8220;<\/strong><br \/>\n<img loading=\"lazy\" decoding=\"async\" class=\"alignnone size-full wp-image-1259\" src=\"https:\/\/handbuch.sdigroup.de\/hdm\/wp-content\/uploads\/2020\/10\/Lager.png\" alt=\"\" width=\"167\" height=\"29\" \/><\/li>\n<li>Oben in der Men\u00fczeile auf <strong>&#8222;Neu&#8220;<\/strong> oder Schaltfl\u00e4che<strong> &#8222;F5&#8220;<\/strong><\/li>\n<li>Frage mit &#8222;<b>NEIN&#8220;<\/b> beantworten<\/li>\n<li>Artikel-Nummer eingeben<\/li>\n<li>In der Men\u00fcleiste Artikel<strong> &#8222;Suchen&#8220;<\/strong> oder Schaltfl\u00e4che<strong> &#8222;F8&#8220;<\/strong><\/li>\n<li>St\u00fcckzahl unten in <strong>Zugang<\/strong> Eingabefelder eingeben<\/li>\n<li>Oben auf <strong>&#8222;Speichern&#8220;<\/strong> oder <strong>&#8222;F6&#8220;<\/strong> bet\u00e4tigen<\/li>\n<\/ol>\n<p style=\"text-align: center;\"><strong>Wir empfehlen Ihnen den Ausdruck einer Zugangsliste und dazugeh\u00f6rige Barcodes<\/strong><\/p>\n<ol>\n<li>Gehen Sie oben in der Men\u00fcleiste auf\u00a0<strong>\u201eBarcode von Lieferschein-Nr&#8230; drucken\u201c <\/strong>und klicken Sie auf<strong> &#8222;Barcode von Lieferschein-Nr&#8230; drucken&#8220;.<\/strong><\/li>\n<li>Jetzt \u00f6ffnet sich das Modul\u00a0<strong>\u201eLager-Protokoll\u201c,\u00a0<\/strong>wo dann auch die<strong>\u00a0\u201eListe\u201c<\/strong> ge\u00f6ffnet wird.<\/li>\n<li>Da bet\u00e4tigen Sie in der\u00a0<b>Listenzeile <\/b>unter <b>Barcode Druckoption\u00a0 \u201eZug\u00e4nge \u00dcbernehmen\u201c.<\/b><\/li>\n<li>Gehen dann in der\u00a0<strong>Listenzeile<\/strong>\u00a0unter<strong>\u00a0Listen<\/strong>\u00a0auf\u00a0<strong>\u201eZugangsliste\u201c<\/strong><em>(Zugangsliste wird gedruckt!)<\/em><\/li>\n<li>Als letztes gehen sie in der\u00a0<strong>Listenzeile\u00a0<\/strong>unter\u00a0<strong>Barcodes<\/strong>\u00a0und bet\u00e4tigen\u00a0<strong>\u201eBarcodes 1\u201c<\/strong>\u00a0 \u00a0 \u00a0 \u00a0 \u00a0 \u00a0 \u00a0 \u00a0 \u00a0 \u00a0 \u00a0 \u00a0 \u00a0 \u00a0 \u00a0 \u00a0 \u00a0 \u00a0 \u00a0 \u00a0 \u00a0 \u00a0 \u00a0 \u00a0 \u00a0 \u00a0 \u00a0 \u00a0 \u00a0 \u00a0 \u00a0 \u00a0 \u00a0 \u00a0 \u00a0 \u00a0 \u00a0 \u00a0 \u00a0\u00a0<em>(Barcodes werden gedruckt!)<\/em><\/li>\n<\/ol>\n","protected":false},"excerpt":{"rendered":"<p>7. Wareneingang Links in der Hauptnavigation auf &#8222;Lager&#8220; Oben in der Men\u00fczeile auf &#8222;Neu&#8220; oder Schaltfl\u00e4che &#8222;F5&#8220; Frage mit &#8222;NEIN&#8220; beantworten Artikel-Nummer eingeben In der Men\u00fcleiste Artikel &#8222;Suchen&#8220; oder Schaltfl\u00e4che &#8222;F8&#8220; St\u00fcckzahl unten in Zugang Eingabefelder eingeben Oben auf &#8222;Speichern&#8220; oder &#8222;F6&#8220; bet\u00e4tigen Wir empfehlen Ihnen den Ausdruck einer Zugangsliste und dazugeh\u00f6rige Barcodes Gehen Sie [&hellip;]<\/p>\n","protected":false},"author":1,"featured_media":0,"parent":0,"menu_order":0,"comment_status":"closed","ping_status":"closed","template":"","meta":{"footnotes":""},"class_list":["post-286","page","type-page","status-publish","hentry"],"_links":{"self":[{"href":"https:\/\/handbuch.sdigroup.de\/hdm\/index.php\/wp-json\/wp\/v2\/pages\/286","targetHints":{"allow":["GET"]}}],"collection":[{"href":"https:\/\/handbuch.sdigroup.de\/hdm\/index.php\/wp-json\/wp\/v2\/pages"}],"about":[{"href":"https:\/\/handbuch.sdigroup.de\/hdm\/index.php\/wp-json\/wp\/v2\/types\/page"}],"author":[{"embeddable":true,"href":"https:\/\/handbuch.sdigroup.de\/hdm\/index.php\/wp-json\/wp\/v2\/users\/1"}],"replies":[{"embeddable":true,"href":"https:\/\/handbuch.sdigroup.de\/hdm\/index.php\/wp-json\/wp\/v2\/comments?post=286"}],"version-history":[{"count":6,"href":"https:\/\/handbuch.sdigroup.de\/hdm\/index.php\/wp-json\/wp\/v2\/pages\/286\/revisions"}],"predecessor-version":[{"id":1413,"href":"https:\/\/handbuch.sdigroup.de\/hdm\/index.php\/wp-json\/wp\/v2\/pages\/286\/revisions\/1413"}],"wp:attachment":[{"href":"https:\/\/handbuch.sdigroup.de\/hdm\/index.php\/wp-json\/wp\/v2\/media?parent=286"}],"curies":[{"name":"wp","href":"https:\/\/api.w.org\/{rel}","templated":true}]}}