{"id":282,"date":"2016-08-25T12:03:30","date_gmt":"2016-08-25T10:03:30","guid":{"rendered":"http:\/\/handbuch.sdigroup.de\/hdm\/?page_id=282"},"modified":"2020-10-27T12:35:43","modified_gmt":"2020-10-27T11:35:43","slug":"11-7-stammdaten-aendern","status":"publish","type":"page","link":"https:\/\/handbuch.sdigroup.de\/hdm\/index.php\/11-7-stammdaten-aendern\/","title":{"rendered":"11.5.Stammdaten \u00e4ndern"},"content":{"rendered":"<p align=\"CENTER\"><span style=\"font-size: x-large;\"><b>5. Vorhandene Artikel Stammdaten \u00e4ndern\/korrigieren<\/b><\/span><\/p>\n<ol>\n<li>In der Hauptnavigation links auf <strong>&#8222;Lager&#8220;<\/strong><br \/>\n<img loading=\"lazy\" decoding=\"async\" class=\"alignnone size-full wp-image-590\" src=\"https:\/\/handbuch.sdigroup.de\/hdm\/wp-content\/uploads\/2016\/08\/11.6-11-2.png\" alt=\"11.6-11 2\" width=\"187\" height=\"836\" srcset=\"https:\/\/handbuch.sdigroup.de\/hdm\/wp-content\/uploads\/2016\/08\/11.6-11-2.png 187w, https:\/\/handbuch.sdigroup.de\/hdm\/wp-content\/uploads\/2016\/08\/11.6-11-2-67x300.png 67w\" sizes=\"auto, (max-width: 187px) 100vw, 187px\" \/><\/li>\n<li>Oben in der Men\u00fczeile auf &#8222;Neu&#8220; oder Schaltfl\u00e4che &#8222;F5&#8220;, wenn Maske nicht leer.<\/li>\n<li>Frage mit &#8222;<b>NEIN&#8220;<\/b> beantworten<\/li>\n<li><strong>Artikel-Nummer <\/strong>oder<strong> Artikelkriterien <\/strong>eingeben<\/li>\n<li>Um Artikel zu Suchen, oben in der Men\u00fczeile auf <strong>&#8222;Suchen&#8220;<\/strong> oder Schaltfl\u00e4che<strong> &#8222;F8&#8220;<\/strong><\/li>\n<li>Entsprechende Daten ab\u00e4ndern<\/li>\n<li>Wenn auf Richtigkeit \u00fcberpr\u00fcft, <strong>Speichern<\/strong> Sie den Artikel oben in der Men\u00fcleiste mit dem Knopf <strong>&#8222;Speichern&#8220;<\/strong> oder\u00a0 bet\u00e4tigen Schaltfl\u00e4che <strong>&#8222;F7&#8220;<\/strong><\/li>\n<\/ol>\n","protected":false},"excerpt":{"rendered":"<p>5. Vorhandene Artikel Stammdaten \u00e4ndern\/korrigieren In der Hauptnavigation links auf &#8222;Lager&#8220; Oben in der Men\u00fczeile auf &#8222;Neu&#8220; oder Schaltfl\u00e4che &#8222;F5&#8220;, wenn Maske nicht leer. Frage mit &#8222;NEIN&#8220; beantworten Artikel-Nummer oder Artikelkriterien eingeben Um Artikel zu Suchen, oben in der Men\u00fczeile auf &#8222;Suchen&#8220; oder Schaltfl\u00e4che &#8222;F8&#8220; Entsprechende Daten ab\u00e4ndern Wenn auf Richtigkeit \u00fcberpr\u00fcft, Speichern Sie den [&hellip;]<\/p>\n","protected":false},"author":1,"featured_media":0,"parent":0,"menu_order":0,"comment_status":"closed","ping_status":"closed","template":"","meta":{"footnotes":""},"class_list":["post-282","page","type-page","status-publish","hentry"],"_links":{"self":[{"href":"https:\/\/handbuch.sdigroup.de\/hdm\/index.php\/wp-json\/wp\/v2\/pages\/282","targetHints":{"allow":["GET"]}}],"collection":[{"href":"https:\/\/handbuch.sdigroup.de\/hdm\/index.php\/wp-json\/wp\/v2\/pages"}],"about":[{"href":"https:\/\/handbuch.sdigroup.de\/hdm\/index.php\/wp-json\/wp\/v2\/types\/page"}],"author":[{"embeddable":true,"href":"https:\/\/handbuch.sdigroup.de\/hdm\/index.php\/wp-json\/wp\/v2\/users\/1"}],"replies":[{"embeddable":true,"href":"https:\/\/handbuch.sdigroup.de\/hdm\/index.php\/wp-json\/wp\/v2\/comments?post=282"}],"version-history":[{"count":5,"href":"https:\/\/handbuch.sdigroup.de\/hdm\/index.php\/wp-json\/wp\/v2\/pages\/282\/revisions"}],"predecessor-version":[{"id":1253,"href":"https:\/\/handbuch.sdigroup.de\/hdm\/index.php\/wp-json\/wp\/v2\/pages\/282\/revisions\/1253"}],"wp:attachment":[{"href":"https:\/\/handbuch.sdigroup.de\/hdm\/index.php\/wp-json\/wp\/v2\/media?parent=282"}],"curies":[{"name":"wp","href":"https:\/\/api.w.org\/{rel}","templated":true}]}}