{"id":280,"date":"2016-08-25T12:02:08","date_gmt":"2016-08-25T10:02:08","guid":{"rendered":"http:\/\/handbuch.sdigroup.de\/hdm\/?page_id=280"},"modified":"2022-07-27T16:37:24","modified_gmt":"2022-07-27T14:37:24","slug":"11-6-stammdaten-anlegen","status":"publish","type":"page","link":"https:\/\/handbuch.sdigroup.de\/hdm\/index.php\/11-6-stammdaten-anlegen\/","title":{"rendered":"11.4.Stammdaten anlegen"},"content":{"rendered":"<p align=\"CENTER\"><span style=\"font-size: x-large;\"><b>4. Artikel Stammdaten anlegen<\/b><\/span><\/p>\n<ol>\n<li>Links in der Hauptnavigation auf <strong>&#8222;Lager&#8220;<\/strong><br \/>\n<img loading=\"lazy\" decoding=\"async\" class=\"alignnone size-full wp-image-590\" src=\"https:\/\/handbuch.sdigroup.de\/hdm\/wp-content\/uploads\/2016\/08\/11.6-11-2.png\" alt=\"11.6-11 2\" width=\"187\" height=\"836\" srcset=\"https:\/\/handbuch.sdigroup.de\/hdm\/wp-content\/uploads\/2016\/08\/11.6-11-2.png 187w, https:\/\/handbuch.sdigroup.de\/hdm\/wp-content\/uploads\/2016\/08\/11.6-11-2-67x300.png 67w\" sizes=\"auto, (max-width: 187px) 100vw, 187px\" \/><\/li>\n<li>Bet\u00e4tigen Sie oben in der Men\u00fczeile <strong>&#8222;Neu&#8220;<\/strong> oder Schaltfl\u00e4che <strong>&#8222;F5&#8220;<\/strong><\/li>\n<li>Die Frage mit &#8222;<b>JA&#8220;<\/b> best\u00e4tigen \u2013 Sie bekommen eine neue Artikelnummer. \u00a0 \u00a0 \u00a0 \u00a0 \u00a0 \u00a0(<em>Sie k\u00f6nnen auch <strong>eigene Artikelnummern<\/strong> eingeben)<\/em><\/li>\n<li>Artikel-Daten eingeben.\u00a0 \u00a0 \u00a0 \u00a0 \u00a0 \u00a0<em>(Alle gelben Felder sind Pflichtfelder)<\/em><\/li>\n<li>Entsprechende Gr\u00f6\u00dfen aus der Gr\u00f6\u00dfentabelle ausw\u00e4hlen ,wenn Sie Ihre Artikel nach Gr\u00f6\u00dfen verwalten<\/li>\n<li>Um dem Artikel zu Speichern, klicken Sie oben <strong>&#8222;Speichern&#8220;<\/strong> oder <strong>&#8222;F6&#8220;<\/strong><\/li>\n<\/ol>\n","protected":false},"excerpt":{"rendered":"<p>4. Artikel Stammdaten anlegen Links in der Hauptnavigation auf &#8222;Lager&#8220; Bet\u00e4tigen Sie oben in der Men\u00fczeile &#8222;Neu&#8220; oder Schaltfl\u00e4che &#8222;F5&#8220; Die Frage mit &#8222;JA&#8220; best\u00e4tigen \u2013 Sie bekommen eine neue Artikelnummer. \u00a0 \u00a0 \u00a0 \u00a0 \u00a0 \u00a0(Sie k\u00f6nnen auch eigene Artikelnummern eingeben) Artikel-Daten eingeben.\u00a0 \u00a0 \u00a0 \u00a0 \u00a0 \u00a0(Alle gelben Felder sind Pflichtfelder) Entsprechende Gr\u00f6\u00dfen [&hellip;]<\/p>\n","protected":false},"author":1,"featured_media":0,"parent":0,"menu_order":0,"comment_status":"closed","ping_status":"closed","template":"","meta":{"footnotes":""},"class_list":["post-280","page","type-page","status-publish","hentry"],"_links":{"self":[{"href":"https:\/\/handbuch.sdigroup.de\/hdm\/index.php\/wp-json\/wp\/v2\/pages\/280","targetHints":{"allow":["GET"]}}],"collection":[{"href":"https:\/\/handbuch.sdigroup.de\/hdm\/index.php\/wp-json\/wp\/v2\/pages"}],"about":[{"href":"https:\/\/handbuch.sdigroup.de\/hdm\/index.php\/wp-json\/wp\/v2\/types\/page"}],"author":[{"embeddable":true,"href":"https:\/\/handbuch.sdigroup.de\/hdm\/index.php\/wp-json\/wp\/v2\/users\/1"}],"replies":[{"embeddable":true,"href":"https:\/\/handbuch.sdigroup.de\/hdm\/index.php\/wp-json\/wp\/v2\/comments?post=280"}],"version-history":[{"count":6,"href":"https:\/\/handbuch.sdigroup.de\/hdm\/index.php\/wp-json\/wp\/v2\/pages\/280\/revisions"}],"predecessor-version":[{"id":1407,"href":"https:\/\/handbuch.sdigroup.de\/hdm\/index.php\/wp-json\/wp\/v2\/pages\/280\/revisions\/1407"}],"wp:attachment":[{"href":"https:\/\/handbuch.sdigroup.de\/hdm\/index.php\/wp-json\/wp\/v2\/media?parent=280"}],"curies":[{"name":"wp","href":"https:\/\/api.w.org\/{rel}","templated":true}]}}