{"id":278,"date":"2016-08-25T12:01:16","date_gmt":"2016-08-25T10:01:16","guid":{"rendered":"http:\/\/handbuch.sdigroup.de\/hdm\/?page_id=278"},"modified":"2020-10-27T12:34:29","modified_gmt":"2020-10-27T11:34:29","slug":"11-5-lager-tabelle","status":"publish","type":"page","link":"https:\/\/handbuch.sdigroup.de\/hdm\/index.php\/11-5-lager-tabelle\/","title":{"rendered":"11.3.Lager-Liste"},"content":{"rendered":"<p align=\"CENTER\"><span style=\"font-size: x-large;\"><b>3. Lager-Liste<\/b><\/span><\/p>\n<p align=\"CENTER\"><img loading=\"lazy\" decoding=\"async\" class=\"alignnone size-full wp-image-602\" src=\"https:\/\/handbuch.sdigroup.de\/hdm\/wp-content\/uploads\/2016\/08\/Lager-tabelle-11.5.png\" alt=\"Lager tabelle 11.5\" width=\"1280\" height=\"1028\" srcset=\"https:\/\/handbuch.sdigroup.de\/hdm\/wp-content\/uploads\/2016\/08\/Lager-tabelle-11.5.png 1280w, https:\/\/handbuch.sdigroup.de\/hdm\/wp-content\/uploads\/2016\/08\/Lager-tabelle-11.5-300x241.png 300w, https:\/\/handbuch.sdigroup.de\/hdm\/wp-content\/uploads\/2016\/08\/Lager-tabelle-11.5-768x617.png 768w, https:\/\/handbuch.sdigroup.de\/hdm\/wp-content\/uploads\/2016\/08\/Lager-tabelle-11.5-1024x822.png 1024w\" sizes=\"auto, (max-width: 1280px) 100vw, 1280px\" \/><\/p>\n<p>Die <b>Men\u00fcleiste<\/b> enth\u00e4lt die Standard-Men\u00fcleiste f\u00fcr Tabellen und zus\u00e4tzlich den Befehl <b>Lager aktualisieren<\/b>.<\/p>\n<p>Das Men\u00fc <strong>Drucken<\/strong> beinhaltet<\/p>\n<ol>\n<li>Den Befehl <strong>Seitenansicht, <\/strong>mit dessen Hilfe Sie ein Bild vom Vordruck bekommen.<\/li>\n<li>Das Untermen\u00fc <strong>Listen<\/strong>, mit dessen Hilfe Sie Ihre Tabelle als verschiedene Liste ausdrucken k\u00f6nnen. Das Aussehen der Liste k\u00f6nnen Sie \u00fcber die Report-Maske ver\u00e4ndern.<\/li>\n<li>Das Untermen\u00fc <strong>Etiketten,<\/strong> mit deren Hilfe Sie unterschiedliche Artikeletiketten ausdrucken k\u00f6nnen.<\/li>\n<li>Den Befehl <strong>Barcodes<\/strong>, mit dessen Hilfe Sie Barcodes ausdrucken k\u00f6nnen.<\/li>\n<li>Dem Befehl <strong>Barcode Druckoption<\/strong>, mit dessen Hilfe Sie den Druck einstellen k\u00f6nnen.<\/li>\n<\/ol>\n<p>In den Men\u00fc Dienste k\u00f6nnen Sie den Befehl &#8222;<b>Lager aktualisieren&#8220;<\/b> bet\u00e4tigen um zu \u00fcberpr\u00fcfen ob das Programm alle Lagerzu- und -Abg\u00e4nge berechnet und daraus den Lagerbestand neu macht. Diesen Befehl ben\u00f6tigen Sie nur, falls Sie den Verdacht haben, dass Systemabst\u00fcrze oder Stromausf\u00e4lle den Lagerbestand verf\u00e4lscht haben k\u00f6nnten.<\/p>\n<p>Das Men\u00fc <b>Druckeinstellung<\/b> beinhaltet<\/p>\n<ol>\n<li>Die Befehle <b>Seitenansicht<\/b> und <b>Report-Maske<\/b>, mit deren Hilfe Sie den Ausdruck der Tabellen steuern.<\/li>\n<\/ol>\n<p>Die <b>Tabelle<\/b> k\u00f6nnen Sie umsortieren und bearbeiten. Die <b>Daten<\/b> in der Tabelle k\u00f6nnen Sie mit Ausnahme der Spalte Anzahl und der Gr\u00f6\u00dfenspalten allerdings <b>nicht bearbeiten<\/b>.<\/p>\n","protected":false},"excerpt":{"rendered":"<p>3. Lager-Liste Die Men\u00fcleiste enth\u00e4lt die Standard-Men\u00fcleiste f\u00fcr Tabellen und zus\u00e4tzlich den Befehl Lager aktualisieren. Das Men\u00fc Drucken beinhaltet Den Befehl Seitenansicht, mit dessen Hilfe Sie ein Bild vom Vordruck bekommen. Das Untermen\u00fc Listen, mit dessen Hilfe Sie Ihre Tabelle als verschiedene Liste ausdrucken k\u00f6nnen. Das Aussehen der Liste k\u00f6nnen Sie \u00fcber die Report-Maske ver\u00e4ndern. [&hellip;]<\/p>\n","protected":false},"author":1,"featured_media":0,"parent":0,"menu_order":0,"comment_status":"closed","ping_status":"closed","template":"","meta":{"footnotes":""},"class_list":["post-278","page","type-page","status-publish","hentry"],"_links":{"self":[{"href":"https:\/\/handbuch.sdigroup.de\/hdm\/index.php\/wp-json\/wp\/v2\/pages\/278","targetHints":{"allow":["GET"]}}],"collection":[{"href":"https:\/\/handbuch.sdigroup.de\/hdm\/index.php\/wp-json\/wp\/v2\/pages"}],"about":[{"href":"https:\/\/handbuch.sdigroup.de\/hdm\/index.php\/wp-json\/wp\/v2\/types\/page"}],"author":[{"embeddable":true,"href":"https:\/\/handbuch.sdigroup.de\/hdm\/index.php\/wp-json\/wp\/v2\/users\/1"}],"replies":[{"embeddable":true,"href":"https:\/\/handbuch.sdigroup.de\/hdm\/index.php\/wp-json\/wp\/v2\/comments?post=278"}],"version-history":[{"count":6,"href":"https:\/\/handbuch.sdigroup.de\/hdm\/index.php\/wp-json\/wp\/v2\/pages\/278\/revisions"}],"predecessor-version":[{"id":1249,"href":"https:\/\/handbuch.sdigroup.de\/hdm\/index.php\/wp-json\/wp\/v2\/pages\/278\/revisions\/1249"}],"wp:attachment":[{"href":"https:\/\/handbuch.sdigroup.de\/hdm\/index.php\/wp-json\/wp\/v2\/media?parent=278"}],"curies":[{"name":"wp","href":"https:\/\/api.w.org\/{rel}","templated":true}]}}