{"id":276,"date":"2016-08-25T12:00:41","date_gmt":"2016-08-25T10:00:41","guid":{"rendered":"http:\/\/handbuch.sdigroup.de\/hdm\/?page_id=276"},"modified":"2020-10-27T12:34:51","modified_gmt":"2020-10-27T11:34:51","slug":"11-4-lager-protokoll","status":"publish","type":"page","link":"https:\/\/handbuch.sdigroup.de\/hdm\/index.php\/11-4-lager-protokoll\/","title":{"rendered":"11.2.Lager-Protokoll"},"content":{"rendered":"<p align=\"CENTER\"><span style=\"font-size: x-large;\"><b>\u00a02.Lager &#8211; Protokoll<\/b><\/span><\/p>\n<p>Das Fenster <strong>&#8222;Lager &#8211; Protokoll<\/strong>&#8220; erm\u00f6glicht es Ihnen, sich alle gespeicherten Datensatz\u00e4nderungen oder Lagerbewegungen anzuschauen.<br \/>\nDamit k\u00f6nnen Sie sowohl bei Bestandsdifferenzen Fehl-Buchungen suchen als auch beim Eintreffen nachbestellter Ware die richtige Anzahl von Artikeletiketten ausdrucken.<\/p>\n<p><img loading=\"lazy\" decoding=\"async\" class=\"alignnone size-full wp-image-831\" src=\"https:\/\/handbuch.sdigroup.de\/hdm\/wp-content\/uploads\/2016\/08\/11.4.png\" alt=\"11.4\" width=\"1276\" height=\"950\" srcset=\"https:\/\/handbuch.sdigroup.de\/hdm\/wp-content\/uploads\/2016\/08\/11.4.png 1276w, https:\/\/handbuch.sdigroup.de\/hdm\/wp-content\/uploads\/2016\/08\/11.4-300x223.png 300w, https:\/\/handbuch.sdigroup.de\/hdm\/wp-content\/uploads\/2016\/08\/11.4-768x572.png 768w, https:\/\/handbuch.sdigroup.de\/hdm\/wp-content\/uploads\/2016\/08\/11.4-1024x762.png 1024w\" sizes=\"auto, (max-width: 1276px) 100vw, 1276px\" \/><\/p>\n<p>Die <b>Men\u00fcleiste<\/b> beinhaltet die Standardmen\u00fcs der Eingabemasken:<\/p>\n<ol>\n<li>Das Men\u00fc<strong> Start<\/strong> beinhaltet die Befehle, die Sie auch \u00fcber die Schaltfl\u00e4chen bedienen k\u00f6nnen.<\/li>\n<li>Mit dem Men\u00fc\u00a0<strong>Bearbeiten<\/strong>\u00a0k\u00f6nnen Sie Schaltfl\u00e4chen per Maus bedienen.<\/li>\n<li>Das Men\u00fc <b style=\"font-size: inherit;\">Sortierung<\/b><span style=\"font-size: inherit;\"> erm\u00f6glicht es Ihnen, die Datens\u00e4tze nach Artikel-Nr., Artikelname, Lieferantenname, Kommissionsware, Lagerzugang und Lagerabgang zu sortieren.<\/span><\/li>\n<\/ol>\n","protected":false},"excerpt":{"rendered":"<p>\u00a02.Lager &#8211; Protokoll Das Fenster &#8222;Lager &#8211; Protokoll&#8220; erm\u00f6glicht es Ihnen, sich alle gespeicherten Datensatz\u00e4nderungen oder Lagerbewegungen anzuschauen. Damit k\u00f6nnen Sie sowohl bei Bestandsdifferenzen Fehl-Buchungen suchen als auch beim Eintreffen nachbestellter Ware die richtige Anzahl von Artikeletiketten ausdrucken. Die Men\u00fcleiste beinhaltet die Standardmen\u00fcs der Eingabemasken: Das Men\u00fc Start beinhaltet die Befehle, die Sie auch \u00fcber [&hellip;]<\/p>\n","protected":false},"author":1,"featured_media":0,"parent":0,"menu_order":0,"comment_status":"closed","ping_status":"closed","template":"","meta":{"footnotes":""},"class_list":["post-276","page","type-page","status-publish","hentry"],"_links":{"self":[{"href":"https:\/\/handbuch.sdigroup.de\/hdm\/index.php\/wp-json\/wp\/v2\/pages\/276","targetHints":{"allow":["GET"]}}],"collection":[{"href":"https:\/\/handbuch.sdigroup.de\/hdm\/index.php\/wp-json\/wp\/v2\/pages"}],"about":[{"href":"https:\/\/handbuch.sdigroup.de\/hdm\/index.php\/wp-json\/wp\/v2\/types\/page"}],"author":[{"embeddable":true,"href":"https:\/\/handbuch.sdigroup.de\/hdm\/index.php\/wp-json\/wp\/v2\/users\/1"}],"replies":[{"embeddable":true,"href":"https:\/\/handbuch.sdigroup.de\/hdm\/index.php\/wp-json\/wp\/v2\/comments?post=276"}],"version-history":[{"count":6,"href":"https:\/\/handbuch.sdigroup.de\/hdm\/index.php\/wp-json\/wp\/v2\/pages\/276\/revisions"}],"predecessor-version":[{"id":1250,"href":"https:\/\/handbuch.sdigroup.de\/hdm\/index.php\/wp-json\/wp\/v2\/pages\/276\/revisions\/1250"}],"wp:attachment":[{"href":"https:\/\/handbuch.sdigroup.de\/hdm\/index.php\/wp-json\/wp\/v2\/media?parent=276"}],"curies":[{"name":"wp","href":"https:\/\/api.w.org\/{rel}","templated":true}]}}