{"id":264,"date":"2016-08-25T11:55:07","date_gmt":"2016-08-25T09:55:07","guid":{"rendered":"http:\/\/handbuch.sdigroup.de\/hdm\/?page_id=264"},"modified":"2022-07-27T16:34:02","modified_gmt":"2022-07-27T14:34:02","slug":"10-7-stammdaten-loeschen","status":"publish","type":"page","link":"https:\/\/handbuch.sdigroup.de\/hdm\/index.php\/10-7-stammdaten-loeschen\/","title":{"rendered":"10.7.Stammdaten l\u00f6schen"},"content":{"rendered":"<p align=\"CENTER\"><span style=\"font-size: x-large;\"><b>1.7. Vorhandene Lieferanten Stammdaten L\u00f6schen<\/b><\/span><\/p>\n<ol>\n<li>Links in der Hauptnavigation auf <strong>&#8222;Lieferanten&#8220;<\/strong>.<br \/>\n<img loading=\"lazy\" decoding=\"async\" class=\"alignnone size-full wp-image-576\" src=\"https:\/\/handbuch.sdigroup.de\/hdm\/wp-content\/uploads\/2016\/08\/10.5-8-2.png\" alt=\"10.5-8 (2)\" width=\"178\" height=\"468\" srcset=\"https:\/\/handbuch.sdigroup.de\/hdm\/wp-content\/uploads\/2016\/08\/10.5-8-2.png 178w, https:\/\/handbuch.sdigroup.de\/hdm\/wp-content\/uploads\/2016\/08\/10.5-8-2-114x300.png 114w\" sizes=\"auto, (max-width: 178px) 100vw, 178px\" \/><\/li>\n<li>Bet\u00e4tigen Sie oben in der Men\u00fczeile <strong>&#8222;Neu&#8220;<\/strong> oder Schaltfl\u00e4che <strong>&#8222;F5&#8220;<\/strong><\/li>\n<li>Bei der Frage: <strong>\u201eWollen Sie eine neue Lieferantennummer?\u201c,<\/strong> mit <strong>&#8222;NEIN&#8220;<\/strong> beantworten.<br \/>\nDas System vergibt keine neue Lieferantennummer.<\/li>\n<li>In der Men\u00fczeile <strong>&#8222;Suchen&#8220;<\/strong> oder Schaltfl\u00e4che <strong>&#8222;F8&#8220;<\/strong> bet\u00e4tigen.<\/li>\n<li>Wenn Lieferanten gefunden, gehen Sie oben in der Men\u00fczeile auf <strong>&#8222;L\u00f6schen&#8220;.<\/strong><\/li>\n<li>Frage mit <strong>&#8222;<\/strong><b>NEIN&#8220;<\/b> beantworten:\u00a0 \u00a0 \u00a0 \u00a0 \u00a0 \u00a0<em>(Lieferant bleibt im System)<\/em><\/li>\n<li>Frage mit <b>JA<\/b> best\u00e4tigen\u00a0 \u00a0 \u00a0 \u00a0 \u00a0 \u00a0 \u00a0 \u00a0 \u00a0 \u00a0 \u00a0 \u00a0 \u00a0 \u00a0 \u00a0 \u00a0 \u00a0 \u00a0 \u00a0 \u00a0 \u00a0 \u00a0 \u00a0 \u00a0 \u00a0 \u00a0 \u00a0 \u00a0 \u00a0 \u00a0 \u00a0 \u00a0 \u00a0 \u00a0 \u00a0 \u00a0 \u00a0 \u00a0 \u00a0 \u00a0 \u00a0 \u00a0 \u00a0 \u00a0 <strong>(Lieferant wird gel\u00f6scht)\u00a0 \u00a0<\/strong><\/li>\n<\/ol>\n","protected":false},"excerpt":{"rendered":"<p>1.7. Vorhandene Lieferanten Stammdaten L\u00f6schen Links in der Hauptnavigation auf &#8222;Lieferanten&#8220;. Bet\u00e4tigen Sie oben in der Men\u00fczeile &#8222;Neu&#8220; oder Schaltfl\u00e4che &#8222;F5&#8220; Bei der Frage: \u201eWollen Sie eine neue Lieferantennummer?\u201c, mit &#8222;NEIN&#8220; beantworten. Das System vergibt keine neue Lieferantennummer. In der Men\u00fczeile &#8222;Suchen&#8220; oder Schaltfl\u00e4che &#8222;F8&#8220; bet\u00e4tigen. Wenn Lieferanten gefunden, gehen Sie oben in der Men\u00fczeile [&hellip;]<\/p>\n","protected":false},"author":1,"featured_media":0,"parent":0,"menu_order":0,"comment_status":"closed","ping_status":"closed","template":"","meta":{"footnotes":""},"class_list":["post-264","page","type-page","status-publish","hentry"],"_links":{"self":[{"href":"https:\/\/handbuch.sdigroup.de\/hdm\/index.php\/wp-json\/wp\/v2\/pages\/264","targetHints":{"allow":["GET"]}}],"collection":[{"href":"https:\/\/handbuch.sdigroup.de\/hdm\/index.php\/wp-json\/wp\/v2\/pages"}],"about":[{"href":"https:\/\/handbuch.sdigroup.de\/hdm\/index.php\/wp-json\/wp\/v2\/types\/page"}],"author":[{"embeddable":true,"href":"https:\/\/handbuch.sdigroup.de\/hdm\/index.php\/wp-json\/wp\/v2\/users\/1"}],"replies":[{"embeddable":true,"href":"https:\/\/handbuch.sdigroup.de\/hdm\/index.php\/wp-json\/wp\/v2\/comments?post=264"}],"version-history":[{"count":5,"href":"https:\/\/handbuch.sdigroup.de\/hdm\/index.php\/wp-json\/wp\/v2\/pages\/264\/revisions"}],"predecessor-version":[{"id":1406,"href":"https:\/\/handbuch.sdigroup.de\/hdm\/index.php\/wp-json\/wp\/v2\/pages\/264\/revisions\/1406"}],"wp:attachment":[{"href":"https:\/\/handbuch.sdigroup.de\/hdm\/index.php\/wp-json\/wp\/v2\/media?parent=264"}],"curies":[{"name":"wp","href":"https:\/\/api.w.org\/{rel}","templated":true}]}}