{"id":247,"date":"2016-08-25T11:48:50","date_gmt":"2016-08-25T09:48:50","guid":{"rendered":"http:\/\/handbuch.sdigroup.de\/hdm\/?page_id=247"},"modified":"2020-11-02T11:59:44","modified_gmt":"2020-11-02T10:59:44","slug":"10-6-stammdaten","status":"publish","type":"page","link":"https:\/\/handbuch.sdigroup.de\/hdm\/index.php\/10-6-stammdaten\/","title":{"rendered":"10.6.Stammdaten \u00e4ndern"},"content":{"rendered":"<p align=\"CENTER\"><span style=\"font-size: x-large;\"><b>1.6. Vorhandene Lieferanten Stammdaten \u00e4ndern<\/b><\/span><\/p>\n<ol>\n<li>In der Hauptnavigation links auf <strong>&#8222;Lieferanten&#8220;.<\/strong><br \/>\n<img loading=\"lazy\" decoding=\"async\" class=\"alignnone size-full wp-image-576\" src=\"https:\/\/handbuch.sdigroup.de\/hdm\/wp-content\/uploads\/2016\/08\/10.5-8-2.png\" alt=\"10.5-8 (2)\" width=\"178\" height=\"468\" srcset=\"https:\/\/handbuch.sdigroup.de\/hdm\/wp-content\/uploads\/2016\/08\/10.5-8-2.png 178w, https:\/\/handbuch.sdigroup.de\/hdm\/wp-content\/uploads\/2016\/08\/10.5-8-2-114x300.png 114w\" sizes=\"auto, (max-width: 178px) 100vw, 178px\" \/><\/li>\n<li>Bet\u00e4tigen Sie oben in der Men\u00fczeile <strong>&#8222;Neu&#8220;<\/strong> oder Schaltfl\u00e4che <strong>&#8222;F5&#8220;<\/strong>. Beantworte Sie die Frage mir <strong>&#8222;NEIN&#8220;<\/strong>.<\/li>\n<li>Anhand der <strong>Lieferantenkriterien<\/strong> Suchen Sie den Lieferanten. Oben in der Men\u00fczeile <strong>&#8222;Suchen&#8220;<\/strong> oder Schaltfl\u00e4che <strong>&#8222;F8&#8220;<\/strong>.<\/li>\n<li>\u00c4ndern Sie die entsprechenden Daten des <strong>Lieferanten<\/strong>.<\/li>\n<li>Wenn sie die \u00c4nderungen gemacht haben gehen Sie oben in der Men\u00fczeile auf <strong>&#8222;Speichern&#8220;<\/strong> oder Schaltfl\u00e4che <strong>&#8222;F7&#8220;<\/strong>. Die Daten wurden erfolgreich abge\u00e4ndert.<\/li>\n<\/ol>\n","protected":false},"excerpt":{"rendered":"<p>1.6. Vorhandene Lieferanten Stammdaten \u00e4ndern In der Hauptnavigation links auf &#8222;Lieferanten&#8220;. Bet\u00e4tigen Sie oben in der Men\u00fczeile &#8222;Neu&#8220; oder Schaltfl\u00e4che &#8222;F5&#8220;. Beantworte Sie die Frage mir &#8222;NEIN&#8220;. Anhand der Lieferantenkriterien Suchen Sie den Lieferanten. Oben in der Men\u00fczeile &#8222;Suchen&#8220; oder Schaltfl\u00e4che &#8222;F8&#8220;. \u00c4ndern Sie die entsprechenden Daten des Lieferanten. Wenn sie die \u00c4nderungen gemacht haben [&hellip;]<\/p>\n","protected":false},"author":1,"featured_media":0,"parent":0,"menu_order":0,"comment_status":"closed","ping_status":"closed","template":"","meta":{"footnotes":""},"class_list":["post-247","page","type-page","status-publish","hentry"],"_links":{"self":[{"href":"https:\/\/handbuch.sdigroup.de\/hdm\/index.php\/wp-json\/wp\/v2\/pages\/247","targetHints":{"allow":["GET"]}}],"collection":[{"href":"https:\/\/handbuch.sdigroup.de\/hdm\/index.php\/wp-json\/wp\/v2\/pages"}],"about":[{"href":"https:\/\/handbuch.sdigroup.de\/hdm\/index.php\/wp-json\/wp\/v2\/types\/page"}],"author":[{"embeddable":true,"href":"https:\/\/handbuch.sdigroup.de\/hdm\/index.php\/wp-json\/wp\/v2\/users\/1"}],"replies":[{"embeddable":true,"href":"https:\/\/handbuch.sdigroup.de\/hdm\/index.php\/wp-json\/wp\/v2\/comments?post=247"}],"version-history":[{"count":5,"href":"https:\/\/handbuch.sdigroup.de\/hdm\/index.php\/wp-json\/wp\/v2\/pages\/247\/revisions"}],"predecessor-version":[{"id":1342,"href":"https:\/\/handbuch.sdigroup.de\/hdm\/index.php\/wp-json\/wp\/v2\/pages\/247\/revisions\/1342"}],"wp:attachment":[{"href":"https:\/\/handbuch.sdigroup.de\/hdm\/index.php\/wp-json\/wp\/v2\/media?parent=247"}],"curies":[{"name":"wp","href":"https:\/\/api.w.org\/{rel}","templated":true}]}}