{"id":243,"date":"2016-08-25T11:47:24","date_gmt":"2016-08-25T09:47:24","guid":{"rendered":"http:\/\/handbuch.sdigroup.de\/hdm\/?page_id=243"},"modified":"2020-11-02T11:59:00","modified_gmt":"2020-11-02T10:59:00","slug":"10-4-lieferanten-bearbeiten","status":"publish","type":"page","link":"https:\/\/handbuch.sdigroup.de\/hdm\/index.php\/10-4-lieferanten-bearbeiten\/","title":{"rendered":"10.3.Lieferanten bearbeiten"},"content":{"rendered":"<p align=\"CENTER\"><span style=\"font-size: x-large;\"><b>1.3. Lieferanten &#8211; Bearbeiten<\/b><\/span><\/p>\n<p>Au\u00dfer den in <strong>Lieferanten &#8211; Daten<\/strong> genannten M\u00f6glichkeiten k\u00f6nnen Sie&nbsp; <strong>Lieferanten bearbeiten<\/strong>, <b>Lieferantendaten<\/b>&nbsp;<b>neu speichern, \u00e4ndern <\/b>oder <b>l\u00f6schen<\/b>.<\/p>\n<p><img loading=\"lazy\" decoding=\"async\" class=\"alignnone size-full wp-image-791\" src=\"https:\/\/handbuch.sdigroup.de\/hdm\/wp-content\/uploads\/2016\/08\/lieferrantenverwaltung-1.jpg\" alt=\"lieferrantenverwaltung\" width=\"1920\" height=\"1041\" srcset=\"https:\/\/handbuch.sdigroup.de\/hdm\/wp-content\/uploads\/2016\/08\/lieferrantenverwaltung-1.jpg 1920w, https:\/\/handbuch.sdigroup.de\/hdm\/wp-content\/uploads\/2016\/08\/lieferrantenverwaltung-1-300x163.jpg 300w, https:\/\/handbuch.sdigroup.de\/hdm\/wp-content\/uploads\/2016\/08\/lieferrantenverwaltung-1-768x416.jpg 768w, https:\/\/handbuch.sdigroup.de\/hdm\/wp-content\/uploads\/2016\/08\/lieferrantenverwaltung-1-1024x555.jpg 1024w\" sizes=\"auto, (max-width: 1920px) 100vw, 1920px\" \/><\/p>\n<p>Die <b>Men\u00fcleiste<\/b> beinhaltet die Standardmen\u00fcs der Eingabemasken.<\/p>\n<ol>\n<li>Das Men\u00fc <strong>Start<\/strong> beinhaltet die Befehle, die Sie auch \u00fcber die Schaltfl\u00e4chen bedienen k\u00f6nnen.<\/li>\n<li>Mit dem Men\u00fc&nbsp;<strong>Bearbeiten<\/strong>&nbsp;k\u00f6nnen Sie Schaltfl\u00e4chen per Maus bedienen.<\/li>\n<\/ol>\n","protected":false},"excerpt":{"rendered":"<p>1.3. Lieferanten &#8211; Bearbeiten Au\u00dfer den in Lieferanten &#8211; Daten genannten M\u00f6glichkeiten k\u00f6nnen Sie&nbsp; Lieferanten bearbeiten, Lieferantendaten&nbsp;neu speichern, \u00e4ndern oder l\u00f6schen. Die Men\u00fcleiste beinhaltet die Standardmen\u00fcs der Eingabemasken. Das Men\u00fc Start beinhaltet die Befehle, die Sie auch \u00fcber die Schaltfl\u00e4chen bedienen k\u00f6nnen. Mit dem Men\u00fc&nbsp;Bearbeiten&nbsp;k\u00f6nnen Sie Schaltfl\u00e4chen per Maus bedienen.<\/p>\n","protected":false},"author":1,"featured_media":0,"parent":0,"menu_order":0,"comment_status":"closed","ping_status":"closed","template":"","meta":{"footnotes":""},"class_list":["post-243","page","type-page","status-publish","hentry"],"_links":{"self":[{"href":"https:\/\/handbuch.sdigroup.de\/hdm\/index.php\/wp-json\/wp\/v2\/pages\/243","targetHints":{"allow":["GET"]}}],"collection":[{"href":"https:\/\/handbuch.sdigroup.de\/hdm\/index.php\/wp-json\/wp\/v2\/pages"}],"about":[{"href":"https:\/\/handbuch.sdigroup.de\/hdm\/index.php\/wp-json\/wp\/v2\/types\/page"}],"author":[{"embeddable":true,"href":"https:\/\/handbuch.sdigroup.de\/hdm\/index.php\/wp-json\/wp\/v2\/users\/1"}],"replies":[{"embeddable":true,"href":"https:\/\/handbuch.sdigroup.de\/hdm\/index.php\/wp-json\/wp\/v2\/comments?post=243"}],"version-history":[{"count":4,"href":"https:\/\/handbuch.sdigroup.de\/hdm\/index.php\/wp-json\/wp\/v2\/pages\/243\/revisions"}],"predecessor-version":[{"id":1339,"href":"https:\/\/handbuch.sdigroup.de\/hdm\/index.php\/wp-json\/wp\/v2\/pages\/243\/revisions\/1339"}],"wp:attachment":[{"href":"https:\/\/handbuch.sdigroup.de\/hdm\/index.php\/wp-json\/wp\/v2\/media?parent=243"}],"curies":[{"name":"wp","href":"https:\/\/api.w.org\/{rel}","templated":true}]}}