{"id":24,"date":"2016-08-23T12:24:53","date_gmt":"2016-08-23T10:24:53","guid":{"rendered":"http:\/\/handbuch.sdigroup.de\/hdm\/?page_id=24"},"modified":"2020-10-20T15:47:51","modified_gmt":"2020-10-20T13:47:51","slug":"3-1-bildschirmaufbau","status":"publish","type":"page","link":"https:\/\/handbuch.sdigroup.de\/hdm\/index.php\/vorwort\/3-1-bildschirmaufbau\/","title":{"rendered":"3.1.Bildschirmaufbau"},"content":{"rendered":"<p align=\"CENTER\"><span style=\"font-family: Arial, sans-serif;\"><span style=\"font-size: x-large;\"><b>Bildschirmaufbau<\/b><\/span><\/span><\/p>\n<p><span style=\"font-family: Arial, sans-serif;\"><br \/>\n<img loading=\"lazy\" decoding=\"async\" class=\"alignnone size-full wp-image-553\" src=\"https:\/\/handbuch.sdigroup.de\/hdm\/wp-content\/uploads\/2016\/08\/3.1-Bildschirmaufbau-2-1.png\" alt=\"3.1 (Bildschirmaufbau) 2\" width=\"1290\" height=\"948\" srcset=\"https:\/\/handbuch.sdigroup.de\/hdm\/wp-content\/uploads\/2016\/08\/3.1-Bildschirmaufbau-2-1.png 1290w, https:\/\/handbuch.sdigroup.de\/hdm\/wp-content\/uploads\/2016\/08\/3.1-Bildschirmaufbau-2-1-300x220.png 300w, https:\/\/handbuch.sdigroup.de\/hdm\/wp-content\/uploads\/2016\/08\/3.1-Bildschirmaufbau-2-1-768x564.png 768w, https:\/\/handbuch.sdigroup.de\/hdm\/wp-content\/uploads\/2016\/08\/3.1-Bildschirmaufbau-2-1-1024x753.png 1024w\" sizes=\"auto, (max-width: 1290px) 100vw, 1290px\" \/><br \/>\n<\/span><\/p>\n<p><span style=\"font-family: Arial, sans-serif;\">Die <b>Titelleiste<\/b><\/span><\/p>\n<p><img loading=\"lazy\" decoding=\"async\" class=\"alignnone size-full wp-image-1063\" src=\"https:\/\/handbuch.sdigroup.de\/hdm\/wp-content\/uploads\/2016\/08\/titelleiste-3.jpg\" alt=\"titelleiste\" width=\"810\" height=\"28\" srcset=\"https:\/\/handbuch.sdigroup.de\/hdm\/wp-content\/uploads\/2016\/08\/titelleiste-3.jpg 810w, https:\/\/handbuch.sdigroup.de\/hdm\/wp-content\/uploads\/2016\/08\/titelleiste-3-300x10.jpg 300w, https:\/\/handbuch.sdigroup.de\/hdm\/wp-content\/uploads\/2016\/08\/titelleiste-3-768x27.jpg 768w\" sizes=\"auto, (max-width: 810px) 100vw, 810px\" \/>zeigt Ihnen in welchem Fenster Sie sich befinden. Au\u00dferdem befindet sich in Ihr das <b>Symbolfeld<\/b>. Wenn Sie dieses Feld anklicken, verkleinern Sie das aktive Fenster auf Symbolgr\u00f6\u00dfe, ohne es schlie\u00dfen zu m\u00fcssen. Ein kleines Beispiel verdeutlicht Ihnen schnell, welche Vorteile dieses Verfahren mit sich bringt. Angenommen Sie wollen eine gro\u00dfe Warenlieferung einbuchen, aber gleichzeitig immer verkaufsbereit bleiben: \u00d6ffnen Sie das Fenster <strong>Erfassung<\/strong>, klicken Sie auf das Symbolfeld. \u00d6ffnen Sie jetzt das Fenster <strong>Lager<\/strong> und beginnen mit dem Einbuchen. Kommt ein Kunde, holen Sie das Fenster <strong>Erfassung <\/strong>mit einem Doppelklick auf den Bildschirm und bearbeiten den Auftrag. Wenn Sie danach das Fenster <strong>Erfassung<\/strong> wieder auf Symbolgr\u00f6\u00dfe verkleinern, befinden Sie sich im Fenster Lager genau an der Stelle, an der Sie die Bearbeitung unterbrochen haben.<\/p>\n<p><span style=\"font-family: Arial, sans-serif;\"><b>Tipp:<\/b> Mit der Tastenkombination <b>Alt + Tab<\/b> k\u00f6nnen Sie \u00fcbrigens auch zu anderen Programme wie zum Beispiel Word wechseln, ohne das Programm verlassen zu m\u00fcssen.<\/span><\/p>\n<p><span style=\"font-family: Arial, sans-serif;\">Die <b>Men\u00fczeile <\/b>enth\u00e4lt das Systemmen\u00fcfeld, das Men\u00fc, Systemeinstellungen und Support.<\/span><\/p>\n<p><span style=\"font-family: Arial, sans-serif;\">Das <b>Systemmen\u00fcfeld <\/b>enth\u00e4lt eine Liste von Befehlen (=Men\u00fc). Diese Liste k\u00f6nnen Sie sehen, wenn Sie das Systemmen\u00fcfeld anklicken. Die Befehle k\u00f6nnen Sie ebenfalls durch Anklicken aktivieren. Ein Doppelklick auf das Systemmen\u00fcfeld schlie\u00dft das aktive Fenster.<\/span><\/p>\n<p><span style=\"font-family: Arial, sans-serif;\">Mit den <b>Men\u00fcnamen <\/b>lassen sich ebenfalls Befehlslisten (=<b>Pulldown-Men\u00fcs<\/b>) \u00f6ffnen. Sie k\u00f6nnen ein Men\u00fc \u00f6ffnen, indem Sie den Men\u00fcnamen anklicken oder indem Sie die Tastenkombination <b>Alt + unterstrichener Buchstabe <\/b>(z.B. Alt + D f\u00fcr <u>D<\/u>atei) eingeben.<\/span><\/p>\n<p><span style=\"font-family: Arial, sans-serif;\">Die <b>Schaltfl\u00e4che Wiederherstellen <\/b>ver\u00e4ndert bei Anklicken die Gr\u00f6\u00dfe des aktiven Fensters.<\/span><\/p>\n<p><span style=\"font-family: Arial, sans-serif;\"><span style=\"font-family: Arial, sans-serif;\">Die <\/span><b style=\"font-family: Arial, sans-serif;\">Schaltfl\u00e4chen <\/b><span style=\"font-family: Arial, sans-serif;\">des Programms k\u00f6nnen Sie wahlweise durch Anklicken oder mit der Tastenkombination <\/span><b style=\"font-family: Arial, sans-serif;\">Strg + unterstrichener Buchstabe<\/b><span style=\"font-family: Arial, sans-serif;\"> (z. B. Strg + B f\u00fcr <\/span><u style=\"font-family: Arial, sans-serif;\">B<\/u><span style=\"font-family: Arial, sans-serif;\">enutzer anmelden\/abmelden) aktivieren. Falls auf der Schaltfl\u00e4che eine <\/span><b style=\"font-family: Arial, sans-serif;\">Funktionstaste<\/b><span style=\"font-family: Arial, sans-serif;\"> (z. B. <\/span><b style=\"font-family: Arial, sans-serif;\">Beenden&#8230;<\/b><span style=\"font-family: Arial, sans-serif;\"><b>\u2026<\/b><\/span><b style=\"font-family: Arial, sans-serif;\">.F12<\/b><span style=\"font-family: Arial, sans-serif;\">) angegeben ist, k\u00f6nnen Sie den Befehl auch mit der entsprechenden Funktionstaste aufrufen.<\/span><\/span><\/p>\n<p><span style=\"font-family: Arial, sans-serif;\">F\u00fcr Leute, die es eilig haben, enth\u00e4lt das Programm auch <b>Short-Cuts<\/b>, d. h. Tastenkombinationen, die Ihnen einen schnellen Zugriff \u00fcber zwei Men\u00fcs hinweg erlaubt:. Wenn Sie z. B. vom Hauptmen\u00fc aus direkt in das Fenster <strong>&#8222;Artikelstamm&#8220;<\/strong> springen m\u00f6chten, dann dr\u00fccken Sie die Schaltfl\u00e4che <strong>&#8222;F7&#8220;<\/strong>.<\/span><\/p>\n<p><span style=\"font-family: Arial, sans-serif;\"><span style=\"color: #ff0000;\"><b>Wichtig:<\/b><\/span> Die <b>Statusleiste <\/b>enth\u00e4lt eine <b>Soforthilfe, <\/b>die Ihnen Informationen \u00fcber beabsichtigte Befehle gibt. Wenn Sie ein Befehl z. B. \u00fcber eine Schaltfl\u00e4che ausw\u00e4hlen, dann erscheint in der Statuszeile eine Information dar\u00fcber, was dieser Befehl bewirkt. Sie k\u00f6nnen sich auch die Information in der Soforthilfe sehen, ohne den Befehl gleich ausf\u00fchren zu m\u00fcssen. Dazu m\u00fcssen Sie die <b>Schaltfl\u00e4che markieren: <\/b>Lassen Sie die Maustaste nach dem Anklicken der Schaltfl\u00e4che nicht los, sondern halten Sie sie gedr\u00fcckt. Mit gedr\u00fcckter Maustaste verschieben Sie den Mauszeiger von der Schaltfl\u00e4che auf eine beliebige Stelle der Hintergrundmaske. Dann k\u00f6nnen Sie die Maustaste loslassen. Die Schaltfl\u00e4che ist nun mit einem gestrichelten Rahmen markiert.<\/span><\/p>\n","protected":false},"excerpt":{"rendered":"<p>Bildschirmaufbau Die Titelleiste zeigt Ihnen in welchem Fenster Sie sich befinden. Au\u00dferdem befindet sich in Ihr das Symbolfeld. Wenn Sie dieses Feld anklicken, verkleinern Sie das aktive Fenster auf Symbolgr\u00f6\u00dfe, ohne es schlie\u00dfen zu m\u00fcssen. Ein kleines Beispiel verdeutlicht Ihnen schnell, welche Vorteile dieses Verfahren mit sich bringt. Angenommen Sie wollen eine gro\u00dfe Warenlieferung einbuchen, [&hellip;]<\/p>\n","protected":false},"author":1,"featured_media":0,"parent":8,"menu_order":0,"comment_status":"closed","ping_status":"closed","template":"","meta":{"footnotes":""},"class_list":["post-24","page","type-page","status-publish","hentry"],"_links":{"self":[{"href":"https:\/\/handbuch.sdigroup.de\/hdm\/index.php\/wp-json\/wp\/v2\/pages\/24","targetHints":{"allow":["GET"]}}],"collection":[{"href":"https:\/\/handbuch.sdigroup.de\/hdm\/index.php\/wp-json\/wp\/v2\/pages"}],"about":[{"href":"https:\/\/handbuch.sdigroup.de\/hdm\/index.php\/wp-json\/wp\/v2\/types\/page"}],"author":[{"embeddable":true,"href":"https:\/\/handbuch.sdigroup.de\/hdm\/index.php\/wp-json\/wp\/v2\/users\/1"}],"replies":[{"embeddable":true,"href":"https:\/\/handbuch.sdigroup.de\/hdm\/index.php\/wp-json\/wp\/v2\/comments?post=24"}],"version-history":[{"count":7,"href":"https:\/\/handbuch.sdigroup.de\/hdm\/index.php\/wp-json\/wp\/v2\/pages\/24\/revisions"}],"predecessor-version":[{"id":1120,"href":"https:\/\/handbuch.sdigroup.de\/hdm\/index.php\/wp-json\/wp\/v2\/pages\/24\/revisions\/1120"}],"up":[{"embeddable":true,"href":"https:\/\/handbuch.sdigroup.de\/hdm\/index.php\/wp-json\/wp\/v2\/pages\/8"}],"wp:attachment":[{"href":"https:\/\/handbuch.sdigroup.de\/hdm\/index.php\/wp-json\/wp\/v2\/media?parent=24"}],"curies":[{"name":"wp","href":"https:\/\/api.w.org\/{rel}","templated":true}]}}