{"id":239,"date":"2016-08-25T11:45:55","date_gmt":"2016-08-25T09:45:55","guid":{"rendered":"http:\/\/handbuch.sdigroup.de\/hdm\/?page_id=239"},"modified":"2020-11-02T11:58:29","modified_gmt":"2020-11-02T10:58:29","slug":"10-2-lieferanten-daten","status":"publish","type":"page","link":"https:\/\/handbuch.sdigroup.de\/hdm\/index.php\/10-2-lieferanten-daten\/","title":{"rendered":"10.2.Lieferanten Daten"},"content":{"rendered":"<p align=\"CENTER\"><span style=\"font-size: x-large;\"><b>1.2. Lieferanten-Daten<\/b><\/span><\/p>\n<p>Ein bzw. mehrere Lieferanten k\u00f6nnen anhand von mehreren Kriterien gesucht, in einer Tabelle angezeigt und ausgedruckt werden. Sie k\u00f6nnen <b>keine Ver\u00e4nderungen<\/b> an den Daten vornehmen.<\/p>\n<p><img loading=\"lazy\" decoding=\"async\" class=\"alignnone size-full wp-image-791\" src=\"https:\/\/handbuch.sdigroup.de\/hdm\/wp-content\/uploads\/2016\/08\/lieferrantenverwaltung-1.jpg\" alt=\"lieferrantenverwaltung\" width=\"1920\" height=\"1041\" srcset=\"https:\/\/handbuch.sdigroup.de\/hdm\/wp-content\/uploads\/2016\/08\/lieferrantenverwaltung-1.jpg 1920w, https:\/\/handbuch.sdigroup.de\/hdm\/wp-content\/uploads\/2016\/08\/lieferrantenverwaltung-1-300x163.jpg 300w, https:\/\/handbuch.sdigroup.de\/hdm\/wp-content\/uploads\/2016\/08\/lieferrantenverwaltung-1-768x416.jpg 768w, https:\/\/handbuch.sdigroup.de\/hdm\/wp-content\/uploads\/2016\/08\/lieferrantenverwaltung-1-1024x555.jpg 1024w\" sizes=\"auto, (max-width: 1920px) 100vw, 1920px\" \/><\/p>\n<p>Die <b>Men\u00fcleiste<\/b> beinhaltet die Standardmen\u00fcs der Eingabemasken:<\/p>\n<ol>\n<li>Das Men\u00fc <strong>Start<\/strong> beinhaltet die Befehle, die Sie auch \u00fcber die Schaltfl\u00e4chen bedienen k\u00f6nnen.<\/li>\n<li>\u00a0Mit dem Men\u00fc\u00a0<strong>Bearbeiten<\/strong>\u00a0k\u00f6nnen Sie Schaltfl\u00e4chen per Maus bedienen.<\/li>\n<\/ol>\n","protected":false},"excerpt":{"rendered":"<p>1.2. Lieferanten-Daten Ein bzw. mehrere Lieferanten k\u00f6nnen anhand von mehreren Kriterien gesucht, in einer Tabelle angezeigt und ausgedruckt werden. Sie k\u00f6nnen keine Ver\u00e4nderungen an den Daten vornehmen. Die Men\u00fcleiste beinhaltet die Standardmen\u00fcs der Eingabemasken: Das Men\u00fc Start beinhaltet die Befehle, die Sie auch \u00fcber die Schaltfl\u00e4chen bedienen k\u00f6nnen. \u00a0Mit dem Men\u00fc\u00a0Bearbeiten\u00a0k\u00f6nnen Sie Schaltfl\u00e4chen per Maus [&hellip;]<\/p>\n","protected":false},"author":1,"featured_media":0,"parent":0,"menu_order":0,"comment_status":"closed","ping_status":"closed","template":"","meta":{"footnotes":""},"class_list":["post-239","page","type-page","status-publish","hentry"],"_links":{"self":[{"href":"https:\/\/handbuch.sdigroup.de\/hdm\/index.php\/wp-json\/wp\/v2\/pages\/239","targetHints":{"allow":["GET"]}}],"collection":[{"href":"https:\/\/handbuch.sdigroup.de\/hdm\/index.php\/wp-json\/wp\/v2\/pages"}],"about":[{"href":"https:\/\/handbuch.sdigroup.de\/hdm\/index.php\/wp-json\/wp\/v2\/types\/page"}],"author":[{"embeddable":true,"href":"https:\/\/handbuch.sdigroup.de\/hdm\/index.php\/wp-json\/wp\/v2\/users\/1"}],"replies":[{"embeddable":true,"href":"https:\/\/handbuch.sdigroup.de\/hdm\/index.php\/wp-json\/wp\/v2\/comments?post=239"}],"version-history":[{"count":5,"href":"https:\/\/handbuch.sdigroup.de\/hdm\/index.php\/wp-json\/wp\/v2\/pages\/239\/revisions"}],"predecessor-version":[{"id":1337,"href":"https:\/\/handbuch.sdigroup.de\/hdm\/index.php\/wp-json\/wp\/v2\/pages\/239\/revisions\/1337"}],"wp:attachment":[{"href":"https:\/\/handbuch.sdigroup.de\/hdm\/index.php\/wp-json\/wp\/v2\/media?parent=239"}],"curies":[{"name":"wp","href":"https:\/\/api.w.org\/{rel}","templated":true}]}}