{"id":237,"date":"2016-08-25T11:44:36","date_gmt":"2016-08-25T09:44:36","guid":{"rendered":"http:\/\/handbuch.sdigroup.de\/hdm\/?page_id=237"},"modified":"2020-11-02T11:58:41","modified_gmt":"2020-11-02T10:58:41","slug":"10-1-lieferanten","status":"publish","type":"page","link":"https:\/\/handbuch.sdigroup.de\/hdm\/index.php\/10-1-lieferanten\/","title":{"rendered":"10.1.Lieferanten"},"content":{"rendered":"<p align=\"CENTER\"><span style=\"font-size: x-large;\"><b>1.1 Lieferanten<\/b><\/span><\/p>\n<p>Das Modul <strong>&#8222;Lieferantenstamm&#8220;<\/strong><\/p>\n<p><img loading=\"lazy\" decoding=\"async\" class=\"alignnone wp-image-1205 size-full\" src=\"https:\/\/handbuch.sdigroup.de\/hdm\/wp-content\/uploads\/2020\/10\/Lieferanten.png\" alt=\"\" width=\"942\" height=\"593\" srcset=\"https:\/\/handbuch.sdigroup.de\/hdm\/wp-content\/uploads\/2020\/10\/Lieferanten.png 942w, https:\/\/handbuch.sdigroup.de\/hdm\/wp-content\/uploads\/2020\/10\/Lieferanten-300x189.png 300w, https:\/\/handbuch.sdigroup.de\/hdm\/wp-content\/uploads\/2020\/10\/Lieferanten-768x483.png 768w\" sizes=\"auto, (max-width: 942px) 100vw, 942px\" \/><\/p>\n<p>Die <b>Men\u00fcleiste<\/b> enth\u00e4lt zwei Pulldown-Men\u00fcs:<\/p>\n<ol>\n<li>Das Men\u00fc <b>Start <\/b>beinhaltet die Befehle, die Sie auch \u00fcber die Schaltfl\u00e4chen bediene k\u00f6nnen.<\/li>\n<li>Mit dem Men\u00fc <strong style=\"font-size: inherit;\">Bearbeiten<\/strong><span style=\"font-size: inherit;\">\u00a0k\u00f6nnen Sie Schaltfl\u00e4chen per Maus bedienen.<\/span><\/li>\n<\/ol>\n","protected":false},"excerpt":{"rendered":"<p>1.1 Lieferanten Das Modul &#8222;Lieferantenstamm&#8220; Die Men\u00fcleiste enth\u00e4lt zwei Pulldown-Men\u00fcs: Das Men\u00fc Start beinhaltet die Befehle, die Sie auch \u00fcber die Schaltfl\u00e4chen bediene k\u00f6nnen. Mit dem Men\u00fc Bearbeiten\u00a0k\u00f6nnen Sie Schaltfl\u00e4chen per Maus bedienen.<\/p>\n","protected":false},"author":1,"featured_media":0,"parent":0,"menu_order":0,"comment_status":"closed","ping_status":"closed","template":"","meta":{"footnotes":""},"class_list":["post-237","page","type-page","status-publish","hentry"],"_links":{"self":[{"href":"https:\/\/handbuch.sdigroup.de\/hdm\/index.php\/wp-json\/wp\/v2\/pages\/237","targetHints":{"allow":["GET"]}}],"collection":[{"href":"https:\/\/handbuch.sdigroup.de\/hdm\/index.php\/wp-json\/wp\/v2\/pages"}],"about":[{"href":"https:\/\/handbuch.sdigroup.de\/hdm\/index.php\/wp-json\/wp\/v2\/types\/page"}],"author":[{"embeddable":true,"href":"https:\/\/handbuch.sdigroup.de\/hdm\/index.php\/wp-json\/wp\/v2\/users\/1"}],"replies":[{"embeddable":true,"href":"https:\/\/handbuch.sdigroup.de\/hdm\/index.php\/wp-json\/wp\/v2\/comments?post=237"}],"version-history":[{"count":6,"href":"https:\/\/handbuch.sdigroup.de\/hdm\/index.php\/wp-json\/wp\/v2\/pages\/237\/revisions"}],"predecessor-version":[{"id":1338,"href":"https:\/\/handbuch.sdigroup.de\/hdm\/index.php\/wp-json\/wp\/v2\/pages\/237\/revisions\/1338"}],"wp:attachment":[{"href":"https:\/\/handbuch.sdigroup.de\/hdm\/index.php\/wp-json\/wp\/v2\/media?parent=237"}],"curies":[{"name":"wp","href":"https:\/\/api.w.org\/{rel}","templated":true}]}}