{"id":233,"date":"2016-08-25T11:42:45","date_gmt":"2016-08-25T09:42:45","guid":{"rendered":"http:\/\/handbuch.sdigroup.de\/hdm\/?page_id=233"},"modified":"2020-10-26T15:31:47","modified_gmt":"2020-10-26T14:31:47","slug":"9-7-externer-serienbrief","status":"publish","type":"page","link":"https:\/\/handbuch.sdigroup.de\/hdm\/index.php\/9-7-externer-serienbrief\/","title":{"rendered":"9.7.Externer Serienbrief"},"content":{"rendered":"<p align=\"CENTER\"><span style=\"font-size: x-large;\"><b>8. Externe Serienbriefe (z.B. mit Word\u00a0f\u00fcr Windows) erstellen:<\/b><\/span><\/p>\n<p>W\u00e4hlen Sie folgende Schritte:<\/p>\n<ol>\n<li>Serienbrief mit Word f\u00fcr Windows schreiben &#8211; dann zu HD Mode wechseln:<\/li>\n<li>Dann im Hauptmen\u00fc auf <strong>&#8222;Kundenstamm&#8220;<\/strong> gehen.<\/li>\n<li>Oben in der Men\u00fcleiste <strong>&#8222;Suchen&#8220; <\/strong>bet\u00e4tigen.<\/li>\n<li>In der Men\u00fcleiste auf <strong>&#8222;Liste&#8220;.<\/strong><\/li>\n<\/ol>\n<p>In der <b>Men\u00fcleiste<\/b> w\u00e4hlen <strong>Drucken<\/strong> und dann unter <b>Daten Export <\/b>auf <b>CSV (odbc.csv).<\/b>HD Mode erstellt im Verzeichnis C:\\SDIBASE\\ eine Datei mit Namen <b>odcb.txt<\/b>. Diese Datei ist die Datenquelle f\u00fcr den Word f\u00fcr Windows-Serienbrief, wird im n\u00e4chsten Schritt gem\u00e4\u00df Word f\u00fcr Windows-Handbuch mit dem Serienbrief verbunden und dann in Word f\u00fcr Windows ausgedruckt.<\/p>\n","protected":false},"excerpt":{"rendered":"<p>8. Externe Serienbriefe (z.B. mit Word\u00a0f\u00fcr Windows) erstellen: W\u00e4hlen Sie folgende Schritte: Serienbrief mit Word f\u00fcr Windows schreiben &#8211; dann zu HD Mode wechseln: Dann im Hauptmen\u00fc auf &#8222;Kundenstamm&#8220; gehen. Oben in der Men\u00fcleiste &#8222;Suchen&#8220; bet\u00e4tigen. In der Men\u00fcleiste auf &#8222;Liste&#8220;. In der Men\u00fcleiste w\u00e4hlen Drucken und dann unter Daten Export auf CSV (odbc.csv).HD Mode [&hellip;]<\/p>\n","protected":false},"author":1,"featured_media":0,"parent":0,"menu_order":0,"comment_status":"closed","ping_status":"closed","template":"","meta":{"footnotes":""},"class_list":["post-233","page","type-page","status-publish","hentry"],"_links":{"self":[{"href":"https:\/\/handbuch.sdigroup.de\/hdm\/index.php\/wp-json\/wp\/v2\/pages\/233","targetHints":{"allow":["GET"]}}],"collection":[{"href":"https:\/\/handbuch.sdigroup.de\/hdm\/index.php\/wp-json\/wp\/v2\/pages"}],"about":[{"href":"https:\/\/handbuch.sdigroup.de\/hdm\/index.php\/wp-json\/wp\/v2\/types\/page"}],"author":[{"embeddable":true,"href":"https:\/\/handbuch.sdigroup.de\/hdm\/index.php\/wp-json\/wp\/v2\/users\/1"}],"replies":[{"embeddable":true,"href":"https:\/\/handbuch.sdigroup.de\/hdm\/index.php\/wp-json\/wp\/v2\/comments?post=233"}],"version-history":[{"count":3,"href":"https:\/\/handbuch.sdigroup.de\/hdm\/index.php\/wp-json\/wp\/v2\/pages\/233\/revisions"}],"predecessor-version":[{"id":1201,"href":"https:\/\/handbuch.sdigroup.de\/hdm\/index.php\/wp-json\/wp\/v2\/pages\/233\/revisions\/1201"}],"wp:attachment":[{"href":"https:\/\/handbuch.sdigroup.de\/hdm\/index.php\/wp-json\/wp\/v2\/media?parent=233"}],"curies":[{"name":"wp","href":"https:\/\/api.w.org\/{rel}","templated":true}]}}