{"id":231,"date":"2016-08-25T11:38:16","date_gmt":"2016-08-25T09:38:16","guid":{"rendered":"http:\/\/handbuch.sdigroup.de\/hdm\/?page_id=231"},"modified":"2020-10-26T15:05:16","modified_gmt":"2020-10-26T14:05:16","slug":"9-6-serienbrief-2","status":"publish","type":"page","link":"https:\/\/handbuch.sdigroup.de\/hdm\/index.php\/9-6-serienbrief-2\/","title":{"rendered":"9.6.Serienbrief"},"content":{"rendered":"<p align=\"CENTER\"><span style=\"font-size: x-large;\"><b>7. Kunden &#8211; Serienbriefe<\/b><\/span><\/p>\n<p>So schicken Sie Serienbriefe an Kunden:<\/p>\n<ol>\n<li>In der Hauptnavigation auf <strong>&#8222;Kunden&#8220;<\/strong><\/li>\n<li>Kunden nach Kundenkriterien suchen, <strong>&#8222;Suchen&#8220;<\/strong> oder Schaltfl\u00e4che <strong>&#8222;F8&#8220;<\/strong><\/li>\n<li>Sie gehen oben in der <strong>Men\u00fcleiste <\/strong>auf <strong>&#8222;<\/strong><b>Liste&#8220;,<\/b> dann m\u00fcssen Sie unter <b>Drucken<\/b> auf <strong>&#8222;<\/strong><b>Serien-Brief&#8220;<\/b><\/li>\n<li><img loading=\"lazy\" decoding=\"async\" class=\"alignnone size-full wp-image-1197\" src=\"https:\/\/handbuch.sdigroup.de\/hdm\/wp-content\/uploads\/2020\/10\/serienpic.png\" alt=\"\" width=\"788\" height=\"719\" srcset=\"https:\/\/handbuch.sdigroup.de\/hdm\/wp-content\/uploads\/2020\/10\/serienpic.png 788w, https:\/\/handbuch.sdigroup.de\/hdm\/wp-content\/uploads\/2020\/10\/serienpic-300x274.png 300w, https:\/\/handbuch.sdigroup.de\/hdm\/wp-content\/uploads\/2020\/10\/serienpic-768x701.png 768w\" sizes=\"auto, (max-width: 788px) 100vw, 788px\" \/><\/li>\n<li>Felder ausf\u00fcllen und mit der <strong>Seitenansicht <\/strong>(H\u00e4kchen)\u00a0auf Richtigkeit \u00fcberpr\u00fcfen.<\/li>\n<li>Dann unten auf <strong>&#8222;Drucken&#8220;<\/strong> oder Schaltfl\u00e4che <strong>&#8222;F4&#8220;<\/strong>. Dieser Text wird f\u00fcr alle in der Tabelle ausgew\u00e4hlten Kunden als Infobrief ausgedruckt. Automatisch werden im Serienbrief HD Mode das aktuelle Datum, die Adresse und Anrede der Kunden erg\u00e4nzt, die den Brief erhalten sollen.<\/li>\n<\/ol>\n","protected":false},"excerpt":{"rendered":"<p>7. Kunden &#8211; Serienbriefe So schicken Sie Serienbriefe an Kunden: In der Hauptnavigation auf &#8222;Kunden&#8220; Kunden nach Kundenkriterien suchen, &#8222;Suchen&#8220; oder Schaltfl\u00e4che &#8222;F8&#8220; Sie gehen oben in der Men\u00fcleiste auf &#8222;Liste&#8220;, dann m\u00fcssen Sie unter Drucken auf &#8222;Serien-Brief&#8220; Felder ausf\u00fcllen und mit der Seitenansicht (H\u00e4kchen)\u00a0auf Richtigkeit \u00fcberpr\u00fcfen. Dann unten auf &#8222;Drucken&#8220; oder Schaltfl\u00e4che &#8222;F4&#8220;. Dieser [&hellip;]<\/p>\n","protected":false},"author":1,"featured_media":0,"parent":0,"menu_order":0,"comment_status":"closed","ping_status":"closed","template":"","meta":{"footnotes":""},"class_list":["post-231","page","type-page","status-publish","hentry"],"_links":{"self":[{"href":"https:\/\/handbuch.sdigroup.de\/hdm\/index.php\/wp-json\/wp\/v2\/pages\/231","targetHints":{"allow":["GET"]}}],"collection":[{"href":"https:\/\/handbuch.sdigroup.de\/hdm\/index.php\/wp-json\/wp\/v2\/pages"}],"about":[{"href":"https:\/\/handbuch.sdigroup.de\/hdm\/index.php\/wp-json\/wp\/v2\/types\/page"}],"author":[{"embeddable":true,"href":"https:\/\/handbuch.sdigroup.de\/hdm\/index.php\/wp-json\/wp\/v2\/users\/1"}],"replies":[{"embeddable":true,"href":"https:\/\/handbuch.sdigroup.de\/hdm\/index.php\/wp-json\/wp\/v2\/comments?post=231"}],"version-history":[{"count":3,"href":"https:\/\/handbuch.sdigroup.de\/hdm\/index.php\/wp-json\/wp\/v2\/pages\/231\/revisions"}],"predecessor-version":[{"id":1198,"href":"https:\/\/handbuch.sdigroup.de\/hdm\/index.php\/wp-json\/wp\/v2\/pages\/231\/revisions\/1198"}],"wp:attachment":[{"href":"https:\/\/handbuch.sdigroup.de\/hdm\/index.php\/wp-json\/wp\/v2\/media?parent=231"}],"curies":[{"name":"wp","href":"https:\/\/api.w.org\/{rel}","templated":true}]}}