{"id":224,"date":"2016-08-25T11:36:54","date_gmt":"2016-08-25T09:36:54","guid":{"rendered":"http:\/\/handbuch.sdigroup.de\/hdm\/?page_id=224"},"modified":"2020-10-26T14:48:10","modified_gmt":"2020-10-26T13:48:10","slug":"9-3-anlegen-2","status":"publish","type":"page","link":"https:\/\/handbuch.sdigroup.de\/hdm\/index.php\/9-3-anlegen-2\/","title":{"rendered":"9.3.Speichern"},"content":{"rendered":"<p align=\"CENTER\"><span style=\"font-size: x-large;\"><b>3. Kunden &#8211; Speichern<\/b><\/span><\/p>\n<p>So legen Sie einen Kunden an:<\/p>\n<ol>\n<li>Links in der Hauptnavigation auf <strong>&#8222;Kunde&#8220;<\/strong><\/li>\n<li>Wenn die Maske noch nicht leer ist bet\u00e4tigen sie in der Men\u00fczeile <strong>&#8222;Neu&#8220;<\/strong> oder dr\u00fccken Schaltfl\u00e4che <strong>&#8222;F5&#8220;<\/strong><\/li>\n<li>Wenn Sie die Frage: <strong>&#8222;Wollen Sie eine neue Kundennummer ?&#8220;<\/strong>, mit <strong>&#8222;JA&#8220;\u00a0<\/strong>beantworten kriegen Sie eine neue Kunden-Nr.. Wenn Sie die Frage mit <strong>&#8222;NEIN&#8220;<\/strong> beantworten erhalten Sie keine Kunden-Nr. und k\u00f6nnen selbst eine Kundennummer eintragen.<\/li>\n<li>Kundeninformationen eintragen\u00a0 \u00a0 \u00a0 \u00a0 \u00a0 \u00a0 \u00a0 \u00a0 \u00a0 \u00a0 \u00a0 \u00a0 \u00a0 \u00a0 \u00a0 \u00a0 \u00a0 \u00a0 \u00a0 \u00a0 \u00a0 \u00a0 \u00a0 \u00a0 \u00a0 \u00a0 \u00a0 \u00a0 \u00a0 \u00a0 <span style=\"color: #000000;\"><em>(Gelbe Felder <b>M\u00dcSSEN<\/b> eingetragen werden!)<\/em><\/span><br \/>\n<i>Wenn die Lieferadresse von der Rechnungsadresse abweicht, <\/i><i><b>erfassen sie die Lieferadresse bitte seperat<\/b><\/i><i>!<\/i><\/li>\n<li>Das Feld <b>Steuernummer<\/b> wird leer gelassen.<\/li>\n<li>Wenn Sie alle gelben Felder ausgef\u00fcllt haben, gehen Sie oben in der Men\u00fczeile auf <strong>&#8222;Speichern&#8220;<\/strong> oder bet\u00e4tigen Schaltfl\u00e4che <strong>&#8222;F6&#8220; .\u00a0<\/strong> <img loading=\"lazy\" decoding=\"async\" class=\"alignnone size-full wp-image-1086\" src=\"https:\/\/handbuch.sdigroup.de\/hdm\/wp-content\/uploads\/2016\/08\/9.3.png\" alt=\"9.3\" width=\"826\" height=\"117\" srcset=\"https:\/\/handbuch.sdigroup.de\/hdm\/wp-content\/uploads\/2016\/08\/9.3.png 826w, https:\/\/handbuch.sdigroup.de\/hdm\/wp-content\/uploads\/2016\/08\/9.3-300x42.png 300w, https:\/\/handbuch.sdigroup.de\/hdm\/wp-content\/uploads\/2016\/08\/9.3-768x109.png 768w\" sizes=\"auto, (max-width: 826px) 100vw, 826px\" \/><br \/>\n<b>Nun ist der Kunde gespeichert!<\/b><\/li>\n<\/ol>\n","protected":false},"excerpt":{"rendered":"<p>3. Kunden &#8211; Speichern So legen Sie einen Kunden an: Links in der Hauptnavigation auf &#8222;Kunde&#8220; Wenn die Maske noch nicht leer ist bet\u00e4tigen sie in der Men\u00fczeile &#8222;Neu&#8220; oder dr\u00fccken Schaltfl\u00e4che &#8222;F5&#8220; Wenn Sie die Frage: &#8222;Wollen Sie eine neue Kundennummer ?&#8220;, mit &#8222;JA&#8220;\u00a0beantworten kriegen Sie eine neue Kunden-Nr.. Wenn Sie die Frage mit [&hellip;]<\/p>\n","protected":false},"author":1,"featured_media":0,"parent":0,"menu_order":0,"comment_status":"closed","ping_status":"closed","template":"","meta":{"footnotes":""},"class_list":["post-224","page","type-page","status-publish","hentry"],"_links":{"self":[{"href":"https:\/\/handbuch.sdigroup.de\/hdm\/index.php\/wp-json\/wp\/v2\/pages\/224","targetHints":{"allow":["GET"]}}],"collection":[{"href":"https:\/\/handbuch.sdigroup.de\/hdm\/index.php\/wp-json\/wp\/v2\/pages"}],"about":[{"href":"https:\/\/handbuch.sdigroup.de\/hdm\/index.php\/wp-json\/wp\/v2\/types\/page"}],"author":[{"embeddable":true,"href":"https:\/\/handbuch.sdigroup.de\/hdm\/index.php\/wp-json\/wp\/v2\/users\/1"}],"replies":[{"embeddable":true,"href":"https:\/\/handbuch.sdigroup.de\/hdm\/index.php\/wp-json\/wp\/v2\/comments?post=224"}],"version-history":[{"count":6,"href":"https:\/\/handbuch.sdigroup.de\/hdm\/index.php\/wp-json\/wp\/v2\/pages\/224\/revisions"}],"predecessor-version":[{"id":1191,"href":"https:\/\/handbuch.sdigroup.de\/hdm\/index.php\/wp-json\/wp\/v2\/pages\/224\/revisions\/1191"}],"wp:attachment":[{"href":"https:\/\/handbuch.sdigroup.de\/hdm\/index.php\/wp-json\/wp\/v2\/media?parent=224"}],"curies":[{"name":"wp","href":"https:\/\/api.w.org\/{rel}","templated":true}]}}