{"id":222,"date":"2016-08-25T11:36:25","date_gmt":"2016-08-25T09:36:25","guid":{"rendered":"http:\/\/handbuch.sdigroup.de\/hdm\/?page_id=222"},"modified":"2020-10-26T14:38:24","modified_gmt":"2020-10-26T13:38:24","slug":"9-2-tabelle-2","status":"publish","type":"page","link":"https:\/\/handbuch.sdigroup.de\/hdm\/index.php\/9-2-tabelle-2\/","title":{"rendered":"9.2.Liste"},"content":{"rendered":"<p align=\"CENTER\"><span style=\"font-size: x-large;\"><b>2. Kunden-Liste<\/b><\/span><\/p>\n<p><img loading=\"lazy\" decoding=\"async\" class=\"alignnone size-full wp-image-574\" src=\"https:\/\/handbuch.sdigroup.de\/hdm\/wp-content\/uploads\/2016\/08\/9.2-Tabelle-2.png\" alt=\"9.2 Tabelle 2\" width=\"1292\" height=\"994\" srcset=\"https:\/\/handbuch.sdigroup.de\/hdm\/wp-content\/uploads\/2016\/08\/9.2-Tabelle-2.png 1292w, https:\/\/handbuch.sdigroup.de\/hdm\/wp-content\/uploads\/2016\/08\/9.2-Tabelle-2-300x231.png 300w, https:\/\/handbuch.sdigroup.de\/hdm\/wp-content\/uploads\/2016\/08\/9.2-Tabelle-2-768x591.png 768w, https:\/\/handbuch.sdigroup.de\/hdm\/wp-content\/uploads\/2016\/08\/9.2-Tabelle-2-1024x788.png 1024w\" sizes=\"auto, (max-width: 1292px) 100vw, 1292px\" \/><\/p>\n<p>Die <b>Men\u00fcleiste <\/b>enth\u00e4lt die Standard-Men\u00fcleiste f\u00fcr Tabellen.<\/p>\n<p>Das Men\u00fc <b>Drucken <\/b>beinhaltet:<\/p>\n<ol>\n<li>Den Befehl <strong>Seitenansicht, <\/strong>mit dessen Hilfe Sie einen Vordruck auf Ihrem Bildschirm angezeigt bekommen.<\/li>\n<li>Den Befehl <strong>Liste<\/strong>, mit dessen Hilfe Sie Ihre Tabelle als <strong>Liste<\/strong> ausdrucken k\u00f6nnen. Das Aussehen der Liste k\u00f6nnen Sie \u00fcber die Report-Maske ver\u00e4ndern.<\/li>\n<li>Den Befehl <b>Adressetiketten<\/b>, mit dessen Hilfe Sie Adressetiketten (Firmenname, Inhaber, Stra\u00dfe, PLZ, Ort) ausdrucken.<\/li>\n<li>Den Befehl <b>Kundenkarte\u00a0<\/b>mit dessen Hilfe Sie eine Kundenkarte ausdrucken k\u00f6nnen.<\/li>\n<li>Den Befehl <b>Serien-Brief oder Serien-Email<\/b>, mit dessen Hilfe Sie Serien-Briefe oder Serien-Email verfassen.<\/li>\n<\/ol>\n<p>Die <b>Tabelle<\/b> k\u00f6nnen Sie umsortieren und bearbeiten. Die <b>Daten<\/b> in der Tabelle k\u00f6nnen Sie allerdings <b>nicht bearbeiten<\/b>.<\/p>\n\n\n<p>HD Mode erstellt im Verzeichnis <strong>C:\\SDIBASE\\<\/strong> eine Datei mit Namen &lt;<strong>odcb.txt<\/strong>>.<\/p>\n","protected":false},"excerpt":{"rendered":"<p>2. Kunden-Liste Die Men\u00fcleiste enth\u00e4lt die Standard-Men\u00fcleiste f\u00fcr Tabellen. Das Men\u00fc Drucken beinhaltet: Den Befehl Seitenansicht, mit dessen Hilfe Sie einen Vordruck auf Ihrem Bildschirm angezeigt bekommen. Den Befehl Liste, mit dessen Hilfe Sie Ihre Tabelle als Liste ausdrucken k\u00f6nnen. Das Aussehen der Liste k\u00f6nnen Sie \u00fcber die Report-Maske ver\u00e4ndern. Den Befehl Adressetiketten, mit dessen [&hellip;]<\/p>\n","protected":false},"author":1,"featured_media":0,"parent":0,"menu_order":0,"comment_status":"closed","ping_status":"closed","template":"","meta":{"footnotes":""},"class_list":["post-222","page","type-page","status-publish","hentry"],"_links":{"self":[{"href":"https:\/\/handbuch.sdigroup.de\/hdm\/index.php\/wp-json\/wp\/v2\/pages\/222","targetHints":{"allow":["GET"]}}],"collection":[{"href":"https:\/\/handbuch.sdigroup.de\/hdm\/index.php\/wp-json\/wp\/v2\/pages"}],"about":[{"href":"https:\/\/handbuch.sdigroup.de\/hdm\/index.php\/wp-json\/wp\/v2\/types\/page"}],"author":[{"embeddable":true,"href":"https:\/\/handbuch.sdigroup.de\/hdm\/index.php\/wp-json\/wp\/v2\/users\/1"}],"replies":[{"embeddable":true,"href":"https:\/\/handbuch.sdigroup.de\/hdm\/index.php\/wp-json\/wp\/v2\/comments?post=222"}],"version-history":[{"count":6,"href":"https:\/\/handbuch.sdigroup.de\/hdm\/index.php\/wp-json\/wp\/v2\/pages\/222\/revisions"}],"predecessor-version":[{"id":1189,"href":"https:\/\/handbuch.sdigroup.de\/hdm\/index.php\/wp-json\/wp\/v2\/pages\/222\/revisions\/1189"}],"wp:attachment":[{"href":"https:\/\/handbuch.sdigroup.de\/hdm\/index.php\/wp-json\/wp\/v2\/media?parent=222"}],"curies":[{"name":"wp","href":"https:\/\/api.w.org\/{rel}","templated":true}]}}