{"id":220,"date":"2016-08-25T11:35:43","date_gmt":"2016-08-25T09:35:43","guid":{"rendered":"http:\/\/handbuch.sdigroup.de\/hdm\/?page_id=220"},"modified":"2019-05-09T16:41:32","modified_gmt":"2019-05-09T14:41:32","slug":"9-1-daten-2","status":"publish","type":"page","link":"https:\/\/handbuch.sdigroup.de\/hdm\/index.php\/9-1-daten-2\/","title":{"rendered":"9.1.Daten"},"content":{"rendered":"<p align=\"CENTER\"><span style=\"font-size: x-large;\"><b>1. Kunden-Daten<\/b><\/span><\/p>\n<p>Ein bzw. mehrere Kunden k\u00f6nnen anhand von mehreren Kriterien gesucht, in einer Tabelle angezeigt und ausgedruckt werden. Sie k\u00f6nnen <b>keine Ver\u00e4nderungen<\/b> an den Daten vornehmen.<br \/>\n<img loading=\"lazy\" decoding=\"async\" class=\"alignnone size-full wp-image-769\" src=\"https:\/\/handbuch.sdigroup.de\/hdm\/wp-content\/uploads\/2016\/08\/kundendaten-1.jpg\" alt=\"kundendaten\" width=\"1920\" height=\"1031\" srcset=\"https:\/\/handbuch.sdigroup.de\/hdm\/wp-content\/uploads\/2016\/08\/kundendaten-1.jpg 1920w, https:\/\/handbuch.sdigroup.de\/hdm\/wp-content\/uploads\/2016\/08\/kundendaten-1-300x161.jpg 300w, https:\/\/handbuch.sdigroup.de\/hdm\/wp-content\/uploads\/2016\/08\/kundendaten-1-768x412.jpg 768w, https:\/\/handbuch.sdigroup.de\/hdm\/wp-content\/uploads\/2016\/08\/kundendaten-1-1024x550.jpg 1024w\" sizes=\"auto, (max-width: 1920px) 100vw, 1920px\" \/><\/p>\n","protected":false},"excerpt":{"rendered":"<p>1. Kunden-Daten Ein bzw. mehrere Kunden k\u00f6nnen anhand von mehreren Kriterien gesucht, in einer Tabelle angezeigt und ausgedruckt werden. Sie k\u00f6nnen keine Ver\u00e4nderungen an den Daten vornehmen.<\/p>\n","protected":false},"author":1,"featured_media":0,"parent":0,"menu_order":0,"comment_status":"closed","ping_status":"closed","template":"","meta":{"footnotes":""},"class_list":["post-220","page","type-page","status-publish","hentry"],"_links":{"self":[{"href":"https:\/\/handbuch.sdigroup.de\/hdm\/index.php\/wp-json\/wp\/v2\/pages\/220","targetHints":{"allow":["GET"]}}],"collection":[{"href":"https:\/\/handbuch.sdigroup.de\/hdm\/index.php\/wp-json\/wp\/v2\/pages"}],"about":[{"href":"https:\/\/handbuch.sdigroup.de\/hdm\/index.php\/wp-json\/wp\/v2\/types\/page"}],"author":[{"embeddable":true,"href":"https:\/\/handbuch.sdigroup.de\/hdm\/index.php\/wp-json\/wp\/v2\/users\/1"}],"replies":[{"embeddable":true,"href":"https:\/\/handbuch.sdigroup.de\/hdm\/index.php\/wp-json\/wp\/v2\/comments?post=220"}],"version-history":[{"count":2,"href":"https:\/\/handbuch.sdigroup.de\/hdm\/index.php\/wp-json\/wp\/v2\/pages\/220\/revisions"}],"predecessor-version":[{"id":812,"href":"https:\/\/handbuch.sdigroup.de\/hdm\/index.php\/wp-json\/wp\/v2\/pages\/220\/revisions\/812"}],"wp:attachment":[{"href":"https:\/\/handbuch.sdigroup.de\/hdm\/index.php\/wp-json\/wp\/v2\/media?parent=220"}],"curies":[{"name":"wp","href":"https:\/\/api.w.org\/{rel}","templated":true}]}}