{"id":1377,"date":"2021-08-23T12:39:25","date_gmt":"2021-08-23T10:39:25","guid":{"rendered":"https:\/\/handbuch.sdigroup.de\/hdm\/?page_id=1377"},"modified":"2021-08-23T12:51:47","modified_gmt":"2021-08-23T10:51:47","slug":"groessenschluessel","status":"publish","type":"page","link":"https:\/\/handbuch.sdigroup.de\/hdm\/index.php\/groessenschluessel\/","title":{"rendered":"11.9. Gr\u00f6\u00dfenschl\u00fcssel"},"content":{"rendered":"\n<p>Stoffe und Zubeh\u00f6r anlegen. Konfiguration des Gr\u00f6\u00dfenschl\u00fcssels \/ Um sp\u00e4ter eine leichte Suche zu erm\u00f6glichen ist es empfehlenswert einen neuen Gr\u00f6\u00dfenschl\u00fcssel anzulegen. Dies k\u00f6nnen sie in den Folgenden Schritten durchf\u00fchren :<\/p>\n\n\n\n<div class=\"wp-block-group\"><div class=\"wp-block-group__inner-container is-layout-flow wp-block-group-is-layout-flow\">\n<ul class=\"wp-block-list\"><li>Begeben sie sich ins Hauptmen\u00fc von Modeprofi und gehen sie in die\u00a0<strong>\u201eSystemeinstellung\u201c<\/strong>, dann in\u00a0<strong>\u201eGrundeinstellung\u201c<\/strong>, und als letztes in\u00a0<strong>\u201eGr\u00f6\u00dfentabelle\u201c<\/strong>.<\/li><\/ul>\n\n\n\n<figure class=\"wp-block-image size-large\"><img loading=\"lazy\" decoding=\"async\" width=\"734\" height=\"495\" src=\"https:\/\/handbuch.sdigroup.de\/hdm\/wp-content\/uploads\/2021\/08\/groessenschluessel.png\" alt=\"\" class=\"wp-image-1381\" srcset=\"https:\/\/handbuch.sdigroup.de\/hdm\/wp-content\/uploads\/2021\/08\/groessenschluessel.png 734w, https:\/\/handbuch.sdigroup.de\/hdm\/wp-content\/uploads\/2021\/08\/groessenschluessel-300x202.png 300w\" sizes=\"auto, (max-width: 734px) 100vw, 734px\" \/><\/figure>\n\n\n\n<ul class=\"wp-block-list\"><li>Wenn sie sich in Gr\u00f6\u00dfentabelle befinden klicken sie auf\u00a0<strong>\u201eNeu F5\u201c<\/strong>\u00a0um eine neue Gr\u00f6\u00dfe anzulegen. Benennen sie die Gr\u00f6\u00dfe, z.B.\u00a0<strong>Eigen<\/strong>, und geben sie in\u00a0<strong>\u201eS1\u201c<\/strong>\u00a0die Ziffernzahl\u00a0<strong>\u201eST\u201c<\/strong>\u00a0ein. Lassen sie die restlichen leer.<\/li><\/ul>\n\n\n\n<figure class=\"wp-block-image size-large\"><img loading=\"lazy\" decoding=\"async\" width=\"782\" height=\"513\" src=\"https:\/\/handbuch.sdigroup.de\/hdm\/wp-content\/uploads\/2021\/08\/Groessentabelle-ST.png\" alt=\"\" class=\"wp-image-1383\" srcset=\"https:\/\/handbuch.sdigroup.de\/hdm\/wp-content\/uploads\/2021\/08\/Groessentabelle-ST.png 782w, https:\/\/handbuch.sdigroup.de\/hdm\/wp-content\/uploads\/2021\/08\/Groessentabelle-ST-300x197.png 300w, https:\/\/handbuch.sdigroup.de\/hdm\/wp-content\/uploads\/2021\/08\/Groessentabelle-ST-768x504.png 768w\" sizes=\"auto, (max-width: 782px) 100vw, 782px\" \/><\/figure>\n\n\n\n<ul class=\"wp-block-list\"><li>Gehen sie nun auf\u00a0<strong>\u201e\u00dcbernehmen\u201c.<\/strong>\u00a0Begeben sie sich zur\u00fcck zum Hauptmen\u00fc.<\/li><\/ul>\n<\/div><\/div>\n\n\n\n<p><\/p>\n","protected":false},"excerpt":{"rendered":"<p>Stoffe und Zubeh\u00f6r anlegen. Konfiguration des Gr\u00f6\u00dfenschl\u00fcssels \/ Um sp\u00e4ter eine leichte Suche zu erm\u00f6glichen ist es empfehlenswert einen neuen Gr\u00f6\u00dfenschl\u00fcssel anzulegen. Dies k\u00f6nnen sie in den Folgenden Schritten durchf\u00fchren : Begeben sie sich ins Hauptmen\u00fc von Modeprofi und gehen sie in die\u00a0\u201eSystemeinstellung\u201c, dann in\u00a0\u201eGrundeinstellung\u201c, und als letztes in\u00a0\u201eGr\u00f6\u00dfentabelle\u201c. Wenn sie sich in Gr\u00f6\u00dfentabelle befinden [&hellip;]<\/p>\n","protected":false},"author":2,"featured_media":0,"parent":0,"menu_order":0,"comment_status":"closed","ping_status":"closed","template":"","meta":{"footnotes":""},"class_list":["post-1377","page","type-page","status-publish","hentry"],"_links":{"self":[{"href":"https:\/\/handbuch.sdigroup.de\/hdm\/index.php\/wp-json\/wp\/v2\/pages\/1377","targetHints":{"allow":["GET"]}}],"collection":[{"href":"https:\/\/handbuch.sdigroup.de\/hdm\/index.php\/wp-json\/wp\/v2\/pages"}],"about":[{"href":"https:\/\/handbuch.sdigroup.de\/hdm\/index.php\/wp-json\/wp\/v2\/types\/page"}],"author":[{"embeddable":true,"href":"https:\/\/handbuch.sdigroup.de\/hdm\/index.php\/wp-json\/wp\/v2\/users\/2"}],"replies":[{"embeddable":true,"href":"https:\/\/handbuch.sdigroup.de\/hdm\/index.php\/wp-json\/wp\/v2\/comments?post=1377"}],"version-history":[{"count":5,"href":"https:\/\/handbuch.sdigroup.de\/hdm\/index.php\/wp-json\/wp\/v2\/pages\/1377\/revisions"}],"predecessor-version":[{"id":1385,"href":"https:\/\/handbuch.sdigroup.de\/hdm\/index.php\/wp-json\/wp\/v2\/pages\/1377\/revisions\/1385"}],"wp:attachment":[{"href":"https:\/\/handbuch.sdigroup.de\/hdm\/index.php\/wp-json\/wp\/v2\/media?parent=1377"}],"curies":[{"name":"wp","href":"https:\/\/api.w.org\/{rel}","templated":true}]}}