{"id":106,"date":"2016-08-23T15:09:10","date_gmt":"2016-08-23T13:09:10","guid":{"rendered":"http:\/\/handbuch.sdigroup.de\/hdm\/?page_id=106"},"modified":"2022-07-27T16:18:08","modified_gmt":"2022-07-27T14:18:08","slug":"8-18-offene-postenliste","status":"publish","type":"page","link":"https:\/\/handbuch.sdigroup.de\/hdm\/index.php\/8-18-offene-postenliste\/","title":{"rendered":"8.16.Offene Postenliste"},"content":{"rendered":"<p align=\"CENTER\"><span style=\"font-size: x-large;\"><b>AUFTRAGSMODUL<\/b><\/span><\/p>\n<p align=\"CENTER\"><span style=\"font-size: x-large;\"><b><a title=\"\" name=\"l37\"><\/a>16. Offene Postenliste<\/b><\/span><\/p>\n<p>W\u00e4hlen Sie folgende Schritte<\/p>\n<ol>\n<li>Links in der Hauptnavigation auf <strong>&#8222;Kontrolle&#8220;<\/strong><\/li>\n<li>Oben in der Men\u00fczeile auf <strong>&#8222;Offene Posten&#8220;<\/strong> <img loading=\"lazy\" decoding=\"async\" class=\"alignnone wp-image-1113 size-full\" src=\"https:\/\/handbuch.sdigroup.de\/hdm\/wp-content\/uploads\/2020\/10\/offene-posten-2.png\" alt=\"\" width=\"118\" height=\"83\" \/><br \/>Alle offenen Rechnungen werden gesucht.<\/li>\n<li>W\u00e4hlen Sie die Art der<strong> Sortierung.\u00a0<img loading=\"lazy\" decoding=\"async\" class=\"alignnone size-full wp-image-568\" src=\"https:\/\/handbuch.sdigroup.de\/hdm\/wp-content\/uploads\/2016\/08\/8.18-Datenbank-2.png\" alt=\"8.18 Datenbank 2\" width=\"354\" height=\"149\" srcset=\"https:\/\/handbuch.sdigroup.de\/hdm\/wp-content\/uploads\/2016\/08\/8.18-Datenbank-2.png 354w, https:\/\/handbuch.sdigroup.de\/hdm\/wp-content\/uploads\/2016\/08\/8.18-Datenbank-2-300x126.png 300w\" sizes=\"auto, (max-width: 354px) 100vw, 354px\" \/><\/strong><\/li>\n<li>Gehen Sie oben in der Men\u00fczeile auf <strong>Liste.<\/strong><\/li>\n<li>W\u00e4hlen Sie<strong> &#8222;Offen Postenliste&#8220;<\/strong> <img loading=\"lazy\" decoding=\"async\" class=\"alignnone wp-image-1401 \" src=\"https:\/\/handbuch.sdigroup.de\/hdm\/wp-content\/uploads\/2022\/07\/Screenshot_4-2.png\" alt=\"\" width=\"1208\" height=\"85\" srcset=\"https:\/\/handbuch.sdigroup.de\/hdm\/wp-content\/uploads\/2022\/07\/Screenshot_4-2.png 1654w, https:\/\/handbuch.sdigroup.de\/hdm\/wp-content\/uploads\/2022\/07\/Screenshot_4-2-300x21.png 300w, https:\/\/handbuch.sdigroup.de\/hdm\/wp-content\/uploads\/2022\/07\/Screenshot_4-2-1024x72.png 1024w, https:\/\/handbuch.sdigroup.de\/hdm\/wp-content\/uploads\/2022\/07\/Screenshot_4-2-768x54.png 768w, https:\/\/handbuch.sdigroup.de\/hdm\/wp-content\/uploads\/2022\/07\/Screenshot_4-2-1536x109.png 1536w\" sizes=\"auto, (max-width: 1208px) 100vw, 1208px\" \/><\/li>\n<\/ol>\n\n\n<p><\/p>\n","protected":false},"excerpt":{"rendered":"<p>AUFTRAGSMODUL 16. Offene Postenliste W\u00e4hlen Sie folgende Schritte Links in der Hauptnavigation auf &#8222;Kontrolle&#8220; Oben in der Men\u00fczeile auf &#8222;Offene Posten&#8220; Alle offenen Rechnungen werden gesucht. W\u00e4hlen Sie die Art der Sortierung.\u00a0 Gehen Sie oben in der Men\u00fczeile auf Liste. W\u00e4hlen Sie &#8222;Offen Postenliste&#8220;<\/p>\n","protected":false},"author":1,"featured_media":0,"parent":0,"menu_order":0,"comment_status":"closed","ping_status":"closed","template":"","meta":{"footnotes":""},"class_list":["post-106","page","type-page","status-publish","hentry"],"_links":{"self":[{"href":"https:\/\/handbuch.sdigroup.de\/hdm\/index.php\/wp-json\/wp\/v2\/pages\/106","targetHints":{"allow":["GET"]}}],"collection":[{"href":"https:\/\/handbuch.sdigroup.de\/hdm\/index.php\/wp-json\/wp\/v2\/pages"}],"about":[{"href":"https:\/\/handbuch.sdigroup.de\/hdm\/index.php\/wp-json\/wp\/v2\/types\/page"}],"author":[{"embeddable":true,"href":"https:\/\/handbuch.sdigroup.de\/hdm\/index.php\/wp-json\/wp\/v2\/users\/1"}],"replies":[{"embeddable":true,"href":"https:\/\/handbuch.sdigroup.de\/hdm\/index.php\/wp-json\/wp\/v2\/comments?post=106"}],"version-history":[{"count":8,"href":"https:\/\/handbuch.sdigroup.de\/hdm\/index.php\/wp-json\/wp\/v2\/pages\/106\/revisions"}],"predecessor-version":[{"id":1403,"href":"https:\/\/handbuch.sdigroup.de\/hdm\/index.php\/wp-json\/wp\/v2\/pages\/106\/revisions\/1403"}],"wp:attachment":[{"href":"https:\/\/handbuch.sdigroup.de\/hdm\/index.php\/wp-json\/wp\/v2\/media?parent=106"}],"curies":[{"name":"wp","href":"https:\/\/api.w.org\/{rel}","templated":true}]}}